{"id":26157,"date":"2025-09-30T23:56:06","date_gmt":"2025-09-30T21:56:06","guid":{"rendered":"https:\/\/shop.proquipgolf.eu\/?post_type=product&#038;p=26157"},"modified":"2026-04-03T12:03:56","modified_gmt":"2026-04-03T10:03:56","slug":"proquip-crystal-damen-golf-sweatshirt-mit-reisverschluss-lime-kopirovat","status":"publish","type":"product","link":"https:\/\/shop.proquipgolf.eu\/de\/produkt\/proquip-crystal-damen-golf-sweatshirt-mit-reisverschluss-lime-kopirovat\/","title":{"rendered":"ProQuip CRYSTAL Damen Golf Sweatshirt mit Rei\u00dfverschluss &#8211; blau\/azurblau"},"content":{"rendered":"<p>Funktionelles Sweatshirt mit Rei\u00dfverschluss aus einem einzigartig weichen &#8220;Cotton Feel&#8221;-Material. Die Kombination aus hochwertigem Polyester und technischem Stretchgewebe mit perfekter Passform sorgt f\u00fcr optimale Bewegungsfreiheit beim Schwung.<\/p>\n<p>Hervorragende Atmungsaktivit\u00e4t mit idealen feuchtigkeitsableitenden Eigenschaften, antibakterielle Behandlung zur Neutralisierung von Schwei\u00df und UV-Schutz.<\/p>\n<p>Maximaler Komfort wird durch einzigartige funktionelle Eigenschaften auch bei Verwendung zus\u00e4tzlicher Schichten gew\u00e4hrleistet.<\/p>\n<p>Gr\u00f6\u00dfen XS-XXL<br \/>\n80% Polyester\/20% Elasthan<\/p>\n","protected":false},"excerpt":{"rendered":"<p><strong>Merkmale und Vorteile<\/strong><\/p>\n<p>&#8211; Leichtes und weiches Material<br \/>\n&#8211; Technologie <em><strong>Feuchtigkeitsabtransport<\/strong><\/em> (aktiver Feuchtigkeitstransport)<br \/>\n&#8211; Darmgewebe <em><strong>4-Wege<\/strong><\/em> f\u00fcr optimale Bewegungsfreiheit<br \/>\n&#8211; antibakteriell<br \/>\n&#8211; UV-Schutz <em><strong>UPF 50+<\/strong><\/em><br \/>\n&#8211; Knitterfreies Material f\u00fcr den perfekten Look<\/p>\n<p><strong>Andere Farbvarianten<\/strong><\/p>\n<p><a href=\"https:\/\/shop.proquipgolf.eu\/de\/?post_type=product&amp;p=26183\"><img decoding=\"async\" class=\"alignnone wp-image-18328\" src=\"https:\/\/shop.proquipgolf.eu\/wp-content\/uploads\/2025\/10\/CRYSTAL_NAVYYELLOW_1.jpg\" alt=\"\" width=\"106\" height=\"129\" \/><\/a><a href=\"https:\/\/shop.proquipgolf.eu\/de\/?post_type=product&amp;p=24199\"><img decoding=\"async\" class=\"alignnone wp-image-17766\" src=\"https:\/\/shop.proquipgolf.eu\/wp-content\/uploads\/2025\/06\/CRYSTAL_BLUE_1.jpg\" alt=\"\" width=\"106\" height=\"129\" \/><\/a><a href=\"https:\/\/shop.proquipgolf.eu\/de\/?post_type=product&amp;p=24227\"><img decoding=\"async\" class=\"alignnone wp-image-17766\" src=\"https:\/\/shop.proquipgolf.eu\/wp-content\/uploads\/2025\/06\/CRYSTAL_YELLOW_1.jpg\" alt=\"\" width=\"106\" height=\"129\" \/><\/a><\/p>\n","protected":false},"featured_media":26165,"comment_status":"open","ping_status":"closed","template":"","meta":{"inline_featured_image":false},"product_brand":[473],"product_cat":[341,351],"product_tag":[357,360,356,354],"class_list":{"0":"post-26157","1":"product","2":"type-product","3":"status-publish","4":"has-post-thumbnail","6":"product_brand-proquip","7":"product_cat-frauen","8":"product_cat-sweatshirts-de","9":"product_tag-damen-sweatshirt","10":"product_tag-kirsty-de","11":"product_tag-midlayer-de","12":"product_tag-proquip-de","13":"pa_dle-pocasi-der-wind","14":"pa_dle-pocasi-kalt","15":"pa_velikost-l-de","16":"pa_velikost-m-de","17":"pa_velikost-s-de","18":"pa_velikost-xl-de","19":"pa_velikost-xs-de","20":"pa_velikost-xxl-de","21":"pa_vrstva-ausere-mittelschicht","23":"first","24":"instock","25":"taxable","26":"shipping-taxable","27":"purchasable","28":"product-type-variable"},"yoast_head":"<!-- This site is optimized with the Yoast SEO plugin v26.4 - https:\/\/yoast.com\/wordpress\/plugins\/seo\/ -->\n<title>ProQuip CRYSTAL Damen Golf Sweatshirt mit Rei\u00dfverschluss - blau\/azurblau - ProQuip Golf<\/title>\n<meta name=\"description\" content=\"Funktionelles Sweatshirt mit Rei\u00dfverschluss aus einem einzigartig weichen &quot;Cotton Feel&quot;-Material. Kombination aus hochwertigem Polyester und technischem Stretchgewebe mit perfekter Passform\" \/>\n<meta name=\"robots\" content=\"index, follow, max-snippet:-1, max-image-preview:large, max-video-preview:-1\" \/>\n<link rel=\"canonical\" href=\"https:\/\/shop.proquipgolf.eu\/de\/produkt\/proquip-crystal-damen-golf-sweatshirt-mit-reisverschluss-lime-kopirovat\/\" \/>\n<meta property=\"og:locale\" content=\"de_DE\" \/>\n<meta property=\"og:type\" content=\"article\" \/>\n<meta property=\"og:title\" content=\"ProQuip CRYSTAL Damen Golf Sweatshirt mit Rei\u00dfverschluss - blau\/azurblau - ProQuip Golf\" \/>\n<meta property=\"og:description\" content=\"Funktionelles Sweatshirt mit Rei\u00dfverschluss aus einem einzigartig weichen &quot;Cotton Feel&quot;-Material. Kombination aus hochwertigem Polyester und technischem Stretchgewebe mit perfekter Passform\" \/>\n<meta property=\"og:url\" content=\"https:\/\/shop.proquipgolf.eu\/de\/produkt\/proquip-crystal-damen-golf-sweatshirt-mit-reisverschluss-lime-kopirovat\/\" \/>\n<meta property=\"og:site_name\" content=\"ProQuip Golf\" \/>\n<meta property=\"article:modified_time\" content=\"2026-04-03T10:03:56+00:00\" \/>\n<meta property=\"og:image\" content=\"https:\/\/shop.proquipgolf.eu\/wp-content\/uploads\/2025\/09\/CRYSTAL_NAVYBLUE_1.jpg\" \/>\n\t<meta property=\"og:image:width\" content=\"1232\" \/>\n\t<meta property=\"og:image:height\" content=\"1500\" \/>\n\t<meta property=\"og:image:type\" content=\"image\/jpeg\" \/>\n<meta name=\"twitter:card\" content=\"summary_large_image\" \/>\n<meta name=\"twitter:label1\" content=\"Gesch\u00e4tzte Lesezeit\" \/>\n\t<meta name=\"twitter:data1\" content=\"1\u00a0Minute\" \/>\n<script type=\"application\/ld+json\" class=\"yoast-schema-graph\">{\"@context\":\"https:\/\/schema.org\",\"@graph\":[{\"@type\":\"WebPage\",\"@id\":\"https:\/\/shop.proquipgolf.eu\/de\/produkt\/proquip-crystal-damen-golf-sweatshirt-mit-reisverschluss-lime-kopirovat\/\",\"url\":\"https:\/\/shop.proquipgolf.eu\/de\/produkt\/proquip-crystal-damen-golf-sweatshirt-mit-reisverschluss-lime-kopirovat\/\",\"name\":\"ProQuip CRYSTAL Damen Golf Sweatshirt mit Rei\u00dfverschluss - blau\/azurblau - ProQuip Golf\",\"isPartOf\":{\"@id\":\"https:\/\/shop.proquipgolf.eu\/de\/#website\"},\"primaryImageOfPage\":{\"@id\":\"https:\/\/shop.proquipgolf.eu\/de\/produkt\/proquip-crystal-damen-golf-sweatshirt-mit-reisverschluss-lime-kopirovat\/#primaryimage\"},\"image\":{\"@id\":\"https:\/\/shop.proquipgolf.eu\/de\/produkt\/proquip-crystal-damen-golf-sweatshirt-mit-reisverschluss-lime-kopirovat\/#primaryimage\"},\"thumbnailUrl\":\"https:\/\/shop.proquipgolf.eu\/wp-content\/uploads\/2025\/09\/CRYSTAL_NAVYBLUE_1.jpg\",\"datePublished\":\"2025-09-30T21:56:06+00:00\",\"dateModified\":\"2026-04-03T10:03:56+00:00\",\"description\":\"Funktionelles Sweatshirt mit Rei\u00dfverschluss aus einem einzigartig weichen \\\"Cotton Feel\\\"-Material. Kombination aus hochwertigem Polyester und technischem Stretchgewebe mit perfekter Passform\",\"breadcrumb\":{\"@id\":\"https:\/\/shop.proquipgolf.eu\/de\/produkt\/proquip-crystal-damen-golf-sweatshirt-mit-reisverschluss-lime-kopirovat\/#breadcrumb\"},\"inLanguage\":\"de\",\"potentialAction\":[{\"@type\":\"ReadAction\",\"target\":[\"https:\/\/shop.proquipgolf.eu\/de\/produkt\/proquip-crystal-damen-golf-sweatshirt-mit-reisverschluss-lime-kopirovat\/\"]}]},{\"@type\":\"ImageObject\",\"inLanguage\":\"de\",\"@id\":\"https:\/\/shop.proquipgolf.eu\/de\/produkt\/proquip-crystal-damen-golf-sweatshirt-mit-reisverschluss-lime-kopirovat\/#primaryimage\",\"url\":\"https:\/\/shop.proquipgolf.eu\/wp-content\/uploads\/2025\/09\/CRYSTAL_NAVYBLUE_1.jpg\",\"contentUrl\":\"https:\/\/shop.proquipgolf.eu\/wp-content\/uploads\/2025\/09\/CRYSTAL_NAVYBLUE_1.jpg\",\"width\":1232,\"height\":1500},{\"@type\":\"BreadcrumbList\",\"@id\":\"https:\/\/shop.proquipgolf.eu\/de\/produkt\/proquip-crystal-damen-golf-sweatshirt-mit-reisverschluss-lime-kopirovat\/#breadcrumb\",\"itemListElement\":[{\"@type\":\"ListItem\",\"position\":1,\"name\":\"Dom\u016f\",\"item\":\"https:\/\/shop.proquipgolf.eu\/de\/\"},{\"@type\":\"ListItem\",\"position\":2,\"name\":\"Shop\",\"item\":\"https:\/\/shop.proquipgolf.eu\/de\/shop-2\/\"},{\"@type\":\"ListItem\",\"position\":3,\"name\":\"ProQuip CRYSTAL Damen Golf Sweatshirt mit Rei\u00dfverschluss &#8211; blau\/azurblau\"}]},{\"@type\":\"WebSite\",\"@id\":\"https:\/\/shop.proquipgolf.eu\/de\/#website\",\"url\":\"https:\/\/shop.proquipgolf.eu\/de\/\",\"name\":\"ProQuip Golf\",\"description\":\"Nejodoln\u011bj\u0161\u00ed golfov\u00e9 oble\u010den\u00ed s do\u017eivotn\u00ed garanc\u00ed\",\"potentialAction\":[{\"@type\":\"SearchAction\",\"target\":{\"@type\":\"EntryPoint\",\"urlTemplate\":\"https:\/\/shop.proquipgolf.eu\/de\/?s={search_term_string}\"},\"query-input\":{\"@type\":\"PropertyValueSpecification\",\"valueRequired\":true,\"valueName\":\"search_term_string\"}}],\"inLanguage\":\"de\"}]}<\/script>\n<!-- \/ Yoast SEO plugin. -->","yoast_head_json":{"title":"ProQuip CRYSTAL Damen Golf Sweatshirt mit Rei\u00dfverschluss - blau\/azurblau - ProQuip Golf","description":"Funktionelles Sweatshirt mit Rei\u00dfverschluss aus einem einzigartig weichen \"Cotton Feel\"-Material. Kombination aus hochwertigem Polyester und technischem Stretchgewebe mit perfekter Passform","robots":{"index":"index","follow":"follow","max-snippet":"max-snippet:-1","max-image-preview":"max-image-preview:large","max-video-preview":"max-video-preview:-1"},"canonical":"https:\/\/shop.proquipgolf.eu\/de\/produkt\/proquip-crystal-damen-golf-sweatshirt-mit-reisverschluss-lime-kopirovat\/","og_locale":"de_DE","og_type":"article","og_title":"ProQuip CRYSTAL Damen Golf Sweatshirt mit Rei\u00dfverschluss - blau\/azurblau - ProQuip Golf","og_description":"Funktionelles Sweatshirt mit Rei\u00dfverschluss aus einem einzigartig weichen \"Cotton Feel\"-Material. Kombination aus hochwertigem Polyester und technischem Stretchgewebe mit perfekter Passform","og_url":"https:\/\/shop.proquipgolf.eu\/de\/produkt\/proquip-crystal-damen-golf-sweatshirt-mit-reisverschluss-lime-kopirovat\/","og_site_name":"ProQuip Golf","article_modified_time":"2026-04-03T10:03:56+00:00","og_image":[{"width":1232,"height":1500,"url":"https:\/\/shop.proquipgolf.eu\/wp-content\/uploads\/2025\/09\/CRYSTAL_NAVYBLUE_1.jpg","type":"image\/jpeg"}],"twitter_card":"summary_large_image","twitter_misc":{"Gesch\u00e4tzte Lesezeit":"1\u00a0Minute"},"schema":{"@context":"https:\/\/schema.org","@graph":[{"@type":"WebPage","@id":"https:\/\/shop.proquipgolf.eu\/de\/produkt\/proquip-crystal-damen-golf-sweatshirt-mit-reisverschluss-lime-kopirovat\/","url":"https:\/\/shop.proquipgolf.eu\/de\/produkt\/proquip-crystal-damen-golf-sweatshirt-mit-reisverschluss-lime-kopirovat\/","name":"ProQuip CRYSTAL Damen Golf Sweatshirt mit Rei\u00dfverschluss - blau\/azurblau - ProQuip Golf","isPartOf":{"@id":"https:\/\/shop.proquipgolf.eu\/de\/#website"},"primaryImageOfPage":{"@id":"https:\/\/shop.proquipgolf.eu\/de\/produkt\/proquip-crystal-damen-golf-sweatshirt-mit-reisverschluss-lime-kopirovat\/#primaryimage"},"image":{"@id":"https:\/\/shop.proquipgolf.eu\/de\/produkt\/proquip-crystal-damen-golf-sweatshirt-mit-reisverschluss-lime-kopirovat\/#primaryimage"},"thumbnailUrl":"https:\/\/shop.proquipgolf.eu\/wp-content\/uploads\/2025\/09\/CRYSTAL_NAVYBLUE_1.jpg","datePublished":"2025-09-30T21:56:06+00:00","dateModified":"2026-04-03T10:03:56+00:00","description":"Funktionelles Sweatshirt mit Rei\u00dfverschluss aus einem einzigartig weichen \"Cotton Feel\"-Material. Kombination aus hochwertigem Polyester und technischem Stretchgewebe mit perfekter Passform","breadcrumb":{"@id":"https:\/\/shop.proquipgolf.eu\/de\/produkt\/proquip-crystal-damen-golf-sweatshirt-mit-reisverschluss-lime-kopirovat\/#breadcrumb"},"inLanguage":"de","potentialAction":[{"@type":"ReadAction","target":["https:\/\/shop.proquipgolf.eu\/de\/produkt\/proquip-crystal-damen-golf-sweatshirt-mit-reisverschluss-lime-kopirovat\/"]}]},{"@type":"ImageObject","inLanguage":"de","@id":"https:\/\/shop.proquipgolf.eu\/de\/produkt\/proquip-crystal-damen-golf-sweatshirt-mit-reisverschluss-lime-kopirovat\/#primaryimage","url":"https:\/\/shop.proquipgolf.eu\/wp-content\/uploads\/2025\/09\/CRYSTAL_NAVYBLUE_1.jpg","contentUrl":"https:\/\/shop.proquipgolf.eu\/wp-content\/uploads\/2025\/09\/CRYSTAL_NAVYBLUE_1.jpg","width":1232,"height":1500},{"@type":"BreadcrumbList","@id":"https:\/\/shop.proquipgolf.eu\/de\/produkt\/proquip-crystal-damen-golf-sweatshirt-mit-reisverschluss-lime-kopirovat\/#breadcrumb","itemListElement":[{"@type":"ListItem","position":1,"name":"Dom\u016f","item":"https:\/\/shop.proquipgolf.eu\/de\/"},{"@type":"ListItem","position":2,"name":"Shop","item":"https:\/\/shop.proquipgolf.eu\/de\/shop-2\/"},{"@type":"ListItem","position":3,"name":"ProQuip CRYSTAL Damen Golf Sweatshirt mit Rei\u00dfverschluss &#8211; blau\/azurblau"}]},{"@type":"WebSite","@id":"https:\/\/shop.proquipgolf.eu\/de\/#website","url":"https:\/\/shop.proquipgolf.eu\/de\/","name":"ProQuip Golf","description":"Nejodoln\u011bj\u0161\u00ed golfov\u00e9 oble\u010den\u00ed s do\u017eivotn\u00ed garanc\u00ed","potentialAction":[{"@type":"SearchAction","target":{"@type":"EntryPoint","urlTemplate":"https:\/\/shop.proquipgolf.eu\/de\/?s={search_term_string}"},"query-input":{"@type":"PropertyValueSpecification","valueRequired":true,"valueName":"search_term_string"}}],"inLanguage":"de"}]}},"_links":{"self":[{"href":"https:\/\/shop.proquipgolf.eu\/de\/wp-json\/wp\/v2\/product\/26157","targetHints":{"allow":["GET"]}}],"collection":[{"href":"https:\/\/shop.proquipgolf.eu\/de\/wp-json\/wp\/v2\/product"}],"about":[{"href":"https:\/\/shop.proquipgolf.eu\/de\/wp-json\/wp\/v2\/types\/product"}],"replies":[{"embeddable":true,"href":"https:\/\/shop.proquipgolf.eu\/de\/wp-json\/wp\/v2\/comments?post=26157"}],"wp:featuredmedia":[{"embeddable":true,"href":"https:\/\/shop.proquipgolf.eu\/de\/wp-json\/wp\/v2\/media\/26165"}],"wp:attachment":[{"href":"https:\/\/shop.proquipgolf.eu\/de\/wp-json\/wp\/v2\/media?parent=26157"}],"wp:term":[{"taxonomy":"product_brand","embeddable":true,"href":"https:\/\/shop.proquipgolf.eu\/de\/wp-json\/wp\/v2\/product_brand?post=26157"},{"taxonomy":"product_cat","embeddable":true,"href":"https:\/\/shop.proquipgolf.eu\/de\/wp-json\/wp\/v2\/product_cat?post=26157"},{"taxonomy":"product_tag","embeddable":true,"href":"https:\/\/shop.proquipgolf.eu\/de\/wp-json\/wp\/v2\/product_tag?post=26157"}],"curies":[{"name":"wp","href":"https:\/\/api.w.org\/{rel}","templated":true}]}}