{"id":25998,"date":"2025-09-28T21:44:06","date_gmt":"2025-09-28T19:44:06","guid":{"rendered":"https:\/\/shop.proquipgolf.eu\/?post_type=product&#038;p=25998"},"modified":"2026-04-03T12:04:12","modified_gmt":"2026-04-03T10:04:12","slug":"proquip-pro-tech-herren-golf-poloshirt-blau-kopirovat","status":"publish","type":"product","link":"https:\/\/shop.proquipgolf.eu\/de\/produkt\/proquip-pro-tech-herren-golf-poloshirt-blau-kopirovat\/","title":{"rendered":"ProQuip PRO-TECH Herren Golf Poloshirt &#8211; dunkelblau"},"content":{"rendered":"<p>Technisches Funktionspoloshirt mit UV-Schutz und idealen feuchtigkeitstransportierenden Eigenschaften.<\/p>\n<p>Die Kombination aus hochwertigem Polyester und technischem Stretchgewebe mit perfekter Passform sorgt f\u00fcr optimale Bewegungsfreiheit beim Schwung.<\/p>\n<p>Maximaler Komfort wird durch die einzigartigen Funktionseigenschaften auch bei der Verwendung zus\u00e4tzlicher Schichten gew\u00e4hrleistet.<\/p>\n","protected":false},"excerpt":{"rendered":"<p>&#8211; 100% Funktionspolyester<br \/>\n&#8211; aktiver Feuchtigkeitstransport<br \/>\n&#8211; Bauchgewebe f\u00fcr optimale Bewegungsfreiheit<br \/>\n&#8211; UV-Schutz<br \/>\n&#8211; perfekte Atmungsaktivit\u00e4t<br \/>\n&#8211; ideal f\u00fcr Firmen-\/Vereinsbranding<\/p>\n<p><strong>Andere Farbvarianten<\/strong><\/p>\n<p><a href=\"https:\/\/shop.proquipgolf.eu\/de\/produkt\/damen-golf-poloshirt-proquip-pro-tech-azurblau-kopirovat\/\"><img decoding=\"async\" class=\"alignnone wp-image-17766\" src=\"https:\/\/shop.proquipgolf.eu\/wp-content\/uploads\/2025\/02\/PQGPS-04-SOLID-PIQUE-MARITIME-BLUE-1.jpg\" alt=\"\" width=\"106\" height=\"129\" \/><\/a><a href=\"https:\/\/shop.proquipgolf.eu\/de\/produkt\/damen-golf-poloshirt-proquip-pro-tech-azurblau-kopirovat-kopirovat\/\"><img decoding=\"async\" class=\"alignnone wp-image-17766\" src=\"https:\/\/shop.proquipgolf.eu\/wp-content\/uploads\/2025\/02\/PQGPS-SUN_1.jpg\" alt=\"\" width=\"106\" height=\"129\" \/><\/a><a href=\"https:\/\/shop.proquipgolf.eu\/de\/produkt\/damen-golf-poloshirt-proquip-pro-tech-azurblau-kopirovat-kopirovat-kopirovat-3\/\"><img decoding=\"async\" class=\"alignnone wp-image-17766\" src=\"https:\/\/shop.proquipgolf.eu\/wp-content\/uploads\/2025\/02\/PQGPS-04-SOLID-PIQUE-WHITE.jpg\" alt=\"\" width=\"106\" height=\"129\" \/><\/a><a href=\"https:\/\/shop.proquipgolf.eu\/de\/produkt\/damen-golf-poloshirt-proquip-pro-tech-azurblau-kopirovat-kopirovat-kopirovat-kopirovat-kopirovat\/\"><img loading=\"lazy\" decoding=\"async\" class=\"alignnone wp-image-17766\" src=\"https:\/\/shop.proquipgolf.eu\/wp-content\/uploads\/2025\/02\/PQGPS-04-SOLID-PIQUE-AZURE-BLUE.jpg\" alt=\"\" width=\"106\" height=\"129\" \/><\/a><a href=\"https:\/\/shop.proquipgolf.eu\/de\/produkt\/damen-golf-poloshirt-proquip-pro-tech-azurblau-kopirovat-kopirovat-kopirovat-kopirovat-2\/\"><img loading=\"lazy\" decoding=\"async\" class=\"alignnone wp-image-17766\" src=\"https:\/\/shop.proquipgolf.eu\/wp-content\/uploads\/2025\/02\/PQGPS-04-SOLID-PIQUE-CRIMSON-RED.jpg\" alt=\"\" width=\"106\" height=\"129\" \/><\/a><a href=\"https:\/\/shop.proquipgolf.eu\/de\/produkt\/damen-golf-poloshirt-proquip-pro-tech-azurblau-kopirovat-kopirovat-kopirovat\/\"><img loading=\"lazy\" decoding=\"async\" class=\"alignnone wp-image-17766\" src=\"https:\/\/shop.proquipgolf.eu\/wp-content\/uploads\/2025\/02\/PQGPS-04-SOLID-PIQUE-CANARY-YELLOW.jpg\" alt=\"\" width=\"106\" height=\"129\" \/><\/a><a href=\"https:\/\/shop.proquipgolf.eu\/de\/produkt\/damen-golf-poloshirt-proquip-pro-tech-azurblau-kopirovat-kopirovat-kopirovat-4\/\"><img loading=\"lazy\" decoding=\"async\" class=\"alignnone wp-image-17766\" src=\"https:\/\/shop.proquipgolf.eu\/wp-content\/uploads\/2025\/02\/PQGPQS4_CORSAIR_1.jpg\" alt=\"\" width=\"106\" height=\"129\" \/><\/a><a href=\"https:\/\/shop.proquipgolf.eu\/de\/?post_type=product&amp;p=23750\"><img loading=\"lazy\" decoding=\"async\" class=\"alignnone wp-image-17766\" src=\"https:\/\/shop.proquipgolf.eu\/wp-content\/uploads\/2025\/06\/PQGPS-SHGPNK_1.jpg\" alt=\"\" width=\"106\" height=\"129\" \/><\/a><a href=\"https:\/\/shop.proquipgolf.eu\/de\/produkt\/damen-golf-poloshirt-proquip-pro-tech-azurblau-kopirovat-kopirovat-kopirovat-kopirovat-kopirovat-2\/\"><img loading=\"lazy\" decoding=\"async\" class=\"alignnone wp-image-17766\" src=\"https:\/\/shop.proquipgolf.eu\/wp-content\/uploads\/2025\/02\/PQGPQS4_QUIET-SHADOW_1.jpg\" alt=\"\" width=\"106\" height=\"129\" \/><\/a><a href=\"https:\/\/shop.proquipgolf.eu\/de\/?post_type=product&amp;p=23841&amp;v=9c049173fad5\"><img loading=\"lazy\" decoding=\"async\" class=\"alignnone wp-image-17766\" src=\"https:\/\/shop.proquipgolf.eu\/wp-content\/uploads\/2025\/06\/PQGPS04-POLO-BEGONIA-PINK_1.jpg\" alt=\"\" width=\"106\" height=\"129\" \/><\/a><a href=\"https:\/\/shop.proquipgolf.eu\/de\/?post_type=product&amp;p=23864&amp;v=9c049173fad5\"><img loading=\"lazy\" decoding=\"async\" class=\"alignnone wp-image-17766\" src=\"https:\/\/shop.proquipgolf.eu\/wp-content\/uploads\/2025\/06\/PQGPS04-POLO-CAHMERE-BLUE_1.jpg\" alt=\"\" width=\"106\" height=\"129\" \/><\/a><a href=\"https:\/\/shop.proquipgolf.eu\/de\/?post_type=product&amp;p=23891&amp;v=9c049173fad5\"><img loading=\"lazy\" decoding=\"async\" class=\"alignnone wp-image-17766\" src=\"https:\/\/shop.proquipgolf.eu\/wp-content\/uploads\/2025\/06\/PQGPS04-POLO-RACING_1.jpg\" alt=\"\" width=\"106\" height=\"129\" \/><\/a><\/p>\n<p><strong><em>* Bei diesem Modell empfehlen wir Ihnen, eine Gr\u00f6\u00dfe kleiner zu w\u00e4hlen als Sie es normalerweise gewohnt sind.<\/em><\/strong><\/p>\n","protected":false},"featured_media":26006,"comment_status":"open","ping_status":"closed","template":"","meta":{"inline_featured_image":false},"product_brand":[473],"product_cat":[338,355],"product_tag":[],"class_list":{"0":"post-25998","1":"product","2":"type-product","3":"status-publish","4":"has-post-thumbnail","6":"product_brand-proquip","7":"product_cat-manner","8":"product_cat-poloshirts","9":"pa_dle-pocasi-warme","10":"pa_velikost-l-de","11":"pa_velikost-m-de","12":"pa_velikost-s-de","13":"pa_velikost-xl-de","14":"pa_velikost-xxl-de","15":"pa_velikost-xxxl-de","16":"pa_vrstva-basisschicht","18":"first","19":"instock","20":"taxable","21":"shipping-taxable","22":"purchasable","23":"product-type-variable"},"yoast_head":"<!-- This site is optimized with the Yoast SEO plugin v26.4 - https:\/\/yoast.com\/wordpress\/plugins\/seo\/ -->\n<title>ProQuip PRO-TECH Herren Golf Poloshirt - dunkelblau<\/title>\n<meta name=\"description\" content=\"Technisches Funktions-Poloshirt mit UV-Schutz und idealen feuchtigkeitstransportierenden Eigenschaften. Kombination aus hochwertigem Polyester und technischem Stretchgewebe\" \/>\n<meta name=\"robots\" content=\"index, follow, max-snippet:-1, max-image-preview:large, max-video-preview:-1\" \/>\n<link rel=\"canonical\" href=\"https:\/\/shop.proquipgolf.eu\/de\/produkt\/proquip-pro-tech-herren-golf-poloshirt-blau-kopirovat\/\" \/>\n<meta property=\"og:locale\" content=\"de_DE\" \/>\n<meta property=\"og:type\" content=\"article\" \/>\n<meta property=\"og:title\" content=\"ProQuip PRO-TECH Herren Golf Poloshirt - dunkelblau\" \/>\n<meta property=\"og:description\" content=\"Technisches Funktions-Poloshirt mit UV-Schutz und idealen feuchtigkeitstransportierenden Eigenschaften. Kombination aus hochwertigem Polyester und technischem Stretchgewebe\" \/>\n<meta property=\"og:url\" content=\"https:\/\/shop.proquipgolf.eu\/de\/produkt\/proquip-pro-tech-herren-golf-poloshirt-blau-kopirovat\/\" \/>\n<meta property=\"og:site_name\" content=\"ProQuip Golf\" \/>\n<meta property=\"article:modified_time\" content=\"2026-04-03T10:04:12+00:00\" \/>\n<meta property=\"og:image\" content=\"https:\/\/shop.proquipgolf.eu\/wp-content\/uploads\/2025\/09\/PQGPS-04-SOLID-PIQUE-NAVY-2.jpg\" \/>\n\t<meta property=\"og:image:width\" content=\"1232\" \/>\n\t<meta property=\"og:image:height\" content=\"1500\" \/>\n\t<meta property=\"og:image:type\" content=\"image\/jpeg\" \/>\n<meta name=\"twitter:card\" content=\"summary_large_image\" \/>\n<meta name=\"twitter:label1\" content=\"Gesch\u00e4tzte Lesezeit\" \/>\n\t<meta name=\"twitter:data1\" content=\"1\u00a0Minute\" \/>\n<script type=\"application\/ld+json\" class=\"yoast-schema-graph\">{\"@context\":\"https:\/\/schema.org\",\"@graph\":[{\"@type\":\"WebPage\",\"@id\":\"https:\/\/shop.proquipgolf.eu\/de\/produkt\/proquip-pro-tech-herren-golf-poloshirt-blau-kopirovat\/\",\"url\":\"https:\/\/shop.proquipgolf.eu\/de\/produkt\/proquip-pro-tech-herren-golf-poloshirt-blau-kopirovat\/\",\"name\":\"ProQuip PRO-TECH Herren Golf Poloshirt - dunkelblau\",\"isPartOf\":{\"@id\":\"https:\/\/shop.proquipgolf.eu\/de\/#website\"},\"primaryImageOfPage\":{\"@id\":\"https:\/\/shop.proquipgolf.eu\/de\/produkt\/proquip-pro-tech-herren-golf-poloshirt-blau-kopirovat\/#primaryimage\"},\"image\":{\"@id\":\"https:\/\/shop.proquipgolf.eu\/de\/produkt\/proquip-pro-tech-herren-golf-poloshirt-blau-kopirovat\/#primaryimage\"},\"thumbnailUrl\":\"https:\/\/shop.proquipgolf.eu\/wp-content\/uploads\/2025\/09\/PQGPS-04-SOLID-PIQUE-NAVY-2.jpg\",\"datePublished\":\"2025-09-28T19:44:06+00:00\",\"dateModified\":\"2026-04-03T10:04:12+00:00\",\"description\":\"Technisches Funktions-Poloshirt mit UV-Schutz und idealen feuchtigkeitstransportierenden Eigenschaften. Kombination aus hochwertigem Polyester und technischem Stretchgewebe\",\"breadcrumb\":{\"@id\":\"https:\/\/shop.proquipgolf.eu\/de\/produkt\/proquip-pro-tech-herren-golf-poloshirt-blau-kopirovat\/#breadcrumb\"},\"inLanguage\":\"de\",\"potentialAction\":[{\"@type\":\"ReadAction\",\"target\":[\"https:\/\/shop.proquipgolf.eu\/de\/produkt\/proquip-pro-tech-herren-golf-poloshirt-blau-kopirovat\/\"]}]},{\"@type\":\"ImageObject\",\"inLanguage\":\"de\",\"@id\":\"https:\/\/shop.proquipgolf.eu\/de\/produkt\/proquip-pro-tech-herren-golf-poloshirt-blau-kopirovat\/#primaryimage\",\"url\":\"https:\/\/shop.proquipgolf.eu\/wp-content\/uploads\/2025\/09\/PQGPS-04-SOLID-PIQUE-NAVY-2.jpg\",\"contentUrl\":\"https:\/\/shop.proquipgolf.eu\/wp-content\/uploads\/2025\/09\/PQGPS-04-SOLID-PIQUE-NAVY-2.jpg\",\"width\":1232,\"height\":1500,\"caption\":\"upload via cloudHQ\"},{\"@type\":\"BreadcrumbList\",\"@id\":\"https:\/\/shop.proquipgolf.eu\/de\/produkt\/proquip-pro-tech-herren-golf-poloshirt-blau-kopirovat\/#breadcrumb\",\"itemListElement\":[{\"@type\":\"ListItem\",\"position\":1,\"name\":\"Dom\u016f\",\"item\":\"https:\/\/shop.proquipgolf.eu\/de\/\"},{\"@type\":\"ListItem\",\"position\":2,\"name\":\"Shop\",\"item\":\"https:\/\/shop.proquipgolf.eu\/de\/shop-2\/\"},{\"@type\":\"ListItem\",\"position\":3,\"name\":\"ProQuip PRO-TECH Herren Golf Poloshirt &#8211; dunkelblau\"}]},{\"@type\":\"WebSite\",\"@id\":\"https:\/\/shop.proquipgolf.eu\/de\/#website\",\"url\":\"https:\/\/shop.proquipgolf.eu\/de\/\",\"name\":\"ProQuip Golf\",\"description\":\"Nejodoln\u011bj\u0161\u00ed golfov\u00e9 oble\u010den\u00ed s do\u017eivotn\u00ed garanc\u00ed\",\"potentialAction\":[{\"@type\":\"SearchAction\",\"target\":{\"@type\":\"EntryPoint\",\"urlTemplate\":\"https:\/\/shop.proquipgolf.eu\/de\/?s={search_term_string}\"},\"query-input\":{\"@type\":\"PropertyValueSpecification\",\"valueRequired\":true,\"valueName\":\"search_term_string\"}}],\"inLanguage\":\"de\"}]}<\/script>\n<!-- \/ Yoast SEO plugin. -->","yoast_head_json":{"title":"ProQuip PRO-TECH Herren Golf Poloshirt - dunkelblau","description":"Technisches Funktions-Poloshirt mit UV-Schutz und idealen feuchtigkeitstransportierenden Eigenschaften. Kombination aus hochwertigem Polyester und technischem Stretchgewebe","robots":{"index":"index","follow":"follow","max-snippet":"max-snippet:-1","max-image-preview":"max-image-preview:large","max-video-preview":"max-video-preview:-1"},"canonical":"https:\/\/shop.proquipgolf.eu\/de\/produkt\/proquip-pro-tech-herren-golf-poloshirt-blau-kopirovat\/","og_locale":"de_DE","og_type":"article","og_title":"ProQuip PRO-TECH Herren Golf Poloshirt - dunkelblau","og_description":"Technisches Funktions-Poloshirt mit UV-Schutz und idealen feuchtigkeitstransportierenden Eigenschaften. Kombination aus hochwertigem Polyester und technischem Stretchgewebe","og_url":"https:\/\/shop.proquipgolf.eu\/de\/produkt\/proquip-pro-tech-herren-golf-poloshirt-blau-kopirovat\/","og_site_name":"ProQuip Golf","article_modified_time":"2026-04-03T10:04:12+00:00","og_image":[{"width":1232,"height":1500,"url":"https:\/\/shop.proquipgolf.eu\/wp-content\/uploads\/2025\/09\/PQGPS-04-SOLID-PIQUE-NAVY-2.jpg","type":"image\/jpeg"}],"twitter_card":"summary_large_image","twitter_misc":{"Gesch\u00e4tzte Lesezeit":"1\u00a0Minute"},"schema":{"@context":"https:\/\/schema.org","@graph":[{"@type":"WebPage","@id":"https:\/\/shop.proquipgolf.eu\/de\/produkt\/proquip-pro-tech-herren-golf-poloshirt-blau-kopirovat\/","url":"https:\/\/shop.proquipgolf.eu\/de\/produkt\/proquip-pro-tech-herren-golf-poloshirt-blau-kopirovat\/","name":"ProQuip PRO-TECH Herren Golf Poloshirt - dunkelblau","isPartOf":{"@id":"https:\/\/shop.proquipgolf.eu\/de\/#website"},"primaryImageOfPage":{"@id":"https:\/\/shop.proquipgolf.eu\/de\/produkt\/proquip-pro-tech-herren-golf-poloshirt-blau-kopirovat\/#primaryimage"},"image":{"@id":"https:\/\/shop.proquipgolf.eu\/de\/produkt\/proquip-pro-tech-herren-golf-poloshirt-blau-kopirovat\/#primaryimage"},"thumbnailUrl":"https:\/\/shop.proquipgolf.eu\/wp-content\/uploads\/2025\/09\/PQGPS-04-SOLID-PIQUE-NAVY-2.jpg","datePublished":"2025-09-28T19:44:06+00:00","dateModified":"2026-04-03T10:04:12+00:00","description":"Technisches Funktions-Poloshirt mit UV-Schutz und idealen feuchtigkeitstransportierenden Eigenschaften. Kombination aus hochwertigem Polyester und technischem Stretchgewebe","breadcrumb":{"@id":"https:\/\/shop.proquipgolf.eu\/de\/produkt\/proquip-pro-tech-herren-golf-poloshirt-blau-kopirovat\/#breadcrumb"},"inLanguage":"de","potentialAction":[{"@type":"ReadAction","target":["https:\/\/shop.proquipgolf.eu\/de\/produkt\/proquip-pro-tech-herren-golf-poloshirt-blau-kopirovat\/"]}]},{"@type":"ImageObject","inLanguage":"de","@id":"https:\/\/shop.proquipgolf.eu\/de\/produkt\/proquip-pro-tech-herren-golf-poloshirt-blau-kopirovat\/#primaryimage","url":"https:\/\/shop.proquipgolf.eu\/wp-content\/uploads\/2025\/09\/PQGPS-04-SOLID-PIQUE-NAVY-2.jpg","contentUrl":"https:\/\/shop.proquipgolf.eu\/wp-content\/uploads\/2025\/09\/PQGPS-04-SOLID-PIQUE-NAVY-2.jpg","width":1232,"height":1500,"caption":"upload via cloudHQ"},{"@type":"BreadcrumbList","@id":"https:\/\/shop.proquipgolf.eu\/de\/produkt\/proquip-pro-tech-herren-golf-poloshirt-blau-kopirovat\/#breadcrumb","itemListElement":[{"@type":"ListItem","position":1,"name":"Dom\u016f","item":"https:\/\/shop.proquipgolf.eu\/de\/"},{"@type":"ListItem","position":2,"name":"Shop","item":"https:\/\/shop.proquipgolf.eu\/de\/shop-2\/"},{"@type":"ListItem","position":3,"name":"ProQuip PRO-TECH Herren Golf Poloshirt &#8211; dunkelblau"}]},{"@type":"WebSite","@id":"https:\/\/shop.proquipgolf.eu\/de\/#website","url":"https:\/\/shop.proquipgolf.eu\/de\/","name":"ProQuip Golf","description":"Nejodoln\u011bj\u0161\u00ed golfov\u00e9 oble\u010den\u00ed s do\u017eivotn\u00ed garanc\u00ed","potentialAction":[{"@type":"SearchAction","target":{"@type":"EntryPoint","urlTemplate":"https:\/\/shop.proquipgolf.eu\/de\/?s={search_term_string}"},"query-input":{"@type":"PropertyValueSpecification","valueRequired":true,"valueName":"search_term_string"}}],"inLanguage":"de"}]}},"_links":{"self":[{"href":"https:\/\/shop.proquipgolf.eu\/de\/wp-json\/wp\/v2\/product\/25998","targetHints":{"allow":["GET"]}}],"collection":[{"href":"https:\/\/shop.proquipgolf.eu\/de\/wp-json\/wp\/v2\/product"}],"about":[{"href":"https:\/\/shop.proquipgolf.eu\/de\/wp-json\/wp\/v2\/types\/product"}],"replies":[{"embeddable":true,"href":"https:\/\/shop.proquipgolf.eu\/de\/wp-json\/wp\/v2\/comments?post=25998"}],"wp:featuredmedia":[{"embeddable":true,"href":"https:\/\/shop.proquipgolf.eu\/de\/wp-json\/wp\/v2\/media\/26006"}],"wp:attachment":[{"href":"https:\/\/shop.proquipgolf.eu\/de\/wp-json\/wp\/v2\/media?parent=25998"}],"wp:term":[{"taxonomy":"product_brand","embeddable":true,"href":"https:\/\/shop.proquipgolf.eu\/de\/wp-json\/wp\/v2\/product_brand?post=25998"},{"taxonomy":"product_cat","embeddable":true,"href":"https:\/\/shop.proquipgolf.eu\/de\/wp-json\/wp\/v2\/product_cat?post=25998"},{"taxonomy":"product_tag","embeddable":true,"href":"https:\/\/shop.proquipgolf.eu\/de\/wp-json\/wp\/v2\/product_tag?post=25998"}],"curies":[{"name":"wp","href":"https:\/\/api.w.org\/{rel}","templated":true}]}}