{"id":25927,"date":"2025-08-05T18:09:03","date_gmt":"2025-08-05T16:09:03","guid":{"rendered":"https:\/\/shop.proquipgolf.eu\/?post_type=product&#038;p=25927"},"modified":"2026-04-03T13:07:03","modified_gmt":"2026-04-03T11:07:03","slug":"proquip-helm-herren-golf-steppjacke-marine-azur","status":"publish","type":"product","link":"https:\/\/shop.proquipgolf.eu\/de\/produkt\/proquip-helm-herren-golf-steppjacke-marine-azur\/","title":{"rendered":"ProQuip HELM Herren Golf Hybridjacke &#8211; blau"},"content":{"rendered":"<p><a href=\"https:\/\/shop.proquipgolf.eu\/wp-content\/uploads\/2024\/12\/HELMs.mp4\"><img fetchpriority=\"high\" decoding=\"async\" class=\"alignnone wp-image-21066 size-full\" src=\"https:\/\/shop.proquipgolf.eu\/wp-content\/uploads\/2024\/10\/HELM-vid.jpg\" alt=\"\" width=\"1500\" height=\"816\" srcset=\"https:\/\/shop.proquipgolf.eu\/wp-content\/uploads\/2024\/10\/HELM-vid.jpg 1500w, https:\/\/shop.proquipgolf.eu\/wp-content\/uploads\/2024\/10\/HELM-vid-595x324.jpg 595w, https:\/\/shop.proquipgolf.eu\/wp-content\/uploads\/2024\/10\/HELM-vid-1190x647.jpg 1190w, https:\/\/shop.proquipgolf.eu\/wp-content\/uploads\/2024\/10\/HELM-vid-768x418.jpg 768w, https:\/\/shop.proquipgolf.eu\/wp-content\/uploads\/2024\/10\/HELM-vid-350x190.jpg 350w, https:\/\/shop.proquipgolf.eu\/wp-content\/uploads\/2024\/10\/HELM-vid-680x370.jpg 680w\" sizes=\"(max-width: 1500px) 100vw, 1500px\" \/><\/a><\/p>\n<p>Eine modische und funktionelle Hybridjacke f\u00fcr Wind und K\u00e4lte mit einer \u00e4u\u00dferst strapazierf\u00e4higen Au\u00dfenschicht und einem isolierten Futter, das auf und neben dem Platz f\u00fcr zus\u00e4tzliche W\u00e4rme sorgt.<\/p>\n<p>Die \u00c4rmel, die H\u00fcfte und der R\u00fccken sind aus weichem, leistungsf\u00e4higem Stretchmaterial gefertigt, das perfekt auf das Drehmoment w\u00e4hrend des Schwungs reagiert und f\u00fcr absolute Bewegungsfreiheit sorgt.<\/p>\n<p>Fleecekragen sorgt f\u00fcr W\u00e4rme im Nackenbereich und die Innentaschen mit Rei\u00dfverschluss sind ideal, um eine Scorekarte oder einen Handschuh zu verstauen.<\/p>\n","protected":false},"excerpt":{"rendered":"<p><strong>NEU<\/strong><\/p>\n<p>&#8211; Hybrid-Thermojacke<br \/>\n&#8211; winddicht\/atmungsaktiv<br \/>\n&#8211; ultrawarmes Futter f\u00fcr zus\u00e4tzliche W\u00e4rme<br \/>\n&#8211; obere Schicht aus Feinstrick und gesteppten Eins\u00e4tzen<br \/>\n&#8211; leistungsf\u00e4higes Stretchmaterial <em><strong>4-Wege<\/strong><\/em> f\u00fcr absolute Bewegungsfreiheit<br \/>\n&#8211; isolierter, erh\u00f6hter Kragen<br \/>\n&#8211; Innentasche zur Aufbewahrung von Handschuhen oder Scorecards<\/p>\n<p><strong>Weitere Farboptionen<\/strong><\/p>\n<p><a href=\"https:\/\/shop.proquipgolf.eu\/de\/produkt\/proquip-therma-tour-jane-damen-golfjacke-schwarz-kopirovat-kopirovat-2\/\"><img decoding=\"async\" class=\"alignnone wp-image-18328\" src=\"https:\/\/shop.proquipgolf.eu\/wp-content\/uploads\/2024\/09\/HELM-JACKET_BLACK-3b.jpg\" alt=\"\" width=\"106\" height=\"129\" \/><\/a><a href=\"https:\/\/shop.proquipgolf.eu\/de\/produkt\/proquip-therma-tour-jane-damen-golfjacke-schwarz-kopirovat-kopirovat-kopirovat-kopirovat-kopirovat-6\/?v=9c049173fad5\"><img decoding=\"async\" class=\"alignnone wp-image-17766\" src=\"https:\/\/shop.proquipgolf.eu\/wp-content\/uploads\/2024\/09\/HELM-JACKET_BLACK_GREY-1.jpg\" alt=\"\" width=\"106\" height=\"129\" \/><\/a><a href=\"https:\/\/shop.proquipgolf.eu\/produkt\/proquip-panska-golfova-bunda-therma-helm-tmave-modra-modra\/\"><img loading=\"lazy\" decoding=\"async\" class=\"alignnone wp-image-17766\" src=\"https:\/\/shop.proquipgolf.eu\/wp-content\/uploads\/2024\/09\/HELM-JACKET_NAVY_BLUE-3b.jpg\" alt=\"\" width=\"106\" height=\"129\" \/><\/a><a href=\"https:\/\/shop.proquipgolf.eu\/de\/produkt\/proquip-therma-tour-jane-damen-golfjacke-schwarz-kopirovat-kopirovat-kopirovat-3\/\"><img loading=\"lazy\" decoding=\"async\" class=\"alignnone wp-image-17766\" src=\"https:\/\/shop.proquipgolf.eu\/wp-content\/uploads\/2024\/09\/HELM-JACKET_NAVY-4b.jpg\" alt=\"\" width=\"106\" height=\"129\" \/><\/a><a href=\"https:\/\/shop.proquipgolf.eu\/de\/?post_type=product&amp;p=25966\"><img loading=\"lazy\" decoding=\"async\" class=\"alignnone wp-image-17766\" src=\"https:\/\/shop.proquipgolf.eu\/wp-content\/uploads\/2025\/09\/NAVYREDJACKET_1.jpg\" alt=\"\" width=\"106\" height=\"129\" \/><\/a><\/p>\n","protected":false},"featured_media":25941,"comment_status":"open","ping_status":"closed","template":"","meta":{"inline_featured_image":false},"product_brand":[473],"product_cat":[338,365],"product_tag":[519,518],"class_list":{"0":"post-25927","1":"product","2":"type-product","3":"status-publish","4":"has-post-thumbnail","6":"product_brand-proquip","7":"product_cat-manner","8":"product_cat-jacken","9":"product_tag-hybridjacke","10":"product_tag-steppjacke","11":"pa_dle-pocasi-der-wind","12":"pa_dle-pocasi-kalt","13":"pa_velikost-l-de","14":"pa_velikost-m-de","15":"pa_velikost-s-de","16":"pa_velikost-xl-de","17":"pa_velikost-xxl-de","18":"pa_velikost-xxxl-de","19":"pa_vrstva-ausere-mittelschicht","21":"first","22":"instock","23":"taxable","24":"shipping-taxable","25":"purchasable","26":"product-type-variable"},"yoast_head":"<!-- This site is optimized with the Yoast SEO plugin v26.4 - https:\/\/yoast.com\/wordpress\/plugins\/seo\/ -->\n<title>ProQuip HELM Herren Golf Hybridjacke marine\/azur - leicht&amp;warm<\/title>\n<meta name=\"description\" content=\"Stylische und funktionelle Hybridjacke f\u00fcr Wind und K\u00e4lte mit einer sehr strapazierf\u00e4higen Au\u00dfenschicht und isoliertem Futter f\u00fcr zus\u00e4tzliche W\u00e4rme\" \/>\n<meta name=\"robots\" content=\"index, follow, max-snippet:-1, max-image-preview:large, max-video-preview:-1\" \/>\n<link rel=\"canonical\" href=\"https:\/\/shop.proquipgolf.eu\/de\/produkt\/proquip-helm-herren-golf-steppjacke-marine-azur\/\" \/>\n<meta property=\"og:locale\" content=\"de_DE\" \/>\n<meta property=\"og:type\" content=\"article\" \/>\n<meta property=\"og:title\" content=\"ProQuip HELM Herren Golf Hybridjacke marine\/azur - leicht&amp;warm\" \/>\n<meta property=\"og:description\" content=\"Stylische und funktionelle Hybridjacke f\u00fcr Wind und K\u00e4lte mit einer sehr strapazierf\u00e4higen Au\u00dfenschicht und isoliertem Futter f\u00fcr zus\u00e4tzliche W\u00e4rme\" \/>\n<meta property=\"og:url\" content=\"https:\/\/shop.proquipgolf.eu\/de\/produkt\/proquip-helm-herren-golf-steppjacke-marine-azur\/\" \/>\n<meta property=\"og:site_name\" content=\"ProQuip Golf\" \/>\n<meta property=\"article:modified_time\" content=\"2026-04-03T11:07:03+00:00\" \/>\n<meta property=\"og:image\" content=\"https:\/\/shop.proquipgolf.eu\/wp-content\/uploads\/2025\/09\/NAVYBLUEJACKET_1.jpg\" \/>\n\t<meta property=\"og:image:width\" content=\"1232\" \/>\n\t<meta property=\"og:image:height\" content=\"1500\" \/>\n\t<meta property=\"og:image:type\" content=\"image\/jpeg\" \/>\n<meta name=\"twitter:card\" content=\"summary_large_image\" \/>\n<meta name=\"twitter:label1\" content=\"Gesch\u00e4tzte Lesezeit\" \/>\n\t<meta name=\"twitter:data1\" content=\"1\u00a0Minute\" \/>\n<script type=\"application\/ld+json\" class=\"yoast-schema-graph\">{\"@context\":\"https:\/\/schema.org\",\"@graph\":[{\"@type\":\"WebPage\",\"@id\":\"https:\/\/shop.proquipgolf.eu\/de\/produkt\/proquip-helm-herren-golf-steppjacke-marine-azur\/\",\"url\":\"https:\/\/shop.proquipgolf.eu\/de\/produkt\/proquip-helm-herren-golf-steppjacke-marine-azur\/\",\"name\":\"ProQuip HELM Herren Golf Hybridjacke marine\/azur - leicht&warm\",\"isPartOf\":{\"@id\":\"https:\/\/shop.proquipgolf.eu\/de\/#website\"},\"primaryImageOfPage\":{\"@id\":\"https:\/\/shop.proquipgolf.eu\/de\/produkt\/proquip-helm-herren-golf-steppjacke-marine-azur\/#primaryimage\"},\"image\":{\"@id\":\"https:\/\/shop.proquipgolf.eu\/de\/produkt\/proquip-helm-herren-golf-steppjacke-marine-azur\/#primaryimage\"},\"thumbnailUrl\":\"https:\/\/shop.proquipgolf.eu\/wp-content\/uploads\/2025\/09\/NAVYBLUEJACKET_1.jpg\",\"datePublished\":\"2025-08-05T16:09:03+00:00\",\"dateModified\":\"2026-04-03T11:07:03+00:00\",\"description\":\"Stylische und funktionelle Hybridjacke f\u00fcr Wind und K\u00e4lte mit einer sehr strapazierf\u00e4higen Au\u00dfenschicht und isoliertem Futter f\u00fcr zus\u00e4tzliche W\u00e4rme\",\"breadcrumb\":{\"@id\":\"https:\/\/shop.proquipgolf.eu\/de\/produkt\/proquip-helm-herren-golf-steppjacke-marine-azur\/#breadcrumb\"},\"inLanguage\":\"de\",\"potentialAction\":[{\"@type\":\"ReadAction\",\"target\":[\"https:\/\/shop.proquipgolf.eu\/de\/produkt\/proquip-helm-herren-golf-steppjacke-marine-azur\/\"]}]},{\"@type\":\"ImageObject\",\"inLanguage\":\"de\",\"@id\":\"https:\/\/shop.proquipgolf.eu\/de\/produkt\/proquip-helm-herren-golf-steppjacke-marine-azur\/#primaryimage\",\"url\":\"https:\/\/shop.proquipgolf.eu\/wp-content\/uploads\/2025\/09\/NAVYBLUEJACKET_1.jpg\",\"contentUrl\":\"https:\/\/shop.proquipgolf.eu\/wp-content\/uploads\/2025\/09\/NAVYBLUEJACKET_1.jpg\",\"width\":1232,\"height\":1500},{\"@type\":\"BreadcrumbList\",\"@id\":\"https:\/\/shop.proquipgolf.eu\/de\/produkt\/proquip-helm-herren-golf-steppjacke-marine-azur\/#breadcrumb\",\"itemListElement\":[{\"@type\":\"ListItem\",\"position\":1,\"name\":\"Dom\u016f\",\"item\":\"https:\/\/shop.proquipgolf.eu\/de\/\"},{\"@type\":\"ListItem\",\"position\":2,\"name\":\"Shop\",\"item\":\"https:\/\/shop.proquipgolf.eu\/de\/shop-2\/\"},{\"@type\":\"ListItem\",\"position\":3,\"name\":\"ProQuip HELM Herren Golf Hybridjacke &#8211; blau\"}]},{\"@type\":\"WebSite\",\"@id\":\"https:\/\/shop.proquipgolf.eu\/de\/#website\",\"url\":\"https:\/\/shop.proquipgolf.eu\/de\/\",\"name\":\"ProQuip Golf\",\"description\":\"Nejodoln\u011bj\u0161\u00ed golfov\u00e9 oble\u010den\u00ed s do\u017eivotn\u00ed garanc\u00ed\",\"potentialAction\":[{\"@type\":\"SearchAction\",\"target\":{\"@type\":\"EntryPoint\",\"urlTemplate\":\"https:\/\/shop.proquipgolf.eu\/de\/?s={search_term_string}\"},\"query-input\":{\"@type\":\"PropertyValueSpecification\",\"valueRequired\":true,\"valueName\":\"search_term_string\"}}],\"inLanguage\":\"de\"}]}<\/script>\n<!-- \/ Yoast SEO plugin. -->","yoast_head_json":{"title":"ProQuip HELM Herren Golf Hybridjacke marine\/azur - leicht&warm","description":"Stylische und funktionelle Hybridjacke f\u00fcr Wind und K\u00e4lte mit einer sehr strapazierf\u00e4higen Au\u00dfenschicht und isoliertem Futter f\u00fcr zus\u00e4tzliche W\u00e4rme","robots":{"index":"index","follow":"follow","max-snippet":"max-snippet:-1","max-image-preview":"max-image-preview:large","max-video-preview":"max-video-preview:-1"},"canonical":"https:\/\/shop.proquipgolf.eu\/de\/produkt\/proquip-helm-herren-golf-steppjacke-marine-azur\/","og_locale":"de_DE","og_type":"article","og_title":"ProQuip HELM Herren Golf Hybridjacke marine\/azur - leicht&warm","og_description":"Stylische und funktionelle Hybridjacke f\u00fcr Wind und K\u00e4lte mit einer sehr strapazierf\u00e4higen Au\u00dfenschicht und isoliertem Futter f\u00fcr zus\u00e4tzliche W\u00e4rme","og_url":"https:\/\/shop.proquipgolf.eu\/de\/produkt\/proquip-helm-herren-golf-steppjacke-marine-azur\/","og_site_name":"ProQuip Golf","article_modified_time":"2026-04-03T11:07:03+00:00","og_image":[{"width":1232,"height":1500,"url":"https:\/\/shop.proquipgolf.eu\/wp-content\/uploads\/2025\/09\/NAVYBLUEJACKET_1.jpg","type":"image\/jpeg"}],"twitter_card":"summary_large_image","twitter_misc":{"Gesch\u00e4tzte Lesezeit":"1\u00a0Minute"},"schema":{"@context":"https:\/\/schema.org","@graph":[{"@type":"WebPage","@id":"https:\/\/shop.proquipgolf.eu\/de\/produkt\/proquip-helm-herren-golf-steppjacke-marine-azur\/","url":"https:\/\/shop.proquipgolf.eu\/de\/produkt\/proquip-helm-herren-golf-steppjacke-marine-azur\/","name":"ProQuip HELM Herren Golf Hybridjacke marine\/azur - leicht&warm","isPartOf":{"@id":"https:\/\/shop.proquipgolf.eu\/de\/#website"},"primaryImageOfPage":{"@id":"https:\/\/shop.proquipgolf.eu\/de\/produkt\/proquip-helm-herren-golf-steppjacke-marine-azur\/#primaryimage"},"image":{"@id":"https:\/\/shop.proquipgolf.eu\/de\/produkt\/proquip-helm-herren-golf-steppjacke-marine-azur\/#primaryimage"},"thumbnailUrl":"https:\/\/shop.proquipgolf.eu\/wp-content\/uploads\/2025\/09\/NAVYBLUEJACKET_1.jpg","datePublished":"2025-08-05T16:09:03+00:00","dateModified":"2026-04-03T11:07:03+00:00","description":"Stylische und funktionelle Hybridjacke f\u00fcr Wind und K\u00e4lte mit einer sehr strapazierf\u00e4higen Au\u00dfenschicht und isoliertem Futter f\u00fcr zus\u00e4tzliche W\u00e4rme","breadcrumb":{"@id":"https:\/\/shop.proquipgolf.eu\/de\/produkt\/proquip-helm-herren-golf-steppjacke-marine-azur\/#breadcrumb"},"inLanguage":"de","potentialAction":[{"@type":"ReadAction","target":["https:\/\/shop.proquipgolf.eu\/de\/produkt\/proquip-helm-herren-golf-steppjacke-marine-azur\/"]}]},{"@type":"ImageObject","inLanguage":"de","@id":"https:\/\/shop.proquipgolf.eu\/de\/produkt\/proquip-helm-herren-golf-steppjacke-marine-azur\/#primaryimage","url":"https:\/\/shop.proquipgolf.eu\/wp-content\/uploads\/2025\/09\/NAVYBLUEJACKET_1.jpg","contentUrl":"https:\/\/shop.proquipgolf.eu\/wp-content\/uploads\/2025\/09\/NAVYBLUEJACKET_1.jpg","width":1232,"height":1500},{"@type":"BreadcrumbList","@id":"https:\/\/shop.proquipgolf.eu\/de\/produkt\/proquip-helm-herren-golf-steppjacke-marine-azur\/#breadcrumb","itemListElement":[{"@type":"ListItem","position":1,"name":"Dom\u016f","item":"https:\/\/shop.proquipgolf.eu\/de\/"},{"@type":"ListItem","position":2,"name":"Shop","item":"https:\/\/shop.proquipgolf.eu\/de\/shop-2\/"},{"@type":"ListItem","position":3,"name":"ProQuip HELM Herren Golf Hybridjacke &#8211; blau"}]},{"@type":"WebSite","@id":"https:\/\/shop.proquipgolf.eu\/de\/#website","url":"https:\/\/shop.proquipgolf.eu\/de\/","name":"ProQuip Golf","description":"Nejodoln\u011bj\u0161\u00ed golfov\u00e9 oble\u010den\u00ed s do\u017eivotn\u00ed garanc\u00ed","potentialAction":[{"@type":"SearchAction","target":{"@type":"EntryPoint","urlTemplate":"https:\/\/shop.proquipgolf.eu\/de\/?s={search_term_string}"},"query-input":{"@type":"PropertyValueSpecification","valueRequired":true,"valueName":"search_term_string"}}],"inLanguage":"de"}]}},"_links":{"self":[{"href":"https:\/\/shop.proquipgolf.eu\/de\/wp-json\/wp\/v2\/product\/25927","targetHints":{"allow":["GET"]}}],"collection":[{"href":"https:\/\/shop.proquipgolf.eu\/de\/wp-json\/wp\/v2\/product"}],"about":[{"href":"https:\/\/shop.proquipgolf.eu\/de\/wp-json\/wp\/v2\/types\/product"}],"replies":[{"embeddable":true,"href":"https:\/\/shop.proquipgolf.eu\/de\/wp-json\/wp\/v2\/comments?post=25927"}],"wp:featuredmedia":[{"embeddable":true,"href":"https:\/\/shop.proquipgolf.eu\/de\/wp-json\/wp\/v2\/media\/25941"}],"wp:attachment":[{"href":"https:\/\/shop.proquipgolf.eu\/de\/wp-json\/wp\/v2\/media?parent=25927"}],"wp:term":[{"taxonomy":"product_brand","embeddable":true,"href":"https:\/\/shop.proquipgolf.eu\/de\/wp-json\/wp\/v2\/product_brand?post=25927"},{"taxonomy":"product_cat","embeddable":true,"href":"https:\/\/shop.proquipgolf.eu\/de\/wp-json\/wp\/v2\/product_cat?post=25927"},{"taxonomy":"product_tag","embeddable":true,"href":"https:\/\/shop.proquipgolf.eu\/de\/wp-json\/wp\/v2\/product_tag?post=25927"}],"curies":[{"name":"wp","href":"https:\/\/api.w.org\/{rel}","templated":true}]}}