{"id":24635,"date":"2025-08-11T15:35:29","date_gmt":"2025-08-11T13:35:29","guid":{"rendered":"https:\/\/shop.proquipgolf.eu\/?post_type=product&#038;p=24635"},"modified":"2026-04-03T12:20:57","modified_gmt":"2026-04-03T10:20:57","slug":"proquip-darcey-damen-golf-regenjacke-blau-silber-kopirovat-kopirovat-kopirovat","status":"publish","type":"product","link":"https:\/\/shop.proquipgolf.eu\/de\/produkt\/proquip-darcey-damen-golf-regenjacke-blau-silber-kopirovat-kopirovat-kopirovat\/","title":{"rendered":"ProQuip PAIGE Damen Wind- und Regenjacke &#8211; blau\/gelb"},"content":{"rendered":"<p>Eine neue, leistungsstarke Regenserie mit einer 3-Jahres-Garantie auf Wasserdichtigkeit zu einem g\u00fcnstigen Preis.<\/p>\n<div style=\"width: 720px;\" class=\"wp-video\"><video class=\"wp-video-shortcode\" id=\"video-24635-1\" width=\"720\" height=\"1280\" loop autoplay preload=\"metadata\" controls=\"controls\"><source type=\"video\/mp4\" src=\"https:\/\/shop.proquipgolf.eu\/wp-content\/uploads\/2025\/09\/PAIGE-Rain-Jacket.mp4?_=1\" \/><a href=\"https:\/\/shop.proquipgolf.eu\/wp-content\/uploads\/2025\/09\/PAIGE-Rain-Jacket.mp4\">https:\/\/shop.proquipgolf.eu\/wp-content\/uploads\/2025\/09\/PAIGE-Rain-Jacket.mp4<\/a><\/video><\/div>\n<p>&nbsp;<\/p>\n<p><img decoding=\"async\" class=\"alignnone size-full wp-image-11074\" src=\"https:\/\/shop.proquipgolf.eu\/wp-content\/uploads\/2023\/03\/logo_proquip-new_black.png\" alt=\"\" width=\"266\" height=\"71\" \/><\/p>\n<p><em>ProQuip Golf ist eine kultige schottische Golfbekleidungsmarke, die 1981 in der N\u00e4he des legend\u00e4ren St. Andrews gegr\u00fcndet wurde. Mit dem Schwerpunkt auf Funktionalit\u00e4t, Leichtigkeit und maximalem Schutz vor den Elementen hat sich das Unternehmen einen Ruf als einer der zuverl\u00e4ssigsten Hersteller der Welt erworben. ProQuip ist ein Synonym f\u00fcr lebenslange Wasserdichtigkeit, leise Bewegungen, hohe Atmungsaktivit\u00e4t und kompromisslosen Komfort beim Spiel. Die Marke verwendet eigene innovative Materialien und Technologien, die sowohl von Profis als auch von Freizeitspielern gesch\u00e4tzt werden. Die Marke ist eng mit der Geschichte des Ryder Cups verbunden, bei dem sie \u00fcber 20 Teams und mehr als 10.000 Offizielle eingekleidet hat, was sie zur meistgetragenen Marke in der Geschichte dieser prestigetr\u00e4chtigen Golfveranstaltung macht. Seit 2014 ist die Marke auch in der Tschechischen Republik und der Slowakei vertreten. Mit ProQuip sind Sie auf dem Golfplatz immer einen Schritt voraus &#8211; egal bei welchem Wetter. <\/em><\/p>\n","protected":false},"excerpt":{"rendered":"<ul>\n<li style=\"list-style-type: none;\">\n<ul>\n<li>3 Jahre Garantie auf Wasserdichtigkeit<\/li>\n<li>winddicht\/atmungsaktiv<\/li>\n<li>Technologien <strong><br \/>\n<em>Swing-Silent<\/em><br \/>\n<\/strong><\/li>\n<li>leicht dehnbarer Stoff<\/li>\n<li>wasserdichte Rei\u00dfverschl\u00fcsse und Taschen<\/li>\n<li>seitliche Klettverschl\u00fcsse und ein Kordelzug in der Taille<\/li>\n<li>Innentasche f\u00fcr eine Scorekarte\/Handschuhe<\/li>\n<li>Erh\u00f6hter Kragen f\u00fcr mehr Schutz<\/li>\n<\/ul>\n<\/li>\n<\/ul>\n<p><strong>Andere Farbvarianten<\/strong><\/p>\n<p><a href=\"https:\/\/shop.proquipgolf.eu\/de\/?post_type=product&amp;p=24581\"><img decoding=\"async\" class=\"alignnone wp-image-18328\" src=\"https:\/\/shop.proquipgolf.eu\/wp-content\/uploads\/2025\/08\/PAIGE-HALF-SLEEVE-TOP-NAVY_SILVER_1.jpg\" alt=\"\" width=\"106\" height=\"129\" \/><\/a><a href=\"https:\/\/shop.proquipgolf.eu\/de\/?post_type=product&amp;p=24635\"><img decoding=\"async\" class=\"alignnone wp-image-17766\" src=\"https:\/\/shop.proquipgolf.eu\/wp-content\/uploads\/2025\/08\/PAIGE_NAVYYELLOW_1.jpg\" alt=\"\" width=\"106\" height=\"129\" \/><\/a><a href=\"https:\/\/shop.proquipgolf.eu\/de\/?post_type=product&amp;p=24611\"><img loading=\"lazy\" decoding=\"async\" class=\"alignnone wp-image-17766\" src=\"https:\/\/shop.proquipgolf.eu\/wp-content\/uploads\/2025\/08\/PAIGE_NAVYBLUE_1.jpg\" alt=\"\" width=\"106\" height=\"129\" \/><\/a><\/p>\n","protected":false},"featured_media":24645,"comment_status":"open","ping_status":"closed","template":"","meta":{"inline_featured_image":false},"product_brand":[],"product_cat":[341,389,408],"product_tag":[],"class_list":{"0":"post-24635","1":"product","2":"type-product","3":"status-publish","4":"has-post-thumbnail","6":"product_cat-frauen","7":"product_cat-jacken-de","8":"product_cat-schutzwesten-de","9":"pa_dle-pocasi-der-wind","10":"pa_dle-pocasi-regen","11":"pa_velikost-l-de","12":"pa_velikost-m-de","13":"pa_velikost-s-de","14":"pa_velikost-xl-de","15":"pa_velikost-xs-de","16":"pa_velikost-xxl-de","17":"pa_vrstva-leistungsstarke-ausere-schicht","19":"first","20":"onbackorder","21":"taxable","22":"shipping-taxable","23":"purchasable","24":"product-type-variable"},"yoast_head":"<!-- This site is optimized with the Yoast SEO plugin v26.4 - https:\/\/yoast.com\/wordpress\/plugins\/seo\/ -->\n<title>ProQuip PAIGE Damen Wind- und Regenjacke - blau\/gelb<\/title>\n<meta name=\"description\" content=\"Eine neue, leistungsstarke Regenserie mit einer 3-Jahres-Garantie auf Wasserdichtigkeit zu einem g\u00fcnstigen Preis. Leicht dehnbarer Stoff mit Swing-Silent Technologie\" \/>\n<meta name=\"robots\" content=\"index, follow, max-snippet:-1, max-image-preview:large, max-video-preview:-1\" \/>\n<link rel=\"canonical\" href=\"https:\/\/shop.proquipgolf.eu\/de\/produkt\/proquip-darcey-damen-golf-regenjacke-blau-silber-kopirovat-kopirovat-kopirovat\/\" \/>\n<meta property=\"og:locale\" content=\"de_DE\" \/>\n<meta property=\"og:type\" content=\"article\" \/>\n<meta property=\"og:title\" content=\"ProQuip PAIGE Damen Wind- und Regenjacke - blau\/gelb\" \/>\n<meta property=\"og:description\" content=\"Eine neue, leistungsstarke Regenserie mit einer 3-Jahres-Garantie auf Wasserdichtigkeit zu einem g\u00fcnstigen Preis. Leicht dehnbarer Stoff mit Swing-Silent Technologie\" \/>\n<meta property=\"og:url\" content=\"https:\/\/shop.proquipgolf.eu\/de\/produkt\/proquip-darcey-damen-golf-regenjacke-blau-silber-kopirovat-kopirovat-kopirovat\/\" \/>\n<meta property=\"og:site_name\" content=\"ProQuip Golf\" \/>\n<meta property=\"article:modified_time\" content=\"2026-04-03T10:20:57+00:00\" \/>\n<meta property=\"og:image\" content=\"https:\/\/shop.proquipgolf.eu\/wp-content\/uploads\/2025\/08\/PAIGE_NAVYYELLOW_1.jpg\" \/>\n\t<meta property=\"og:image:width\" content=\"1088\" \/>\n\t<meta property=\"og:image:height\" content=\"1324\" \/>\n\t<meta property=\"og:image:type\" content=\"image\/jpeg\" \/>\n<meta name=\"twitter:card\" content=\"summary_large_image\" \/>\n<meta name=\"twitter:label1\" content=\"Gesch\u00e4tzte Lesezeit\" \/>\n\t<meta name=\"twitter:data1\" content=\"2\u00a0Minuten\" \/>\n<script type=\"application\/ld+json\" class=\"yoast-schema-graph\">{\"@context\":\"https:\/\/schema.org\",\"@graph\":[{\"@type\":\"WebPage\",\"@id\":\"https:\/\/shop.proquipgolf.eu\/de\/produkt\/proquip-darcey-damen-golf-regenjacke-blau-silber-kopirovat-kopirovat-kopirovat\/\",\"url\":\"https:\/\/shop.proquipgolf.eu\/de\/produkt\/proquip-darcey-damen-golf-regenjacke-blau-silber-kopirovat-kopirovat-kopirovat\/\",\"name\":\"ProQuip PAIGE Damen Wind- und Regenjacke - blau\/gelb\",\"isPartOf\":{\"@id\":\"https:\/\/shop.proquipgolf.eu\/de\/#website\"},\"primaryImageOfPage\":{\"@id\":\"https:\/\/shop.proquipgolf.eu\/de\/produkt\/proquip-darcey-damen-golf-regenjacke-blau-silber-kopirovat-kopirovat-kopirovat\/#primaryimage\"},\"image\":{\"@id\":\"https:\/\/shop.proquipgolf.eu\/de\/produkt\/proquip-darcey-damen-golf-regenjacke-blau-silber-kopirovat-kopirovat-kopirovat\/#primaryimage\"},\"thumbnailUrl\":\"https:\/\/shop.proquipgolf.eu\/wp-content\/uploads\/2025\/08\/PAIGE_NAVYYELLOW_1.jpg\",\"datePublished\":\"2025-08-11T13:35:29+00:00\",\"dateModified\":\"2026-04-03T10:20:57+00:00\",\"description\":\"Eine neue, leistungsstarke Regenserie mit einer 3-Jahres-Garantie auf Wasserdichtigkeit zu einem g\u00fcnstigen Preis. Leicht dehnbarer Stoff mit Swing-Silent Technologie\",\"breadcrumb\":{\"@id\":\"https:\/\/shop.proquipgolf.eu\/de\/produkt\/proquip-darcey-damen-golf-regenjacke-blau-silber-kopirovat-kopirovat-kopirovat\/#breadcrumb\"},\"inLanguage\":\"de\",\"potentialAction\":[{\"@type\":\"ReadAction\",\"target\":[\"https:\/\/shop.proquipgolf.eu\/de\/produkt\/proquip-darcey-damen-golf-regenjacke-blau-silber-kopirovat-kopirovat-kopirovat\/\"]}]},{\"@type\":\"ImageObject\",\"inLanguage\":\"de\",\"@id\":\"https:\/\/shop.proquipgolf.eu\/de\/produkt\/proquip-darcey-damen-golf-regenjacke-blau-silber-kopirovat-kopirovat-kopirovat\/#primaryimage\",\"url\":\"https:\/\/shop.proquipgolf.eu\/wp-content\/uploads\/2025\/08\/PAIGE_NAVYYELLOW_1.jpg\",\"contentUrl\":\"https:\/\/shop.proquipgolf.eu\/wp-content\/uploads\/2025\/08\/PAIGE_NAVYYELLOW_1.jpg\",\"width\":1088,\"height\":1324},{\"@type\":\"BreadcrumbList\",\"@id\":\"https:\/\/shop.proquipgolf.eu\/de\/produkt\/proquip-darcey-damen-golf-regenjacke-blau-silber-kopirovat-kopirovat-kopirovat\/#breadcrumb\",\"itemListElement\":[{\"@type\":\"ListItem\",\"position\":1,\"name\":\"Dom\u016f\",\"item\":\"https:\/\/shop.proquipgolf.eu\/de\/\"},{\"@type\":\"ListItem\",\"position\":2,\"name\":\"Shop\",\"item\":\"https:\/\/shop.proquipgolf.eu\/de\/shop-2\/\"},{\"@type\":\"ListItem\",\"position\":3,\"name\":\"ProQuip PAIGE Damen Wind- und Regenjacke &#8211; blau\/gelb\"}]},{\"@type\":\"WebSite\",\"@id\":\"https:\/\/shop.proquipgolf.eu\/de\/#website\",\"url\":\"https:\/\/shop.proquipgolf.eu\/de\/\",\"name\":\"ProQuip Golf\",\"description\":\"Nejodoln\u011bj\u0161\u00ed golfov\u00e9 oble\u010den\u00ed s do\u017eivotn\u00ed garanc\u00ed\",\"potentialAction\":[{\"@type\":\"SearchAction\",\"target\":{\"@type\":\"EntryPoint\",\"urlTemplate\":\"https:\/\/shop.proquipgolf.eu\/de\/?s={search_term_string}\"},\"query-input\":{\"@type\":\"PropertyValueSpecification\",\"valueRequired\":true,\"valueName\":\"search_term_string\"}}],\"inLanguage\":\"de\"}]}<\/script>\n<!-- \/ Yoast SEO plugin. -->","yoast_head_json":{"title":"ProQuip PAIGE Damen Wind- und Regenjacke - blau\/gelb","description":"Eine neue, leistungsstarke Regenserie mit einer 3-Jahres-Garantie auf Wasserdichtigkeit zu einem g\u00fcnstigen Preis. Leicht dehnbarer Stoff mit Swing-Silent Technologie","robots":{"index":"index","follow":"follow","max-snippet":"max-snippet:-1","max-image-preview":"max-image-preview:large","max-video-preview":"max-video-preview:-1"},"canonical":"https:\/\/shop.proquipgolf.eu\/de\/produkt\/proquip-darcey-damen-golf-regenjacke-blau-silber-kopirovat-kopirovat-kopirovat\/","og_locale":"de_DE","og_type":"article","og_title":"ProQuip PAIGE Damen Wind- und Regenjacke - blau\/gelb","og_description":"Eine neue, leistungsstarke Regenserie mit einer 3-Jahres-Garantie auf Wasserdichtigkeit zu einem g\u00fcnstigen Preis. Leicht dehnbarer Stoff mit Swing-Silent Technologie","og_url":"https:\/\/shop.proquipgolf.eu\/de\/produkt\/proquip-darcey-damen-golf-regenjacke-blau-silber-kopirovat-kopirovat-kopirovat\/","og_site_name":"ProQuip Golf","article_modified_time":"2026-04-03T10:20:57+00:00","og_image":[{"width":1088,"height":1324,"url":"https:\/\/shop.proquipgolf.eu\/wp-content\/uploads\/2025\/08\/PAIGE_NAVYYELLOW_1.jpg","type":"image\/jpeg"}],"twitter_card":"summary_large_image","twitter_misc":{"Gesch\u00e4tzte Lesezeit":"2\u00a0Minuten"},"schema":{"@context":"https:\/\/schema.org","@graph":[{"@type":"WebPage","@id":"https:\/\/shop.proquipgolf.eu\/de\/produkt\/proquip-darcey-damen-golf-regenjacke-blau-silber-kopirovat-kopirovat-kopirovat\/","url":"https:\/\/shop.proquipgolf.eu\/de\/produkt\/proquip-darcey-damen-golf-regenjacke-blau-silber-kopirovat-kopirovat-kopirovat\/","name":"ProQuip PAIGE Damen Wind- und Regenjacke - blau\/gelb","isPartOf":{"@id":"https:\/\/shop.proquipgolf.eu\/de\/#website"},"primaryImageOfPage":{"@id":"https:\/\/shop.proquipgolf.eu\/de\/produkt\/proquip-darcey-damen-golf-regenjacke-blau-silber-kopirovat-kopirovat-kopirovat\/#primaryimage"},"image":{"@id":"https:\/\/shop.proquipgolf.eu\/de\/produkt\/proquip-darcey-damen-golf-regenjacke-blau-silber-kopirovat-kopirovat-kopirovat\/#primaryimage"},"thumbnailUrl":"https:\/\/shop.proquipgolf.eu\/wp-content\/uploads\/2025\/08\/PAIGE_NAVYYELLOW_1.jpg","datePublished":"2025-08-11T13:35:29+00:00","dateModified":"2026-04-03T10:20:57+00:00","description":"Eine neue, leistungsstarke Regenserie mit einer 3-Jahres-Garantie auf Wasserdichtigkeit zu einem g\u00fcnstigen Preis. Leicht dehnbarer Stoff mit Swing-Silent Technologie","breadcrumb":{"@id":"https:\/\/shop.proquipgolf.eu\/de\/produkt\/proquip-darcey-damen-golf-regenjacke-blau-silber-kopirovat-kopirovat-kopirovat\/#breadcrumb"},"inLanguage":"de","potentialAction":[{"@type":"ReadAction","target":["https:\/\/shop.proquipgolf.eu\/de\/produkt\/proquip-darcey-damen-golf-regenjacke-blau-silber-kopirovat-kopirovat-kopirovat\/"]}]},{"@type":"ImageObject","inLanguage":"de","@id":"https:\/\/shop.proquipgolf.eu\/de\/produkt\/proquip-darcey-damen-golf-regenjacke-blau-silber-kopirovat-kopirovat-kopirovat\/#primaryimage","url":"https:\/\/shop.proquipgolf.eu\/wp-content\/uploads\/2025\/08\/PAIGE_NAVYYELLOW_1.jpg","contentUrl":"https:\/\/shop.proquipgolf.eu\/wp-content\/uploads\/2025\/08\/PAIGE_NAVYYELLOW_1.jpg","width":1088,"height":1324},{"@type":"BreadcrumbList","@id":"https:\/\/shop.proquipgolf.eu\/de\/produkt\/proquip-darcey-damen-golf-regenjacke-blau-silber-kopirovat-kopirovat-kopirovat\/#breadcrumb","itemListElement":[{"@type":"ListItem","position":1,"name":"Dom\u016f","item":"https:\/\/shop.proquipgolf.eu\/de\/"},{"@type":"ListItem","position":2,"name":"Shop","item":"https:\/\/shop.proquipgolf.eu\/de\/shop-2\/"},{"@type":"ListItem","position":3,"name":"ProQuip PAIGE Damen Wind- und Regenjacke &#8211; blau\/gelb"}]},{"@type":"WebSite","@id":"https:\/\/shop.proquipgolf.eu\/de\/#website","url":"https:\/\/shop.proquipgolf.eu\/de\/","name":"ProQuip Golf","description":"Nejodoln\u011bj\u0161\u00ed golfov\u00e9 oble\u010den\u00ed s do\u017eivotn\u00ed garanc\u00ed","potentialAction":[{"@type":"SearchAction","target":{"@type":"EntryPoint","urlTemplate":"https:\/\/shop.proquipgolf.eu\/de\/?s={search_term_string}"},"query-input":{"@type":"PropertyValueSpecification","valueRequired":true,"valueName":"search_term_string"}}],"inLanguage":"de"}]}},"_links":{"self":[{"href":"https:\/\/shop.proquipgolf.eu\/de\/wp-json\/wp\/v2\/product\/24635","targetHints":{"allow":["GET"]}}],"collection":[{"href":"https:\/\/shop.proquipgolf.eu\/de\/wp-json\/wp\/v2\/product"}],"about":[{"href":"https:\/\/shop.proquipgolf.eu\/de\/wp-json\/wp\/v2\/types\/product"}],"replies":[{"embeddable":true,"href":"https:\/\/shop.proquipgolf.eu\/de\/wp-json\/wp\/v2\/comments?post=24635"}],"wp:featuredmedia":[{"embeddable":true,"href":"https:\/\/shop.proquipgolf.eu\/de\/wp-json\/wp\/v2\/media\/24645"}],"wp:attachment":[{"href":"https:\/\/shop.proquipgolf.eu\/de\/wp-json\/wp\/v2\/media?parent=24635"}],"wp:term":[{"taxonomy":"product_brand","embeddable":true,"href":"https:\/\/shop.proquipgolf.eu\/de\/wp-json\/wp\/v2\/product_brand?post=24635"},{"taxonomy":"product_cat","embeddable":true,"href":"https:\/\/shop.proquipgolf.eu\/de\/wp-json\/wp\/v2\/product_cat?post=24635"},{"taxonomy":"product_tag","embeddable":true,"href":"https:\/\/shop.proquipgolf.eu\/de\/wp-json\/wp\/v2\/product_tag?post=24635"}],"curies":[{"name":"wp","href":"https:\/\/api.w.org\/{rel}","templated":true}]}}