{"id":20169,"date":"2022-11-30T13:40:58","date_gmt":"2022-11-30T12:40:58","guid":{"rendered":"https:\/\/shop.proquipgolf.eu\/?post_type=product&#038;p=20169"},"modified":"2025-11-25T17:44:35","modified_gmt":"2025-11-25T16:44:35","slug":"proquip-therma-tour-jane-damen-golfjacke-schwarz-kopirovat-kopirovat-kopirovat-kopirovat-kopirovat-3","status":"publish","type":"product","link":"https:\/\/shop.proquipgolf.eu\/de\/produkt\/proquip-therma-tour-jane-damen-golfjacke-schwarz-kopirovat-kopirovat-kopirovat-kopirovat-kopirovat-3\/","title":{"rendered":"ProQuip TARA WIND TOP Damen Golf Top &#8211; schwarz\/braun XS"},"content":{"rendered":"<p>Die Neuauflage des beliebten Windtops besteht aus 100% Polyester und bietet zusammen mit einer Teflon-Beschichtung Widerstand gegen Wind und leichteren Regen.<\/p>\n<p>Das satinweiche und leichte Gewebe mit Swing Silent Response ohne Rascheln sorgt f\u00fcr unvergleichlichen Komfort beim Spielen.<\/p>\n<p>Es l\u00e4sst sich dank seitlicher Klettverschl\u00fcsse und Gummizug in der Taille optimal anpassen und ist mit zwei Rei\u00dfverschlusstaschen ausgestattet.<\/p>\n<p>Seine Eigenschaften machen es im Fr\u00fchling, Sommer und Herbst einsetzbar.<\/p>\n","protected":false},"excerpt":{"rendered":"<p>&#8211; wind- und wasserdicht<br \/>\n&#8211; wasserdichte Teflonschicht<br \/>\n&#8211; weich und leicht<br \/>\n&#8211; Swing-Silent Technologie<br \/>\n&#8211; seitliche Klettverschl\u00fcsse und Kordelz\u00fcge<br \/>\n&#8211; erh\u00f6hter Kragen<\/p>\n<p><strong>Weitere Farboptionen<\/strong><\/p>\n<p><a href=\"https:\/\/shop.proquipgolf.eu\/de\/produkt\/proquip-therma-tour-jane-damen-golfjacke-schwarz-kopirovat-kopirovat-kopirovat-kopirovat-kopirovat-kopirovat-kopirovat\/\"><img decoding=\"async\" class=\"alignnone wp-image-18328\" src=\"https:\/\/shop.proquipgolf.eu\/wp-content\/uploads\/2024\/11\/Hi-Res_66.jpg\" alt=\"\" width=\"106\" height=\"129\"><\/a><a href=\"https:\/\/shop.proquipgolf.eu\/de\/produkt\/proquip-therma-tour-jane-damen-golfjacke-schwarz-kopirovat-kopirovat-kopirovat-kopirovat-kopirovat-kopirovat-3\/\"><img decoding=\"async\" class=\"alignnone wp-image-18328\" src=\"https:\/\/shop.proquipgolf.eu\/wp-content\/uploads\/2024\/11\/Hi-Res_65.jpg\" alt=\"\" width=\"106\" height=\"129\"><\/a><a href=\"https:\/\/shop.proquipgolf.eu\/de\/produkt\/proquip-therma-tour-jane-damen-golfjacke-schwarz-kopirovat-kopirovat-kopirovat-kopirovat-5\/\"><img decoding=\"async\" class=\"alignnone wp-image-18328\" src=\"https:\/\/shop.proquipgolf.eu\/wp-content\/uploads\/2024\/11\/Hi-Res_64.jpg\" alt=\"\" width=\"106\" height=\"129\"><\/a><\/p>\n","protected":false},"featured_media":20176,"comment_status":"open","ping_status":"closed","template":"","meta":{"inline_featured_image":false},"product_brand":[473],"product_cat":[341,408,387],"product_tag":[],"class_list":{"0":"post-20169","1":"product","2":"type-product","3":"status-publish","4":"has-post-thumbnail","6":"product_brand-proquip","7":"product_cat-frauen","8":"product_cat-schutzwesten-de","9":"product_cat-verkauf","10":"pa_dle-pocasi-der-wind","11":"pa_dle-pocasi-kalt","12":"pa_velikost-l-de","13":"pa_velikost-m-de","14":"pa_velikost-s-de","15":"pa_velikost-xl-de","16":"pa_velikost-xs-de","17":"pa_velikost-xxl-de","18":"pa_vrstva-ausere-mittelschicht","20":"first","21":"instock","22":"sale","23":"taxable","24":"shipping-taxable","25":"purchasable","26":"product-type-variable"},"yoast_head":"<!-- This site is optimized with the Yoast SEO plugin v26.4 - https:\/\/yoast.com\/wordpress\/plugins\/seo\/ -->\n<title>ProQuip TARA WIND TOP Damen Golf Top - schwarz\/braun XS<\/title>\n<meta name=\"description\" content=\"Eine modische und funktionelle Hybrid-Thermojacke f\u00fcr Wind und K\u00e4lte mit einer sehr weichen oberen Schicht und einem isolierten Futter, das nicht nur auf dem Gr\u00fcn f\u00fcr zus\u00e4tzliche W\u00e4rme sorgt.\" \/>\n<meta name=\"robots\" content=\"index, follow, max-snippet:-1, max-image-preview:large, max-video-preview:-1\" \/>\n<link rel=\"canonical\" href=\"https:\/\/shop.proquipgolf.eu\/de\/produkt\/proquip-therma-tour-jane-damen-golfjacke-schwarz-kopirovat-kopirovat-kopirovat-kopirovat-kopirovat-3\/\" \/>\n<meta property=\"og:locale\" content=\"de_DE\" \/>\n<meta property=\"og:type\" content=\"article\" \/>\n<meta property=\"og:title\" content=\"ProQuip TARA WIND TOP Damen Golf Top - schwarz\/braun XS\" \/>\n<meta property=\"og:description\" content=\"Eine modische und funktionelle Hybrid-Thermojacke f\u00fcr Wind und K\u00e4lte mit einer sehr weichen oberen Schicht und einem isolierten Futter, das nicht nur auf dem Gr\u00fcn f\u00fcr zus\u00e4tzliche W\u00e4rme sorgt.\" \/>\n<meta property=\"og:url\" content=\"https:\/\/shop.proquipgolf.eu\/de\/produkt\/proquip-therma-tour-jane-damen-golfjacke-schwarz-kopirovat-kopirovat-kopirovat-kopirovat-kopirovat-3\/\" \/>\n<meta property=\"og:site_name\" content=\"ProQuip Golf\" \/>\n<meta property=\"article:modified_time\" content=\"2025-11-25T16:44:35+00:00\" \/>\n<meta property=\"og:image\" content=\"https:\/\/shop.proquipgolf.eu\/wp-content\/uploads\/2024\/11\/Hi-Res_67.jpg\" \/>\n\t<meta property=\"og:image:width\" content=\"1500\" \/>\n\t<meta property=\"og:image:height\" content=\"1825\" \/>\n\t<meta property=\"og:image:type\" content=\"image\/jpeg\" \/>\n<meta name=\"twitter:card\" content=\"summary_large_image\" \/>\n<script type=\"application\/ld+json\" class=\"yoast-schema-graph\">{\"@context\":\"https:\/\/schema.org\",\"@graph\":[{\"@type\":\"WebPage\",\"@id\":\"https:\/\/shop.proquipgolf.eu\/de\/produkt\/proquip-therma-tour-jane-damen-golfjacke-schwarz-kopirovat-kopirovat-kopirovat-kopirovat-kopirovat-3\/\",\"url\":\"https:\/\/shop.proquipgolf.eu\/de\/produkt\/proquip-therma-tour-jane-damen-golfjacke-schwarz-kopirovat-kopirovat-kopirovat-kopirovat-kopirovat-3\/\",\"name\":\"ProQuip TARA WIND TOP Damen Golf Top - schwarz\/braun XS\",\"isPartOf\":{\"@id\":\"https:\/\/shop.proquipgolf.eu\/de\/#website\"},\"primaryImageOfPage\":{\"@id\":\"https:\/\/shop.proquipgolf.eu\/de\/produkt\/proquip-therma-tour-jane-damen-golfjacke-schwarz-kopirovat-kopirovat-kopirovat-kopirovat-kopirovat-3\/#primaryimage\"},\"image\":{\"@id\":\"https:\/\/shop.proquipgolf.eu\/de\/produkt\/proquip-therma-tour-jane-damen-golfjacke-schwarz-kopirovat-kopirovat-kopirovat-kopirovat-kopirovat-3\/#primaryimage\"},\"thumbnailUrl\":\"https:\/\/shop.proquipgolf.eu\/wp-content\/uploads\/2024\/11\/Hi-Res_67.jpg\",\"datePublished\":\"2022-11-30T12:40:58+00:00\",\"dateModified\":\"2025-11-25T16:44:35+00:00\",\"description\":\"Eine modische und funktionelle Hybrid-Thermojacke f\u00fcr Wind und K\u00e4lte mit einer sehr weichen oberen Schicht und einem isolierten Futter, das nicht nur auf dem Gr\u00fcn f\u00fcr zus\u00e4tzliche W\u00e4rme sorgt.\",\"breadcrumb\":{\"@id\":\"https:\/\/shop.proquipgolf.eu\/de\/produkt\/proquip-therma-tour-jane-damen-golfjacke-schwarz-kopirovat-kopirovat-kopirovat-kopirovat-kopirovat-3\/#breadcrumb\"},\"inLanguage\":\"de\",\"potentialAction\":[{\"@type\":\"ReadAction\",\"target\":[\"https:\/\/shop.proquipgolf.eu\/de\/produkt\/proquip-therma-tour-jane-damen-golfjacke-schwarz-kopirovat-kopirovat-kopirovat-kopirovat-kopirovat-3\/\"]}]},{\"@type\":\"ImageObject\",\"inLanguage\":\"de\",\"@id\":\"https:\/\/shop.proquipgolf.eu\/de\/produkt\/proquip-therma-tour-jane-damen-golfjacke-schwarz-kopirovat-kopirovat-kopirovat-kopirovat-kopirovat-3\/#primaryimage\",\"url\":\"https:\/\/shop.proquipgolf.eu\/wp-content\/uploads\/2024\/11\/Hi-Res_67.jpg\",\"contentUrl\":\"https:\/\/shop.proquipgolf.eu\/wp-content\/uploads\/2024\/11\/Hi-Res_67.jpg\",\"width\":1500,\"height\":1825},{\"@type\":\"BreadcrumbList\",\"@id\":\"https:\/\/shop.proquipgolf.eu\/de\/produkt\/proquip-therma-tour-jane-damen-golfjacke-schwarz-kopirovat-kopirovat-kopirovat-kopirovat-kopirovat-3\/#breadcrumb\",\"itemListElement\":[{\"@type\":\"ListItem\",\"position\":1,\"name\":\"Dom\u016f\",\"item\":\"https:\/\/shop.proquipgolf.eu\/de\/\"},{\"@type\":\"ListItem\",\"position\":2,\"name\":\"Shop\",\"item\":\"https:\/\/shop.proquipgolf.eu\/de\/shop-2\/\"},{\"@type\":\"ListItem\",\"position\":3,\"name\":\"ProQuip TARA WIND TOP Damen Golf Top &#8211; schwarz\/braun XS\"}]},{\"@type\":\"WebSite\",\"@id\":\"https:\/\/shop.proquipgolf.eu\/de\/#website\",\"url\":\"https:\/\/shop.proquipgolf.eu\/de\/\",\"name\":\"ProQuip Golf\",\"description\":\"Nejodoln\u011bj\u0161\u00ed golfov\u00e9 oble\u010den\u00ed s do\u017eivotn\u00ed garanc\u00ed\",\"potentialAction\":[{\"@type\":\"SearchAction\",\"target\":{\"@type\":\"EntryPoint\",\"urlTemplate\":\"https:\/\/shop.proquipgolf.eu\/de\/?s={search_term_string}\"},\"query-input\":{\"@type\":\"PropertyValueSpecification\",\"valueRequired\":true,\"valueName\":\"search_term_string\"}}],\"inLanguage\":\"de\"}]}<\/script>\n<!-- \/ Yoast SEO plugin. -->","yoast_head_json":{"title":"ProQuip TARA WIND TOP Damen Golf Top - schwarz\/braun XS","description":"Eine modische und funktionelle Hybrid-Thermojacke f\u00fcr Wind und K\u00e4lte mit einer sehr weichen oberen Schicht und einem isolierten Futter, das nicht nur auf dem Gr\u00fcn f\u00fcr zus\u00e4tzliche W\u00e4rme sorgt.","robots":{"index":"index","follow":"follow","max-snippet":"max-snippet:-1","max-image-preview":"max-image-preview:large","max-video-preview":"max-video-preview:-1"},"canonical":"https:\/\/shop.proquipgolf.eu\/de\/produkt\/proquip-therma-tour-jane-damen-golfjacke-schwarz-kopirovat-kopirovat-kopirovat-kopirovat-kopirovat-3\/","og_locale":"de_DE","og_type":"article","og_title":"ProQuip TARA WIND TOP Damen Golf Top - schwarz\/braun XS","og_description":"Eine modische und funktionelle Hybrid-Thermojacke f\u00fcr Wind und K\u00e4lte mit einer sehr weichen oberen Schicht und einem isolierten Futter, das nicht nur auf dem Gr\u00fcn f\u00fcr zus\u00e4tzliche W\u00e4rme sorgt.","og_url":"https:\/\/shop.proquipgolf.eu\/de\/produkt\/proquip-therma-tour-jane-damen-golfjacke-schwarz-kopirovat-kopirovat-kopirovat-kopirovat-kopirovat-3\/","og_site_name":"ProQuip Golf","article_modified_time":"2025-11-25T16:44:35+00:00","og_image":[{"width":1500,"height":1825,"url":"https:\/\/shop.proquipgolf.eu\/wp-content\/uploads\/2024\/11\/Hi-Res_67.jpg","type":"image\/jpeg"}],"twitter_card":"summary_large_image","schema":{"@context":"https:\/\/schema.org","@graph":[{"@type":"WebPage","@id":"https:\/\/shop.proquipgolf.eu\/de\/produkt\/proquip-therma-tour-jane-damen-golfjacke-schwarz-kopirovat-kopirovat-kopirovat-kopirovat-kopirovat-3\/","url":"https:\/\/shop.proquipgolf.eu\/de\/produkt\/proquip-therma-tour-jane-damen-golfjacke-schwarz-kopirovat-kopirovat-kopirovat-kopirovat-kopirovat-3\/","name":"ProQuip TARA WIND TOP Damen Golf Top - schwarz\/braun XS","isPartOf":{"@id":"https:\/\/shop.proquipgolf.eu\/de\/#website"},"primaryImageOfPage":{"@id":"https:\/\/shop.proquipgolf.eu\/de\/produkt\/proquip-therma-tour-jane-damen-golfjacke-schwarz-kopirovat-kopirovat-kopirovat-kopirovat-kopirovat-3\/#primaryimage"},"image":{"@id":"https:\/\/shop.proquipgolf.eu\/de\/produkt\/proquip-therma-tour-jane-damen-golfjacke-schwarz-kopirovat-kopirovat-kopirovat-kopirovat-kopirovat-3\/#primaryimage"},"thumbnailUrl":"https:\/\/shop.proquipgolf.eu\/wp-content\/uploads\/2024\/11\/Hi-Res_67.jpg","datePublished":"2022-11-30T12:40:58+00:00","dateModified":"2025-11-25T16:44:35+00:00","description":"Eine modische und funktionelle Hybrid-Thermojacke f\u00fcr Wind und K\u00e4lte mit einer sehr weichen oberen Schicht und einem isolierten Futter, das nicht nur auf dem Gr\u00fcn f\u00fcr zus\u00e4tzliche W\u00e4rme sorgt.","breadcrumb":{"@id":"https:\/\/shop.proquipgolf.eu\/de\/produkt\/proquip-therma-tour-jane-damen-golfjacke-schwarz-kopirovat-kopirovat-kopirovat-kopirovat-kopirovat-3\/#breadcrumb"},"inLanguage":"de","potentialAction":[{"@type":"ReadAction","target":["https:\/\/shop.proquipgolf.eu\/de\/produkt\/proquip-therma-tour-jane-damen-golfjacke-schwarz-kopirovat-kopirovat-kopirovat-kopirovat-kopirovat-3\/"]}]},{"@type":"ImageObject","inLanguage":"de","@id":"https:\/\/shop.proquipgolf.eu\/de\/produkt\/proquip-therma-tour-jane-damen-golfjacke-schwarz-kopirovat-kopirovat-kopirovat-kopirovat-kopirovat-3\/#primaryimage","url":"https:\/\/shop.proquipgolf.eu\/wp-content\/uploads\/2024\/11\/Hi-Res_67.jpg","contentUrl":"https:\/\/shop.proquipgolf.eu\/wp-content\/uploads\/2024\/11\/Hi-Res_67.jpg","width":1500,"height":1825},{"@type":"BreadcrumbList","@id":"https:\/\/shop.proquipgolf.eu\/de\/produkt\/proquip-therma-tour-jane-damen-golfjacke-schwarz-kopirovat-kopirovat-kopirovat-kopirovat-kopirovat-3\/#breadcrumb","itemListElement":[{"@type":"ListItem","position":1,"name":"Dom\u016f","item":"https:\/\/shop.proquipgolf.eu\/de\/"},{"@type":"ListItem","position":2,"name":"Shop","item":"https:\/\/shop.proquipgolf.eu\/de\/shop-2\/"},{"@type":"ListItem","position":3,"name":"ProQuip TARA WIND TOP Damen Golf Top &#8211; schwarz\/braun XS"}]},{"@type":"WebSite","@id":"https:\/\/shop.proquipgolf.eu\/de\/#website","url":"https:\/\/shop.proquipgolf.eu\/de\/","name":"ProQuip Golf","description":"Nejodoln\u011bj\u0161\u00ed golfov\u00e9 oble\u010den\u00ed s do\u017eivotn\u00ed garanc\u00ed","potentialAction":[{"@type":"SearchAction","target":{"@type":"EntryPoint","urlTemplate":"https:\/\/shop.proquipgolf.eu\/de\/?s={search_term_string}"},"query-input":{"@type":"PropertyValueSpecification","valueRequired":true,"valueName":"search_term_string"}}],"inLanguage":"de"}]}},"_links":{"self":[{"href":"https:\/\/shop.proquipgolf.eu\/de\/wp-json\/wp\/v2\/product\/20169","targetHints":{"allow":["GET"]}}],"collection":[{"href":"https:\/\/shop.proquipgolf.eu\/de\/wp-json\/wp\/v2\/product"}],"about":[{"href":"https:\/\/shop.proquipgolf.eu\/de\/wp-json\/wp\/v2\/types\/product"}],"replies":[{"embeddable":true,"href":"https:\/\/shop.proquipgolf.eu\/de\/wp-json\/wp\/v2\/comments?post=20169"}],"wp:featuredmedia":[{"embeddable":true,"href":"https:\/\/shop.proquipgolf.eu\/de\/wp-json\/wp\/v2\/media\/20176"}],"wp:attachment":[{"href":"https:\/\/shop.proquipgolf.eu\/de\/wp-json\/wp\/v2\/media?parent=20169"}],"wp:term":[{"taxonomy":"product_brand","embeddable":true,"href":"https:\/\/shop.proquipgolf.eu\/de\/wp-json\/wp\/v2\/product_brand?post=20169"},{"taxonomy":"product_cat","embeddable":true,"href":"https:\/\/shop.proquipgolf.eu\/de\/wp-json\/wp\/v2\/product_cat?post=20169"},{"taxonomy":"product_tag","embeddable":true,"href":"https:\/\/shop.proquipgolf.eu\/de\/wp-json\/wp\/v2\/product_tag?post=20169"}],"curies":[{"name":"wp","href":"https:\/\/api.w.org\/{rel}","templated":true}]}}