{"id":19209,"date":"2024-11-07T18:38:48","date_gmt":"2024-11-07T17:38:48","guid":{"rendered":"https:\/\/shop.proquipgolf.eu\/?post_type=product&#038;p=19209"},"modified":"2025-11-21T16:50:55","modified_gmt":"2025-11-21T15:50:55","slug":"proquip-therma-tour-jane-damen-golfjacke-schwarz-kopirovat-kopirovat-kopirovat-kopirovat-kopirovat","status":"publish","type":"product","link":"https:\/\/shop.proquipgolf.eu\/de\/produkt\/proquip-therma-tour-jane-damen-golfjacke-schwarz-kopirovat-kopirovat-kopirovat-kopirovat-kopirovat\/","title":{"rendered":"ProQuip LEVANTE Herren Golf Sweatshirt &#8211; blau"},"content":{"rendered":"<p><a href=\"https:\/\/shop.proquipgolf.eu\/wp-content\/uploads\/2024\/12\/LEVANTE-2-2.mp4\"><img fetchpriority=\"high\" decoding=\"async\" class=\"alignnone wp-image-21072 size-full\" src=\"https:\/\/shop.proquipgolf.eu\/wp-content\/uploads\/2024\/12\/levante-flyer.jpg\" alt=\"\" width=\"2000\" height=\"1088\" srcset=\"https:\/\/shop.proquipgolf.eu\/wp-content\/uploads\/2024\/12\/levante-flyer.jpg 2000w, https:\/\/shop.proquipgolf.eu\/wp-content\/uploads\/2024\/12\/levante-flyer-595x324.jpg 595w, https:\/\/shop.proquipgolf.eu\/wp-content\/uploads\/2024\/12\/levante-flyer-1190x647.jpg 1190w, https:\/\/shop.proquipgolf.eu\/wp-content\/uploads\/2024\/12\/levante-flyer-768x418.jpg 768w, https:\/\/shop.proquipgolf.eu\/wp-content\/uploads\/2024\/12\/levante-flyer-1536x836.jpg 1536w, https:\/\/shop.proquipgolf.eu\/wp-content\/uploads\/2024\/12\/levante-flyer-350x190.jpg 350w, https:\/\/shop.proquipgolf.eu\/wp-content\/uploads\/2024\/12\/levante-flyer-680x370.jpg 680w\" sizes=\"(max-width: 2000px) 100vw, 2000px\" \/><\/a><\/p>\n<p>Ein luxuri\u00f6ses Oberteil aus hochwertigem, geb\u00fcrstetem Stoff mit wasserabweisender Ausr\u00fcstung f\u00fcr Schutz bei milderem Regen.<\/p>\n<p>Ein stilvolles und funktionelles Sweatshirt f\u00fcr kaltes Wetter mit einer superweichen, strapazierf\u00e4higen Textur und einer inneren Fleece-Schicht, die auf und neben dem Platz f\u00fcr zus\u00e4tzliche W\u00e4rme sorgt.<\/p>\n<p>Es ist aus einem weichen, leistungsf\u00e4higen Stretchmaterial gefertigt, das perfekt auf das Drehmoment w\u00e4hrend des Schwungs reagiert und absolute Bewegungsfreiheit gew\u00e4hrleistet.<\/p>\n<p>Ein erh\u00f6hter Rei\u00dfverschlusskragen sorgt f\u00fcr Windschutz und vor allem f\u00fcr W\u00e4rme am Hals.<\/p>\n<p>94% Polyester und 6% Elasthan<\/p>\n","protected":false},"excerpt":{"rendered":"<p><strong>NEU<\/strong><\/p>\n<p>&#8211; ultrafeines geb\u00fcrstetes Gewebe<br \/>\n&#8211; wasserabweisende Ausr\u00fcstung <em><strong>DWR<\/strong><\/em> f\u00fcr Schutz bei leichtem Regen<br \/>\n&#8211; leistungsf\u00e4higes Stretchgewebe <em><strong>4-Wege<\/strong><\/em> f\u00fcr absolute Bewegungsfreiheit<br \/>\n&#8211; warme Innenseite <em><strong>Fleece<\/strong><\/em> f\u00fcr W\u00e4rme und Komfort<br \/>\n&#8211; hohe Atmungsaktivit\u00e4t f\u00fcr optimale Thermoregulierung<br \/>\n&#8211; isolierter, erh\u00f6hter Kragen<br \/>\n&#8211; pflegeleicht<\/p>\n<p><strong>Andere Farbvarianten<\/strong><\/p>\n<p><a href=\"https:\/\/shop.proquipgolf.eu\/de\/produkt\/proquip-therma-tour-jane-damen-golfjacke-schwarz-kopirovat-kopirovat-kopirovat-kopirovat-6\/\"><img decoding=\"async\" class=\"alignnone wp-image-18328\" src=\"https:\/\/shop.proquipgolf.eu\/wp-content\/uploads\/2024\/10\/LEVANTE_MID-GREY-2.jpg\" alt=\"\" width=\"106\" height=\"129\"><\/a><a href=\"https:\/\/shop.proquipgolf.eu\/de\/produkt\/proquip-therma-tour-jane-damen-golfjacke-schwarz-kopirovat-kopirovat-kopirovat-kopirovat-kopirovat-kopirovat\/\"><img decoding=\"async\" class=\"alignnone wp-image-18328\" src=\"https:\/\/shop.proquipgolf.eu\/wp-content\/uploads\/2024\/10\/LEVANTE_INSIGNIA-BLUE-3.jpg\" alt=\"\" width=\"106\" height=\"129\"><\/a><\/p>\n","protected":false},"featured_media":19216,"comment_status":"open","ping_status":"closed","template":"","meta":{"inline_featured_image":false},"product_brand":[],"product_cat":[338,345,398],"product_tag":[],"class_list":{"0":"post-19209","1":"product","2":"type-product","3":"status-publish","4":"has-post-thumbnail","6":"product_cat-manner","7":"product_cat-sweatshirts","8":"product_cat-verkauf-de","9":"pa_dle-pocasi-der-wind","10":"pa_dle-pocasi-kalt","11":"pa_velikost-l-de","12":"pa_velikost-m-de","13":"pa_velikost-s-de","14":"pa_velikost-xl-de","15":"pa_velikost-xxl-de","16":"pa_vrstva-ausere-mittelschicht","18":"first","19":"instock","20":"sale","21":"taxable","22":"shipping-taxable","23":"purchasable","24":"product-type-variable"},"yoast_head":"<!-- This site is optimized with the Yoast SEO plugin v26.4 - https:\/\/yoast.com\/wordpress\/plugins\/seo\/ -->\n<title>ProQuip LEVANTE Herren Golf Sweatshirt - blau<\/title>\n<meta name=\"description\" content=\"Ein stilvolles und funktionelles Sweatshirt f\u00fcr kaltes Wetter mit einer sehr weichen, strapazierf\u00e4higen Struktur und einer inneren Fleece-Schicht, die f\u00fcr zus\u00e4tzliche W\u00e4rme sorgt\" \/>\n<meta name=\"robots\" content=\"index, follow, max-snippet:-1, max-image-preview:large, max-video-preview:-1\" \/>\n<link rel=\"canonical\" href=\"https:\/\/shop.proquipgolf.eu\/de\/produkt\/proquip-therma-tour-jane-damen-golfjacke-schwarz-kopirovat-kopirovat-kopirovat-kopirovat-kopirovat\/\" \/>\n<meta property=\"og:locale\" content=\"de_DE\" \/>\n<meta property=\"og:type\" content=\"article\" \/>\n<meta property=\"og:title\" content=\"ProQuip LEVANTE Herren Golf Sweatshirt - blau\" \/>\n<meta property=\"og:description\" content=\"Ein stilvolles und funktionelles Sweatshirt f\u00fcr kaltes Wetter mit einer sehr weichen, strapazierf\u00e4higen Struktur und einer inneren Fleece-Schicht, die f\u00fcr zus\u00e4tzliche W\u00e4rme sorgt\" \/>\n<meta property=\"og:url\" content=\"https:\/\/shop.proquipgolf.eu\/de\/produkt\/proquip-therma-tour-jane-damen-golfjacke-schwarz-kopirovat-kopirovat-kopirovat-kopirovat-kopirovat\/\" \/>\n<meta property=\"og:site_name\" content=\"ProQuip Golf\" \/>\n<meta property=\"article:modified_time\" content=\"2025-11-21T15:50:55+00:00\" \/>\n<meta property=\"og:image\" content=\"https:\/\/shop.proquipgolf.eu\/wp-content\/uploads\/2024\/10\/LEVANTE_MARITIME-BLUE-2.jpg\" \/>\n\t<meta property=\"og:image:width\" content=\"1232\" \/>\n\t<meta property=\"og:image:height\" content=\"1500\" \/>\n\t<meta property=\"og:image:type\" content=\"image\/jpeg\" \/>\n<meta name=\"twitter:card\" content=\"summary_large_image\" \/>\n<script type=\"application\/ld+json\" class=\"yoast-schema-graph\">{\"@context\":\"https:\/\/schema.org\",\"@graph\":[{\"@type\":\"WebPage\",\"@id\":\"https:\/\/shop.proquipgolf.eu\/de\/produkt\/proquip-therma-tour-jane-damen-golfjacke-schwarz-kopirovat-kopirovat-kopirovat-kopirovat-kopirovat\/\",\"url\":\"https:\/\/shop.proquipgolf.eu\/de\/produkt\/proquip-therma-tour-jane-damen-golfjacke-schwarz-kopirovat-kopirovat-kopirovat-kopirovat-kopirovat\/\",\"name\":\"ProQuip LEVANTE Herren Golf Sweatshirt - blau\",\"isPartOf\":{\"@id\":\"https:\/\/shop.proquipgolf.eu\/de\/#website\"},\"primaryImageOfPage\":{\"@id\":\"https:\/\/shop.proquipgolf.eu\/de\/produkt\/proquip-therma-tour-jane-damen-golfjacke-schwarz-kopirovat-kopirovat-kopirovat-kopirovat-kopirovat\/#primaryimage\"},\"image\":{\"@id\":\"https:\/\/shop.proquipgolf.eu\/de\/produkt\/proquip-therma-tour-jane-damen-golfjacke-schwarz-kopirovat-kopirovat-kopirovat-kopirovat-kopirovat\/#primaryimage\"},\"thumbnailUrl\":\"https:\/\/shop.proquipgolf.eu\/wp-content\/uploads\/2024\/10\/LEVANTE_MARITIME-BLUE-2.jpg\",\"datePublished\":\"2024-11-07T17:38:48+00:00\",\"dateModified\":\"2025-11-21T15:50:55+00:00\",\"description\":\"Ein stilvolles und funktionelles Sweatshirt f\u00fcr kaltes Wetter mit einer sehr weichen, strapazierf\u00e4higen Struktur und einer inneren Fleece-Schicht, die f\u00fcr zus\u00e4tzliche W\u00e4rme sorgt\",\"breadcrumb\":{\"@id\":\"https:\/\/shop.proquipgolf.eu\/de\/produkt\/proquip-therma-tour-jane-damen-golfjacke-schwarz-kopirovat-kopirovat-kopirovat-kopirovat-kopirovat\/#breadcrumb\"},\"inLanguage\":\"de\",\"potentialAction\":[{\"@type\":\"ReadAction\",\"target\":[\"https:\/\/shop.proquipgolf.eu\/de\/produkt\/proquip-therma-tour-jane-damen-golfjacke-schwarz-kopirovat-kopirovat-kopirovat-kopirovat-kopirovat\/\"]}]},{\"@type\":\"ImageObject\",\"inLanguage\":\"de\",\"@id\":\"https:\/\/shop.proquipgolf.eu\/de\/produkt\/proquip-therma-tour-jane-damen-golfjacke-schwarz-kopirovat-kopirovat-kopirovat-kopirovat-kopirovat\/#primaryimage\",\"url\":\"https:\/\/shop.proquipgolf.eu\/wp-content\/uploads\/2024\/10\/LEVANTE_MARITIME-BLUE-2.jpg\",\"contentUrl\":\"https:\/\/shop.proquipgolf.eu\/wp-content\/uploads\/2024\/10\/LEVANTE_MARITIME-BLUE-2.jpg\",\"width\":1232,\"height\":1500},{\"@type\":\"BreadcrumbList\",\"@id\":\"https:\/\/shop.proquipgolf.eu\/de\/produkt\/proquip-therma-tour-jane-damen-golfjacke-schwarz-kopirovat-kopirovat-kopirovat-kopirovat-kopirovat\/#breadcrumb\",\"itemListElement\":[{\"@type\":\"ListItem\",\"position\":1,\"name\":\"Dom\u016f\",\"item\":\"https:\/\/shop.proquipgolf.eu\/de\/\"},{\"@type\":\"ListItem\",\"position\":2,\"name\":\"Shop\",\"item\":\"https:\/\/shop.proquipgolf.eu\/de\/shop-2\/\"},{\"@type\":\"ListItem\",\"position\":3,\"name\":\"ProQuip LEVANTE Herren Golf Sweatshirt &#8211; blau\"}]},{\"@type\":\"WebSite\",\"@id\":\"https:\/\/shop.proquipgolf.eu\/de\/#website\",\"url\":\"https:\/\/shop.proquipgolf.eu\/de\/\",\"name\":\"ProQuip Golf\",\"description\":\"Nejodoln\u011bj\u0161\u00ed golfov\u00e9 oble\u010den\u00ed s do\u017eivotn\u00ed garanc\u00ed\",\"potentialAction\":[{\"@type\":\"SearchAction\",\"target\":{\"@type\":\"EntryPoint\",\"urlTemplate\":\"https:\/\/shop.proquipgolf.eu\/de\/?s={search_term_string}\"},\"query-input\":{\"@type\":\"PropertyValueSpecification\",\"valueRequired\":true,\"valueName\":\"search_term_string\"}}],\"inLanguage\":\"de\"}]}<\/script>\n<!-- \/ Yoast SEO plugin. -->","yoast_head_json":{"title":"ProQuip LEVANTE Herren Golf Sweatshirt - blau","description":"Ein stilvolles und funktionelles Sweatshirt f\u00fcr kaltes Wetter mit einer sehr weichen, strapazierf\u00e4higen Struktur und einer inneren Fleece-Schicht, die f\u00fcr zus\u00e4tzliche W\u00e4rme sorgt","robots":{"index":"index","follow":"follow","max-snippet":"max-snippet:-1","max-image-preview":"max-image-preview:large","max-video-preview":"max-video-preview:-1"},"canonical":"https:\/\/shop.proquipgolf.eu\/de\/produkt\/proquip-therma-tour-jane-damen-golfjacke-schwarz-kopirovat-kopirovat-kopirovat-kopirovat-kopirovat\/","og_locale":"de_DE","og_type":"article","og_title":"ProQuip LEVANTE Herren Golf Sweatshirt - blau","og_description":"Ein stilvolles und funktionelles Sweatshirt f\u00fcr kaltes Wetter mit einer sehr weichen, strapazierf\u00e4higen Struktur und einer inneren Fleece-Schicht, die f\u00fcr zus\u00e4tzliche W\u00e4rme sorgt","og_url":"https:\/\/shop.proquipgolf.eu\/de\/produkt\/proquip-therma-tour-jane-damen-golfjacke-schwarz-kopirovat-kopirovat-kopirovat-kopirovat-kopirovat\/","og_site_name":"ProQuip Golf","article_modified_time":"2025-11-21T15:50:55+00:00","og_image":[{"width":1232,"height":1500,"url":"https:\/\/shop.proquipgolf.eu\/wp-content\/uploads\/2024\/10\/LEVANTE_MARITIME-BLUE-2.jpg","type":"image\/jpeg"}],"twitter_card":"summary_large_image","schema":{"@context":"https:\/\/schema.org","@graph":[{"@type":"WebPage","@id":"https:\/\/shop.proquipgolf.eu\/de\/produkt\/proquip-therma-tour-jane-damen-golfjacke-schwarz-kopirovat-kopirovat-kopirovat-kopirovat-kopirovat\/","url":"https:\/\/shop.proquipgolf.eu\/de\/produkt\/proquip-therma-tour-jane-damen-golfjacke-schwarz-kopirovat-kopirovat-kopirovat-kopirovat-kopirovat\/","name":"ProQuip LEVANTE Herren Golf Sweatshirt - blau","isPartOf":{"@id":"https:\/\/shop.proquipgolf.eu\/de\/#website"},"primaryImageOfPage":{"@id":"https:\/\/shop.proquipgolf.eu\/de\/produkt\/proquip-therma-tour-jane-damen-golfjacke-schwarz-kopirovat-kopirovat-kopirovat-kopirovat-kopirovat\/#primaryimage"},"image":{"@id":"https:\/\/shop.proquipgolf.eu\/de\/produkt\/proquip-therma-tour-jane-damen-golfjacke-schwarz-kopirovat-kopirovat-kopirovat-kopirovat-kopirovat\/#primaryimage"},"thumbnailUrl":"https:\/\/shop.proquipgolf.eu\/wp-content\/uploads\/2024\/10\/LEVANTE_MARITIME-BLUE-2.jpg","datePublished":"2024-11-07T17:38:48+00:00","dateModified":"2025-11-21T15:50:55+00:00","description":"Ein stilvolles und funktionelles Sweatshirt f\u00fcr kaltes Wetter mit einer sehr weichen, strapazierf\u00e4higen Struktur und einer inneren Fleece-Schicht, die f\u00fcr zus\u00e4tzliche W\u00e4rme sorgt","breadcrumb":{"@id":"https:\/\/shop.proquipgolf.eu\/de\/produkt\/proquip-therma-tour-jane-damen-golfjacke-schwarz-kopirovat-kopirovat-kopirovat-kopirovat-kopirovat\/#breadcrumb"},"inLanguage":"de","potentialAction":[{"@type":"ReadAction","target":["https:\/\/shop.proquipgolf.eu\/de\/produkt\/proquip-therma-tour-jane-damen-golfjacke-schwarz-kopirovat-kopirovat-kopirovat-kopirovat-kopirovat\/"]}]},{"@type":"ImageObject","inLanguage":"de","@id":"https:\/\/shop.proquipgolf.eu\/de\/produkt\/proquip-therma-tour-jane-damen-golfjacke-schwarz-kopirovat-kopirovat-kopirovat-kopirovat-kopirovat\/#primaryimage","url":"https:\/\/shop.proquipgolf.eu\/wp-content\/uploads\/2024\/10\/LEVANTE_MARITIME-BLUE-2.jpg","contentUrl":"https:\/\/shop.proquipgolf.eu\/wp-content\/uploads\/2024\/10\/LEVANTE_MARITIME-BLUE-2.jpg","width":1232,"height":1500},{"@type":"BreadcrumbList","@id":"https:\/\/shop.proquipgolf.eu\/de\/produkt\/proquip-therma-tour-jane-damen-golfjacke-schwarz-kopirovat-kopirovat-kopirovat-kopirovat-kopirovat\/#breadcrumb","itemListElement":[{"@type":"ListItem","position":1,"name":"Dom\u016f","item":"https:\/\/shop.proquipgolf.eu\/de\/"},{"@type":"ListItem","position":2,"name":"Shop","item":"https:\/\/shop.proquipgolf.eu\/de\/shop-2\/"},{"@type":"ListItem","position":3,"name":"ProQuip LEVANTE Herren Golf Sweatshirt &#8211; blau"}]},{"@type":"WebSite","@id":"https:\/\/shop.proquipgolf.eu\/de\/#website","url":"https:\/\/shop.proquipgolf.eu\/de\/","name":"ProQuip Golf","description":"Nejodoln\u011bj\u0161\u00ed golfov\u00e9 oble\u010den\u00ed s do\u017eivotn\u00ed garanc\u00ed","potentialAction":[{"@type":"SearchAction","target":{"@type":"EntryPoint","urlTemplate":"https:\/\/shop.proquipgolf.eu\/de\/?s={search_term_string}"},"query-input":{"@type":"PropertyValueSpecification","valueRequired":true,"valueName":"search_term_string"}}],"inLanguage":"de"}]}},"_links":{"self":[{"href":"https:\/\/shop.proquipgolf.eu\/de\/wp-json\/wp\/v2\/product\/19209","targetHints":{"allow":["GET"]}}],"collection":[{"href":"https:\/\/shop.proquipgolf.eu\/de\/wp-json\/wp\/v2\/product"}],"about":[{"href":"https:\/\/shop.proquipgolf.eu\/de\/wp-json\/wp\/v2\/types\/product"}],"replies":[{"embeddable":true,"href":"https:\/\/shop.proquipgolf.eu\/de\/wp-json\/wp\/v2\/comments?post=19209"}],"wp:featuredmedia":[{"embeddable":true,"href":"https:\/\/shop.proquipgolf.eu\/de\/wp-json\/wp\/v2\/media\/19216"}],"wp:attachment":[{"href":"https:\/\/shop.proquipgolf.eu\/de\/wp-json\/wp\/v2\/media?parent=19209"}],"wp:term":[{"taxonomy":"product_brand","embeddable":true,"href":"https:\/\/shop.proquipgolf.eu\/de\/wp-json\/wp\/v2\/product_brand?post=19209"},{"taxonomy":"product_cat","embeddable":true,"href":"https:\/\/shop.proquipgolf.eu\/de\/wp-json\/wp\/v2\/product_cat?post=19209"},{"taxonomy":"product_tag","embeddable":true,"href":"https:\/\/shop.proquipgolf.eu\/de\/wp-json\/wp\/v2\/product_tag?post=19209"}],"curies":[{"name":"wp","href":"https:\/\/api.w.org\/{rel}","templated":true}]}}