{"id":18583,"date":"2024-10-15T18:38:32","date_gmt":"2024-10-15T16:38:32","guid":{"rendered":"https:\/\/shop.proquipgolf.eu\/?post_type=product&#038;p=18583"},"modified":"2025-05-09T14:47:49","modified_gmt":"2025-05-09T12:47:49","slug":"proquip-therma-tour-jane-damen-golfjacke-schwarz-kopirovat-kopirovat","status":"publish","type":"product","link":"https:\/\/shop.proquipgolf.eu\/de\/produkt\/proquip-therma-tour-jane-damen-golfjacke-schwarz-kopirovat-kopirovat\/","title":{"rendered":"ProQuip POPPY Damen Golf Thermojacke &#8211; Silber"},"content":{"rendered":"<p>Eine modische und funktionelle Hybrid-Thermojacke f\u00fcr Wind und K\u00e4lte mit einer superweichen Oberschicht und isoliertem Futter f\u00fcr zus\u00e4tzliche W\u00e4rme auf und neben dem Platz.<\/p>\n<p>Die \u00c4rmel, die H\u00fcfte und der R\u00fccken sind aus weichem, leistungsf\u00e4higem Stretchmaterial gefertigt, das perfekt auf das Drehmoment w\u00e4hrend des Schwungs reagiert und f\u00fcr absolute Bewegungsfreiheit sorgt.<\/p>\n<p>Fleecekragen sorgt f\u00fcr W\u00e4rme im Nackenbereich und die Innentaschen mit Rei\u00dfverschluss sind ideal, um eine Scorekarte oder einen Handschuh zu verstauen.<\/p>\n","protected":false},"excerpt":{"rendered":"<p><strong>NEU<\/strong><\/p>\n<p>&#8211; winddicht\/atmungsaktiv<br \/>\n&#8211; oberste Schicht aus Feinstrick und isolierten Eins\u00e4tzen<br \/>\n&#8211; ultrawarmes Futter f\u00fcr zus\u00e4tzliche W\u00e4rme<br \/>\n&#8211; leistungsf\u00e4higes Stretchmaterial <em><strong>4-Wege<\/strong><\/em> f\u00fcr absolute Bewegungsfreiheit<br \/>\n&#8211; isolierter, erh\u00f6hter Kragen<br \/>\n&#8211; Innentasche zur Aufbewahrung von Handschuhen oder Scorecards<\/p>\n<p><strong>Andere Farbvarianten<\/strong><\/p>\n<p><a href=\"https:\/\/shop.proquipgolf.eu\/de\/?post_type=product&#038;p=18549\"><img decoding=\"async\" class=\"alignnone wp-image-18328\" src=\"https:\/\/shop.proquipgolf.eu\/wp-content\/uploads\/2024\/09\/POPPY_BLACK-3b.jpg\" alt=\"\" width=\"106\" height=\"129\"><\/a><a href=\"https:\/\/shop.proquipgolf.eu\/de\/?post_type=product&#038;p=18614\"><img decoding=\"async\" class=\"alignnone wp-image-17766\" src=\"https:\/\/shop.proquipgolf.eu\/wp-content\/uploads\/2024\/09\/POPPY_NAVY-4b.jpg\" alt=\"\" width=\"106\" height=\"129\"><\/a><\/p>\n<p><strong><span style=\"color: #77bdf2;\"><em>* F\u00fcr dieses Modell empfehlen wir Ihnen, immer eine Gr\u00f6\u00dfe kleiner zu w\u00e4hlen als Sie es gewohnt sind.<\/em><\/span><\/strong><\/p>\n","protected":false},"featured_media":18591,"comment_status":"open","ping_status":"closed","template":"","meta":{"inline_featured_image":false},"product_brand":[],"product_cat":[341,389],"product_tag":[],"class_list":{"0":"post-18583","1":"product","2":"type-product","3":"status-publish","4":"has-post-thumbnail","6":"product_cat-frauen","7":"product_cat-jacken-de","8":"pa_dle-pocasi-der-wind","9":"pa_dle-pocasi-kalt","10":"pa_velikost-l-de","11":"pa_velikost-m-de","12":"pa_velikost-s-de","13":"pa_velikost-xl-de","14":"pa_velikost-xs-de","15":"pa_velikost-xxl-de","16":"pa_vrstva-ausere-mittelschicht","18":"first","19":"instock","20":"taxable","21":"shipping-taxable","22":"purchasable","23":"product-type-variable"},"yoast_head":"<!-- This site is optimized with the Yoast SEO plugin v26.4 - https:\/\/yoast.com\/wordpress\/plugins\/seo\/ -->\n<title>ProQuip POPPY Damen Golf Thermojacke - Silber<\/title>\n<meta name=\"description\" content=\"Eine modische und funktionelle Hybrid-Thermojacke f\u00fcr Wind und K\u00e4lte mit einer sehr weichen oberen Schicht und einem isolierten Futter, das nicht nur auf dem Gr\u00fcn f\u00fcr zus\u00e4tzliche W\u00e4rme sorgt.\" \/>\n<meta name=\"robots\" content=\"index, follow, max-snippet:-1, max-image-preview:large, max-video-preview:-1\" \/>\n<link rel=\"canonical\" href=\"https:\/\/shop.proquipgolf.eu\/de\/produkt\/proquip-therma-tour-jane-damen-golfjacke-schwarz-kopirovat-kopirovat\/\" \/>\n<meta property=\"og:locale\" content=\"de_DE\" \/>\n<meta property=\"og:type\" content=\"article\" \/>\n<meta property=\"og:title\" content=\"ProQuip POPPY Damen Golf Thermojacke - Silber\" \/>\n<meta property=\"og:description\" content=\"Eine modische und funktionelle Hybrid-Thermojacke f\u00fcr Wind und K\u00e4lte mit einer sehr weichen oberen Schicht und einem isolierten Futter, das nicht nur auf dem Gr\u00fcn f\u00fcr zus\u00e4tzliche W\u00e4rme sorgt.\" \/>\n<meta property=\"og:url\" content=\"https:\/\/shop.proquipgolf.eu\/de\/produkt\/proquip-therma-tour-jane-damen-golfjacke-schwarz-kopirovat-kopirovat\/\" \/>\n<meta property=\"og:site_name\" content=\"ProQuip Golf\" \/>\n<meta property=\"article:modified_time\" content=\"2025-05-09T12:47:49+00:00\" \/>\n<meta property=\"og:image\" content=\"https:\/\/shop.proquipgolf.eu\/wp-content\/uploads\/2024\/09\/POPPY_SILVER-3b.jpg\" \/>\n\t<meta property=\"og:image:width\" content=\"1232\" \/>\n\t<meta property=\"og:image:height\" content=\"1500\" \/>\n\t<meta property=\"og:image:type\" content=\"image\/jpeg\" \/>\n<meta name=\"twitter:card\" content=\"summary_large_image\" \/>\n<script type=\"application\/ld+json\" class=\"yoast-schema-graph\">{\"@context\":\"https:\/\/schema.org\",\"@graph\":[{\"@type\":\"WebPage\",\"@id\":\"https:\/\/shop.proquipgolf.eu\/de\/produkt\/proquip-therma-tour-jane-damen-golfjacke-schwarz-kopirovat-kopirovat\/\",\"url\":\"https:\/\/shop.proquipgolf.eu\/de\/produkt\/proquip-therma-tour-jane-damen-golfjacke-schwarz-kopirovat-kopirovat\/\",\"name\":\"ProQuip POPPY Damen Golf Thermojacke - Silber\",\"isPartOf\":{\"@id\":\"https:\/\/shop.proquipgolf.eu\/de\/#website\"},\"primaryImageOfPage\":{\"@id\":\"https:\/\/shop.proquipgolf.eu\/de\/produkt\/proquip-therma-tour-jane-damen-golfjacke-schwarz-kopirovat-kopirovat\/#primaryimage\"},\"image\":{\"@id\":\"https:\/\/shop.proquipgolf.eu\/de\/produkt\/proquip-therma-tour-jane-damen-golfjacke-schwarz-kopirovat-kopirovat\/#primaryimage\"},\"thumbnailUrl\":\"https:\/\/shop.proquipgolf.eu\/wp-content\/uploads\/2024\/09\/POPPY_SILVER-3b.jpg\",\"datePublished\":\"2024-10-15T16:38:32+00:00\",\"dateModified\":\"2025-05-09T12:47:49+00:00\",\"description\":\"Eine modische und funktionelle Hybrid-Thermojacke f\u00fcr Wind und K\u00e4lte mit einer sehr weichen oberen Schicht und einem isolierten Futter, das nicht nur auf dem Gr\u00fcn f\u00fcr zus\u00e4tzliche W\u00e4rme sorgt.\",\"breadcrumb\":{\"@id\":\"https:\/\/shop.proquipgolf.eu\/de\/produkt\/proquip-therma-tour-jane-damen-golfjacke-schwarz-kopirovat-kopirovat\/#breadcrumb\"},\"inLanguage\":\"de\",\"potentialAction\":[{\"@type\":\"ReadAction\",\"target\":[\"https:\/\/shop.proquipgolf.eu\/de\/produkt\/proquip-therma-tour-jane-damen-golfjacke-schwarz-kopirovat-kopirovat\/\"]}]},{\"@type\":\"ImageObject\",\"inLanguage\":\"de\",\"@id\":\"https:\/\/shop.proquipgolf.eu\/de\/produkt\/proquip-therma-tour-jane-damen-golfjacke-schwarz-kopirovat-kopirovat\/#primaryimage\",\"url\":\"https:\/\/shop.proquipgolf.eu\/wp-content\/uploads\/2024\/09\/POPPY_SILVER-3b.jpg\",\"contentUrl\":\"https:\/\/shop.proquipgolf.eu\/wp-content\/uploads\/2024\/09\/POPPY_SILVER-3b.jpg\",\"width\":1232,\"height\":1500},{\"@type\":\"BreadcrumbList\",\"@id\":\"https:\/\/shop.proquipgolf.eu\/de\/produkt\/proquip-therma-tour-jane-damen-golfjacke-schwarz-kopirovat-kopirovat\/#breadcrumb\",\"itemListElement\":[{\"@type\":\"ListItem\",\"position\":1,\"name\":\"Dom\u016f\",\"item\":\"https:\/\/shop.proquipgolf.eu\/de\/\"},{\"@type\":\"ListItem\",\"position\":2,\"name\":\"Shop\",\"item\":\"https:\/\/shop.proquipgolf.eu\/de\/shop-2\/\"},{\"@type\":\"ListItem\",\"position\":3,\"name\":\"ProQuip POPPY Damen Golf Thermojacke &#8211; Silber\"}]},{\"@type\":\"WebSite\",\"@id\":\"https:\/\/shop.proquipgolf.eu\/de\/#website\",\"url\":\"https:\/\/shop.proquipgolf.eu\/de\/\",\"name\":\"ProQuip Golf\",\"description\":\"Nejodoln\u011bj\u0161\u00ed golfov\u00e9 oble\u010den\u00ed s do\u017eivotn\u00ed garanc\u00ed\",\"potentialAction\":[{\"@type\":\"SearchAction\",\"target\":{\"@type\":\"EntryPoint\",\"urlTemplate\":\"https:\/\/shop.proquipgolf.eu\/de\/?s={search_term_string}\"},\"query-input\":{\"@type\":\"PropertyValueSpecification\",\"valueRequired\":true,\"valueName\":\"search_term_string\"}}],\"inLanguage\":\"de\"}]}<\/script>\n<!-- \/ Yoast SEO plugin. -->","yoast_head_json":{"title":"ProQuip POPPY Damen Golf Thermojacke - Silber","description":"Eine modische und funktionelle Hybrid-Thermojacke f\u00fcr Wind und K\u00e4lte mit einer sehr weichen oberen Schicht und einem isolierten Futter, das nicht nur auf dem Gr\u00fcn f\u00fcr zus\u00e4tzliche W\u00e4rme sorgt.","robots":{"index":"index","follow":"follow","max-snippet":"max-snippet:-1","max-image-preview":"max-image-preview:large","max-video-preview":"max-video-preview:-1"},"canonical":"https:\/\/shop.proquipgolf.eu\/de\/produkt\/proquip-therma-tour-jane-damen-golfjacke-schwarz-kopirovat-kopirovat\/","og_locale":"de_DE","og_type":"article","og_title":"ProQuip POPPY Damen Golf Thermojacke - Silber","og_description":"Eine modische und funktionelle Hybrid-Thermojacke f\u00fcr Wind und K\u00e4lte mit einer sehr weichen oberen Schicht und einem isolierten Futter, das nicht nur auf dem Gr\u00fcn f\u00fcr zus\u00e4tzliche W\u00e4rme sorgt.","og_url":"https:\/\/shop.proquipgolf.eu\/de\/produkt\/proquip-therma-tour-jane-damen-golfjacke-schwarz-kopirovat-kopirovat\/","og_site_name":"ProQuip Golf","article_modified_time":"2025-05-09T12:47:49+00:00","og_image":[{"width":1232,"height":1500,"url":"https:\/\/shop.proquipgolf.eu\/wp-content\/uploads\/2024\/09\/POPPY_SILVER-3b.jpg","type":"image\/jpeg"}],"twitter_card":"summary_large_image","schema":{"@context":"https:\/\/schema.org","@graph":[{"@type":"WebPage","@id":"https:\/\/shop.proquipgolf.eu\/de\/produkt\/proquip-therma-tour-jane-damen-golfjacke-schwarz-kopirovat-kopirovat\/","url":"https:\/\/shop.proquipgolf.eu\/de\/produkt\/proquip-therma-tour-jane-damen-golfjacke-schwarz-kopirovat-kopirovat\/","name":"ProQuip POPPY Damen Golf Thermojacke - Silber","isPartOf":{"@id":"https:\/\/shop.proquipgolf.eu\/de\/#website"},"primaryImageOfPage":{"@id":"https:\/\/shop.proquipgolf.eu\/de\/produkt\/proquip-therma-tour-jane-damen-golfjacke-schwarz-kopirovat-kopirovat\/#primaryimage"},"image":{"@id":"https:\/\/shop.proquipgolf.eu\/de\/produkt\/proquip-therma-tour-jane-damen-golfjacke-schwarz-kopirovat-kopirovat\/#primaryimage"},"thumbnailUrl":"https:\/\/shop.proquipgolf.eu\/wp-content\/uploads\/2024\/09\/POPPY_SILVER-3b.jpg","datePublished":"2024-10-15T16:38:32+00:00","dateModified":"2025-05-09T12:47:49+00:00","description":"Eine modische und funktionelle Hybrid-Thermojacke f\u00fcr Wind und K\u00e4lte mit einer sehr weichen oberen Schicht und einem isolierten Futter, das nicht nur auf dem Gr\u00fcn f\u00fcr zus\u00e4tzliche W\u00e4rme sorgt.","breadcrumb":{"@id":"https:\/\/shop.proquipgolf.eu\/de\/produkt\/proquip-therma-tour-jane-damen-golfjacke-schwarz-kopirovat-kopirovat\/#breadcrumb"},"inLanguage":"de","potentialAction":[{"@type":"ReadAction","target":["https:\/\/shop.proquipgolf.eu\/de\/produkt\/proquip-therma-tour-jane-damen-golfjacke-schwarz-kopirovat-kopirovat\/"]}]},{"@type":"ImageObject","inLanguage":"de","@id":"https:\/\/shop.proquipgolf.eu\/de\/produkt\/proquip-therma-tour-jane-damen-golfjacke-schwarz-kopirovat-kopirovat\/#primaryimage","url":"https:\/\/shop.proquipgolf.eu\/wp-content\/uploads\/2024\/09\/POPPY_SILVER-3b.jpg","contentUrl":"https:\/\/shop.proquipgolf.eu\/wp-content\/uploads\/2024\/09\/POPPY_SILVER-3b.jpg","width":1232,"height":1500},{"@type":"BreadcrumbList","@id":"https:\/\/shop.proquipgolf.eu\/de\/produkt\/proquip-therma-tour-jane-damen-golfjacke-schwarz-kopirovat-kopirovat\/#breadcrumb","itemListElement":[{"@type":"ListItem","position":1,"name":"Dom\u016f","item":"https:\/\/shop.proquipgolf.eu\/de\/"},{"@type":"ListItem","position":2,"name":"Shop","item":"https:\/\/shop.proquipgolf.eu\/de\/shop-2\/"},{"@type":"ListItem","position":3,"name":"ProQuip POPPY Damen Golf Thermojacke &#8211; Silber"}]},{"@type":"WebSite","@id":"https:\/\/shop.proquipgolf.eu\/de\/#website","url":"https:\/\/shop.proquipgolf.eu\/de\/","name":"ProQuip Golf","description":"Nejodoln\u011bj\u0161\u00ed golfov\u00e9 oble\u010den\u00ed s do\u017eivotn\u00ed garanc\u00ed","potentialAction":[{"@type":"SearchAction","target":{"@type":"EntryPoint","urlTemplate":"https:\/\/shop.proquipgolf.eu\/de\/?s={search_term_string}"},"query-input":{"@type":"PropertyValueSpecification","valueRequired":true,"valueName":"search_term_string"}}],"inLanguage":"de"}]}},"_links":{"self":[{"href":"https:\/\/shop.proquipgolf.eu\/de\/wp-json\/wp\/v2\/product\/18583","targetHints":{"allow":["GET"]}}],"collection":[{"href":"https:\/\/shop.proquipgolf.eu\/de\/wp-json\/wp\/v2\/product"}],"about":[{"href":"https:\/\/shop.proquipgolf.eu\/de\/wp-json\/wp\/v2\/types\/product"}],"replies":[{"embeddable":true,"href":"https:\/\/shop.proquipgolf.eu\/de\/wp-json\/wp\/v2\/comments?post=18583"}],"wp:featuredmedia":[{"embeddable":true,"href":"https:\/\/shop.proquipgolf.eu\/de\/wp-json\/wp\/v2\/media\/18591"}],"wp:attachment":[{"href":"https:\/\/shop.proquipgolf.eu\/de\/wp-json\/wp\/v2\/media?parent=18583"}],"wp:term":[{"taxonomy":"product_brand","embeddable":true,"href":"https:\/\/shop.proquipgolf.eu\/de\/wp-json\/wp\/v2\/product_brand?post=18583"},{"taxonomy":"product_cat","embeddable":true,"href":"https:\/\/shop.proquipgolf.eu\/de\/wp-json\/wp\/v2\/product_cat?post=18583"},{"taxonomy":"product_tag","embeddable":true,"href":"https:\/\/shop.proquipgolf.eu\/de\/wp-json\/wp\/v2\/product_tag?post=18583"}],"curies":[{"name":"wp","href":"https:\/\/api.w.org\/{rel}","templated":true}]}}