{"id":17650,"date":"2023-06-11T19:29:50","date_gmt":"2023-06-11T17:29:50","guid":{"rendered":"https:\/\/shop.proquipgolf.eu\/product\/damen-golfjacke-proquip-emily-rosa\/"},"modified":"2025-05-12T15:52:25","modified_gmt":"2025-05-12T13:52:25","slug":"damen-golfjacke-proquip-emily-rosa","status":"publish","type":"product","link":"https:\/\/shop.proquipgolf.eu\/de\/produkt\/damen-golfjacke-proquip-emily-rosa\/","title":{"rendered":"ProQuip EMILY Damen Golf Regenjacke &#8211; rosa"},"content":{"rendered":"<p><strong>EMILY<\/strong> ist ein leistungsstarker Regenanzug mit einer 3-Jahres-Garantie auf Wasserdichtigkeit zu einem g\u00fcnstigen Preis.<\/p>\n<p>Das extrem leichte technische Gewebe mit PU (Polyurethan)-Au\u00dfenschicht bietet vollst\u00e4ndigen Schutz vor Regen, ist atmungsaktiv und leitet Feuchtigkeit vom K\u00f6rper weg, was den Komfort beim Spielen erh\u00f6ht und die K\u00f6rpertemperatur konstant h\u00e4lt.<\/p>\n<p>Auch im Set mit einer dunkelblauen Hose erh\u00e4ltlich ( siehe Zusatzprodukt)<\/p>\n","protected":false},"excerpt":{"rendered":"<p>&#8211; 3 Jahre Wasserdichtigkeitsgarantie<br \/>\n&#8211; wasserdicht<br \/>\n&#8211; extrem leicht und atmungsaktiv<br \/>\n&#8211; wasserdichte Rei\u00dfverschl\u00fcsse<br \/>\n&#8211; abnehmbarer Bund<br \/>\n&#8211; Innentasche f\u00fcr Scorekarte\/Handschuh<br \/>\n&#8211; erh\u00f6hter Kragen f\u00fcr zus\u00e4tzlichen Schutz<\/p>\n<p>100% Polyester<\/p>\n<p><strong>Weitere Farboptionen<\/strong><\/p>\n<p><a href=\"https:\/\/shop.proquipgolf.eu\/de\/produkt\/damen-golfjacke-proquip-emily-dunkelblau\/\"><img decoding=\"async\" class=\"alignnone wp-image-18328\" src=\"https:\/\/shop.proquipgolf.eu\/wp-content\/uploads\/2023\/06\/EMILYNAVY.jpg\" alt=\"\" width=\"106\" height=\"129\"><\/a><\/p>\n","protected":false},"featured_media":11715,"comment_status":"open","ping_status":"closed","template":"","meta":{"inline_featured_image":false},"product_brand":[],"product_cat":[341,389,387],"product_tag":[],"class_list":{"0":"post-17650","1":"product","2":"type-product","3":"status-publish","4":"has-post-thumbnail","6":"product_cat-frauen","7":"product_cat-jacken-de","8":"product_cat-verkauf","9":"pa_dle-pocasi-regen","10":"pa_velikost-l-de","11":"pa_velikost-m-de","12":"pa_velikost-s-de","13":"pa_velikost-xs-de","14":"pa_vrstva-leistungsstarke-ausere-schicht","16":"first","17":"instock","18":"sale","19":"taxable","20":"shipping-taxable","21":"purchasable","22":"product-type-variable"},"yoast_head":"<!-- This site is optimized with the Yoast SEO plugin v26.4 - https:\/\/yoast.com\/wordpress\/plugins\/seo\/ -->\n<title>ProQuip EMILY Damen Golf Regenjacke - rosa<\/title>\n<meta name=\"description\" content=\"EMILY ist ein leistungsstarker Regenanzug mit einer 3-Jahres-Garantie auf Wasserdichtigkeit zu einem g\u00fcnstigen Preis. Er ist atmungsaktiv und transportiert die Feuchtigkeit vom K\u00f6rper weg.\" \/>\n<meta name=\"robots\" content=\"index, follow, max-snippet:-1, max-image-preview:large, max-video-preview:-1\" \/>\n<link rel=\"canonical\" href=\"https:\/\/shop.proquipgolf.eu\/de\/produkt\/damen-golfjacke-proquip-emily-rosa\/\" \/>\n<meta property=\"og:locale\" content=\"de_DE\" \/>\n<meta property=\"og:type\" content=\"article\" \/>\n<meta property=\"og:title\" content=\"ProQuip EMILY Damen Golf Regenjacke - rosa\" \/>\n<meta property=\"og:description\" content=\"EMILY ist ein leistungsstarker Regenanzug mit einer 3-Jahres-Garantie auf Wasserdichtigkeit zu einem g\u00fcnstigen Preis. Er ist atmungsaktiv und transportiert die Feuchtigkeit vom K\u00f6rper weg.\" \/>\n<meta property=\"og:url\" content=\"https:\/\/shop.proquipgolf.eu\/de\/produkt\/damen-golfjacke-proquip-emily-rosa\/\" \/>\n<meta property=\"og:site_name\" content=\"ProQuip Golf\" \/>\n<meta property=\"article:modified_time\" content=\"2025-05-12T13:52:25+00:00\" \/>\n<meta property=\"og:image\" content=\"https:\/\/shop.proquipgolf.eu\/wp-content\/uploads\/2023\/06\/EMILYPINK.jpg\" \/>\n\t<meta property=\"og:image:width\" content=\"1190\" \/>\n\t<meta property=\"og:image:height\" content=\"1448\" \/>\n\t<meta property=\"og:image:type\" content=\"image\/jpeg\" \/>\n<meta name=\"twitter:card\" content=\"summary_large_image\" \/>\n<script type=\"application\/ld+json\" class=\"yoast-schema-graph\">{\"@context\":\"https:\/\/schema.org\",\"@graph\":[{\"@type\":\"WebPage\",\"@id\":\"https:\/\/shop.proquipgolf.eu\/de\/produkt\/damen-golfjacke-proquip-emily-rosa\/\",\"url\":\"https:\/\/shop.proquipgolf.eu\/de\/produkt\/damen-golfjacke-proquip-emily-rosa\/\",\"name\":\"ProQuip EMILY Damen Golf Regenjacke - rosa\",\"isPartOf\":{\"@id\":\"https:\/\/shop.proquipgolf.eu\/de\/#website\"},\"primaryImageOfPage\":{\"@id\":\"https:\/\/shop.proquipgolf.eu\/de\/produkt\/damen-golfjacke-proquip-emily-rosa\/#primaryimage\"},\"image\":{\"@id\":\"https:\/\/shop.proquipgolf.eu\/de\/produkt\/damen-golfjacke-proquip-emily-rosa\/#primaryimage\"},\"thumbnailUrl\":\"https:\/\/shop.proquipgolf.eu\/wp-content\/uploads\/2023\/06\/EMILYPINK.jpg\",\"datePublished\":\"2023-06-11T17:29:50+00:00\",\"dateModified\":\"2025-05-12T13:52:25+00:00\",\"description\":\"EMILY ist ein leistungsstarker Regenanzug mit einer 3-Jahres-Garantie auf Wasserdichtigkeit zu einem g\u00fcnstigen Preis. Er ist atmungsaktiv und transportiert die Feuchtigkeit vom K\u00f6rper weg.\",\"breadcrumb\":{\"@id\":\"https:\/\/shop.proquipgolf.eu\/de\/produkt\/damen-golfjacke-proquip-emily-rosa\/#breadcrumb\"},\"inLanguage\":\"de\",\"potentialAction\":[{\"@type\":\"ReadAction\",\"target\":[\"https:\/\/shop.proquipgolf.eu\/de\/produkt\/damen-golfjacke-proquip-emily-rosa\/\"]}]},{\"@type\":\"ImageObject\",\"inLanguage\":\"de\",\"@id\":\"https:\/\/shop.proquipgolf.eu\/de\/produkt\/damen-golfjacke-proquip-emily-rosa\/#primaryimage\",\"url\":\"https:\/\/shop.proquipgolf.eu\/wp-content\/uploads\/2023\/06\/EMILYPINK.jpg\",\"contentUrl\":\"https:\/\/shop.proquipgolf.eu\/wp-content\/uploads\/2023\/06\/EMILYPINK.jpg\",\"width\":1190,\"height\":1448},{\"@type\":\"BreadcrumbList\",\"@id\":\"https:\/\/shop.proquipgolf.eu\/de\/produkt\/damen-golfjacke-proquip-emily-rosa\/#breadcrumb\",\"itemListElement\":[{\"@type\":\"ListItem\",\"position\":1,\"name\":\"Dom\u016f\",\"item\":\"https:\/\/shop.proquipgolf.eu\/de\/\"},{\"@type\":\"ListItem\",\"position\":2,\"name\":\"Shop\",\"item\":\"https:\/\/shop.proquipgolf.eu\/de\/shop-2\/\"},{\"@type\":\"ListItem\",\"position\":3,\"name\":\"ProQuip EMILY Damen Golf Regenjacke &#8211; rosa\"}]},{\"@type\":\"WebSite\",\"@id\":\"https:\/\/shop.proquipgolf.eu\/de\/#website\",\"url\":\"https:\/\/shop.proquipgolf.eu\/de\/\",\"name\":\"ProQuip Golf\",\"description\":\"Nejodoln\u011bj\u0161\u00ed golfov\u00e9 oble\u010den\u00ed s do\u017eivotn\u00ed garanc\u00ed\",\"potentialAction\":[{\"@type\":\"SearchAction\",\"target\":{\"@type\":\"EntryPoint\",\"urlTemplate\":\"https:\/\/shop.proquipgolf.eu\/de\/?s={search_term_string}\"},\"query-input\":{\"@type\":\"PropertyValueSpecification\",\"valueRequired\":true,\"valueName\":\"search_term_string\"}}],\"inLanguage\":\"de\"}]}<\/script>\n<!-- \/ Yoast SEO plugin. -->","yoast_head_json":{"title":"ProQuip EMILY Damen Golf Regenjacke - rosa","description":"EMILY ist ein leistungsstarker Regenanzug mit einer 3-Jahres-Garantie auf Wasserdichtigkeit zu einem g\u00fcnstigen Preis. Er ist atmungsaktiv und transportiert die Feuchtigkeit vom K\u00f6rper weg.","robots":{"index":"index","follow":"follow","max-snippet":"max-snippet:-1","max-image-preview":"max-image-preview:large","max-video-preview":"max-video-preview:-1"},"canonical":"https:\/\/shop.proquipgolf.eu\/de\/produkt\/damen-golfjacke-proquip-emily-rosa\/","og_locale":"de_DE","og_type":"article","og_title":"ProQuip EMILY Damen Golf Regenjacke - rosa","og_description":"EMILY ist ein leistungsstarker Regenanzug mit einer 3-Jahres-Garantie auf Wasserdichtigkeit zu einem g\u00fcnstigen Preis. Er ist atmungsaktiv und transportiert die Feuchtigkeit vom K\u00f6rper weg.","og_url":"https:\/\/shop.proquipgolf.eu\/de\/produkt\/damen-golfjacke-proquip-emily-rosa\/","og_site_name":"ProQuip Golf","article_modified_time":"2025-05-12T13:52:25+00:00","og_image":[{"width":1190,"height":1448,"url":"https:\/\/shop.proquipgolf.eu\/wp-content\/uploads\/2023\/06\/EMILYPINK.jpg","type":"image\/jpeg"}],"twitter_card":"summary_large_image","schema":{"@context":"https:\/\/schema.org","@graph":[{"@type":"WebPage","@id":"https:\/\/shop.proquipgolf.eu\/de\/produkt\/damen-golfjacke-proquip-emily-rosa\/","url":"https:\/\/shop.proquipgolf.eu\/de\/produkt\/damen-golfjacke-proquip-emily-rosa\/","name":"ProQuip EMILY Damen Golf Regenjacke - rosa","isPartOf":{"@id":"https:\/\/shop.proquipgolf.eu\/de\/#website"},"primaryImageOfPage":{"@id":"https:\/\/shop.proquipgolf.eu\/de\/produkt\/damen-golfjacke-proquip-emily-rosa\/#primaryimage"},"image":{"@id":"https:\/\/shop.proquipgolf.eu\/de\/produkt\/damen-golfjacke-proquip-emily-rosa\/#primaryimage"},"thumbnailUrl":"https:\/\/shop.proquipgolf.eu\/wp-content\/uploads\/2023\/06\/EMILYPINK.jpg","datePublished":"2023-06-11T17:29:50+00:00","dateModified":"2025-05-12T13:52:25+00:00","description":"EMILY ist ein leistungsstarker Regenanzug mit einer 3-Jahres-Garantie auf Wasserdichtigkeit zu einem g\u00fcnstigen Preis. Er ist atmungsaktiv und transportiert die Feuchtigkeit vom K\u00f6rper weg.","breadcrumb":{"@id":"https:\/\/shop.proquipgolf.eu\/de\/produkt\/damen-golfjacke-proquip-emily-rosa\/#breadcrumb"},"inLanguage":"de","potentialAction":[{"@type":"ReadAction","target":["https:\/\/shop.proquipgolf.eu\/de\/produkt\/damen-golfjacke-proquip-emily-rosa\/"]}]},{"@type":"ImageObject","inLanguage":"de","@id":"https:\/\/shop.proquipgolf.eu\/de\/produkt\/damen-golfjacke-proquip-emily-rosa\/#primaryimage","url":"https:\/\/shop.proquipgolf.eu\/wp-content\/uploads\/2023\/06\/EMILYPINK.jpg","contentUrl":"https:\/\/shop.proquipgolf.eu\/wp-content\/uploads\/2023\/06\/EMILYPINK.jpg","width":1190,"height":1448},{"@type":"BreadcrumbList","@id":"https:\/\/shop.proquipgolf.eu\/de\/produkt\/damen-golfjacke-proquip-emily-rosa\/#breadcrumb","itemListElement":[{"@type":"ListItem","position":1,"name":"Dom\u016f","item":"https:\/\/shop.proquipgolf.eu\/de\/"},{"@type":"ListItem","position":2,"name":"Shop","item":"https:\/\/shop.proquipgolf.eu\/de\/shop-2\/"},{"@type":"ListItem","position":3,"name":"ProQuip EMILY Damen Golf Regenjacke &#8211; rosa"}]},{"@type":"WebSite","@id":"https:\/\/shop.proquipgolf.eu\/de\/#website","url":"https:\/\/shop.proquipgolf.eu\/de\/","name":"ProQuip Golf","description":"Nejodoln\u011bj\u0161\u00ed golfov\u00e9 oble\u010den\u00ed s do\u017eivotn\u00ed garanc\u00ed","potentialAction":[{"@type":"SearchAction","target":{"@type":"EntryPoint","urlTemplate":"https:\/\/shop.proquipgolf.eu\/de\/?s={search_term_string}"},"query-input":{"@type":"PropertyValueSpecification","valueRequired":true,"valueName":"search_term_string"}}],"inLanguage":"de"}]}},"_links":{"self":[{"href":"https:\/\/shop.proquipgolf.eu\/de\/wp-json\/wp\/v2\/product\/17650","targetHints":{"allow":["GET"]}}],"collection":[{"href":"https:\/\/shop.proquipgolf.eu\/de\/wp-json\/wp\/v2\/product"}],"about":[{"href":"https:\/\/shop.proquipgolf.eu\/de\/wp-json\/wp\/v2\/types\/product"}],"replies":[{"embeddable":true,"href":"https:\/\/shop.proquipgolf.eu\/de\/wp-json\/wp\/v2\/comments?post=17650"}],"wp:featuredmedia":[{"embeddable":true,"href":"https:\/\/shop.proquipgolf.eu\/de\/wp-json\/wp\/v2\/media\/11715"}],"wp:attachment":[{"href":"https:\/\/shop.proquipgolf.eu\/de\/wp-json\/wp\/v2\/media?parent=17650"}],"wp:term":[{"taxonomy":"product_brand","embeddable":true,"href":"https:\/\/shop.proquipgolf.eu\/de\/wp-json\/wp\/v2\/product_brand?post=17650"},{"taxonomy":"product_cat","embeddable":true,"href":"https:\/\/shop.proquipgolf.eu\/de\/wp-json\/wp\/v2\/product_cat?post=17650"},{"taxonomy":"product_tag","embeddable":true,"href":"https:\/\/shop.proquipgolf.eu\/de\/wp-json\/wp\/v2\/product_tag?post=17650"}],"curies":[{"name":"wp","href":"https:\/\/api.w.org\/{rel}","templated":true}]}}