{"id":17495,"date":"2023-06-11T20:26:17","date_gmt":"2023-06-11T18:26:17","guid":{"rendered":"https:\/\/shop.proquipgolf.eu\/product\/damen-golfjacke-proquip-therma-tour-jane-dunkelblau\/"},"modified":"2025-11-21T16:46:23","modified_gmt":"2025-11-21T15:46:23","slug":"damen-golfjacke-proquip-therma-tour-jane-dunkelblau","status":"publish","type":"product","link":"https:\/\/shop.proquipgolf.eu\/de\/produkt\/damen-golfjacke-proquip-therma-tour-jane-dunkelblau\/","title":{"rendered":"ProQuip THERMA JANE Damen Golfjacke &#8211; dunkelblau S"},"content":{"rendered":"<p><strong>Therma-Tour<\/strong> ist die neueste Innovation in der Wind- und Kaltwetter-Bekleidungsreihe von ProQuip und verwendet eine Kombination aus einer sehr leichten, strapazierf\u00e4higen Au\u00dfenschicht und <b>Thinsulate\u2122<\/b> isoliertem Futter, das f\u00fcr seine au\u00dfergew\u00f6hnlichen Isolationseigenschaften bekannt ist.<\/p>\n<p>Die \u00c4rmel, die H\u00fcfte und der R\u00fccken sind aus einem weichen, leistungsf\u00e4higen Stretchmaterial gefertigt, das perfekt auf das Drehmoment w\u00e4hrend des Schwungs reagiert und f\u00fcr absolute Bewegungsfreiheit sorgt.<\/p>\n<p>Der Fleecekragen sorgt f\u00fcr W\u00e4rme im Nackenbereich und die Innentaschen mit Rei\u00dfverschluss sind ideal, um eine Scorekarte oder Handschuhe aufzubewahren.<\/p>\n<p>Die Therma-Tour ist als isolierte Weste oder Jacke mit \u00c4rmeln erh\u00e4ltlich.<\/p>\n","protected":false},"excerpt":{"rendered":"<p>&#8211; Ultrawarme <b>Thinsulate\u2122-Isolationsschicht<\/b> f\u00fcr zus\u00e4tzliche W\u00e4rme<br \/>\n&#8211; Performance-Stretchmaterial f\u00fcr absolute Bewegungsfreiheit<br \/>\n&#8211; Fleece-Kragen f\u00fcr Isolierung im oberen Bereich<br \/>\n&#8211; Innentasche f\u00fcr Handschuhe oder Scorecard<br \/>\n&#8211; Erh\u00e4ltlich als Jacke mit \u00c4rmeln oder Weste<\/p>\n<p><strong>Weitere Farboptionen<\/strong><\/p>\n<p><a href=\"https:\/\/shop.proquipgolf.eu\/de\/produkt\/proquip-therma-tour-jane-damen-golfjacke-schwarz\/\"><img decoding=\"async\" class=\"alignnone wp-image-18328\" src=\"https:\/\/shop.proquipgolf.eu\/wp-content\/uploads\/2023\/06\/JANEBLACK.jpg\" alt=\"\" width=\"106\" height=\"129\"><\/a><a href=\"https:\/\/shop.proquipgolf.eu\/de\/produkt\/damen-golfjacke-proquip-therma-tour-jane-himbeere\/\"><img decoding=\"async\" class=\"alignnone wp-image-18328\" src=\"https:\/\/shop.proquipgolf.eu\/wp-content\/uploads\/2023\/06\/JANEPINK.jpg\" alt=\"\" width=\"106\" height=\"129\"><\/a><\/p>\n","protected":false},"featured_media":11755,"comment_status":"open","ping_status":"closed","template":"","meta":{"inline_featured_image":false},"product_brand":[],"product_cat":[341,389,387],"product_tag":[],"class_list":{"0":"post-17495","1":"product","2":"type-product","3":"status-publish","4":"has-post-thumbnail","6":"product_cat-frauen","7":"product_cat-jacken-de","8":"product_cat-verkauf","9":"pa_dle-pocasi-der-wind","10":"pa_dle-pocasi-kalt","11":"pa_velikost-l-de","12":"pa_velikost-m-de","13":"pa_velikost-s-de","14":"pa_velikost-xl-de","15":"pa_velikost-xs-de","16":"pa_velikost-xxl-de","17":"pa_vrstva-ausere-mittelschicht","19":"first","20":"instock","21":"sale","22":"taxable","23":"shipping-taxable","24":"purchasable","25":"product-type-variable"},"yoast_head":"<!-- This site is optimized with the Yoast SEO plugin v26.4 - https:\/\/yoast.com\/wordpress\/plugins\/seo\/ -->\n<title>ProQuip THERMA JANE Damen Golfjacke - dunkelblau S<\/title>\n<meta name=\"description\" content=\"Therma-Tour ist die neueste Innovation in der Wind- und Kaltwetterbekleidung von ProQuip und besteht aus einer Kombination aus einer sehr leichten Au\u00dfenschicht und einem isolierten Futter.\" \/>\n<meta name=\"robots\" content=\"index, follow, max-snippet:-1, max-image-preview:large, max-video-preview:-1\" \/>\n<link rel=\"canonical\" href=\"https:\/\/shop.proquipgolf.eu\/de\/produkt\/damen-golfjacke-proquip-therma-tour-jane-dunkelblau\/\" \/>\n<meta property=\"og:locale\" content=\"de_DE\" \/>\n<meta property=\"og:type\" content=\"article\" \/>\n<meta property=\"og:title\" content=\"ProQuip THERMA JANE Damen Golfjacke - dunkelblau S\" \/>\n<meta property=\"og:description\" content=\"Therma-Tour ist die neueste Innovation in der Wind- und Kaltwetterbekleidung von ProQuip und besteht aus einer Kombination aus einer sehr leichten Au\u00dfenschicht und einem isolierten Futter.\" \/>\n<meta property=\"og:url\" content=\"https:\/\/shop.proquipgolf.eu\/de\/produkt\/damen-golfjacke-proquip-therma-tour-jane-dunkelblau\/\" \/>\n<meta property=\"og:site_name\" content=\"ProQuip Golf\" \/>\n<meta property=\"article:modified_time\" content=\"2025-11-21T15:46:23+00:00\" \/>\n<meta property=\"og:image\" content=\"https:\/\/shop.proquipgolf.eu\/wp-content\/uploads\/2023\/06\/JANENAVY.jpg\" \/>\n\t<meta property=\"og:image:width\" content=\"1190\" \/>\n\t<meta property=\"og:image:height\" content=\"1448\" \/>\n\t<meta property=\"og:image:type\" content=\"image\/jpeg\" \/>\n<meta name=\"twitter:card\" content=\"summary_large_image\" \/>\n<meta name=\"twitter:label1\" content=\"Gesch\u00e4tzte Lesezeit\" \/>\n\t<meta name=\"twitter:data1\" content=\"1\u00a0Minute\" \/>\n<script type=\"application\/ld+json\" class=\"yoast-schema-graph\">{\"@context\":\"https:\/\/schema.org\",\"@graph\":[{\"@type\":\"WebPage\",\"@id\":\"https:\/\/shop.proquipgolf.eu\/de\/produkt\/damen-golfjacke-proquip-therma-tour-jane-dunkelblau\/\",\"url\":\"https:\/\/shop.proquipgolf.eu\/de\/produkt\/damen-golfjacke-proquip-therma-tour-jane-dunkelblau\/\",\"name\":\"ProQuip THERMA JANE Damen Golfjacke - dunkelblau S\",\"isPartOf\":{\"@id\":\"https:\/\/shop.proquipgolf.eu\/de\/#website\"},\"primaryImageOfPage\":{\"@id\":\"https:\/\/shop.proquipgolf.eu\/de\/produkt\/damen-golfjacke-proquip-therma-tour-jane-dunkelblau\/#primaryimage\"},\"image\":{\"@id\":\"https:\/\/shop.proquipgolf.eu\/de\/produkt\/damen-golfjacke-proquip-therma-tour-jane-dunkelblau\/#primaryimage\"},\"thumbnailUrl\":\"https:\/\/shop.proquipgolf.eu\/wp-content\/uploads\/2023\/06\/JANENAVY.jpg\",\"datePublished\":\"2023-06-11T18:26:17+00:00\",\"dateModified\":\"2025-11-21T15:46:23+00:00\",\"description\":\"Therma-Tour ist die neueste Innovation in der Wind- und Kaltwetterbekleidung von ProQuip und besteht aus einer Kombination aus einer sehr leichten Au\u00dfenschicht und einem isolierten Futter.\",\"breadcrumb\":{\"@id\":\"https:\/\/shop.proquipgolf.eu\/de\/produkt\/damen-golfjacke-proquip-therma-tour-jane-dunkelblau\/#breadcrumb\"},\"inLanguage\":\"de\",\"potentialAction\":[{\"@type\":\"ReadAction\",\"target\":[\"https:\/\/shop.proquipgolf.eu\/de\/produkt\/damen-golfjacke-proquip-therma-tour-jane-dunkelblau\/\"]}]},{\"@type\":\"ImageObject\",\"inLanguage\":\"de\",\"@id\":\"https:\/\/shop.proquipgolf.eu\/de\/produkt\/damen-golfjacke-proquip-therma-tour-jane-dunkelblau\/#primaryimage\",\"url\":\"https:\/\/shop.proquipgolf.eu\/wp-content\/uploads\/2023\/06\/JANENAVY.jpg\",\"contentUrl\":\"https:\/\/shop.proquipgolf.eu\/wp-content\/uploads\/2023\/06\/JANENAVY.jpg\",\"width\":1190,\"height\":1448},{\"@type\":\"BreadcrumbList\",\"@id\":\"https:\/\/shop.proquipgolf.eu\/de\/produkt\/damen-golfjacke-proquip-therma-tour-jane-dunkelblau\/#breadcrumb\",\"itemListElement\":[{\"@type\":\"ListItem\",\"position\":1,\"name\":\"Dom\u016f\",\"item\":\"https:\/\/shop.proquipgolf.eu\/de\/\"},{\"@type\":\"ListItem\",\"position\":2,\"name\":\"Shop\",\"item\":\"https:\/\/shop.proquipgolf.eu\/de\/shop-2\/\"},{\"@type\":\"ListItem\",\"position\":3,\"name\":\"ProQuip THERMA JANE Damen Golfjacke &#8211; dunkelblau S\"}]},{\"@type\":\"WebSite\",\"@id\":\"https:\/\/shop.proquipgolf.eu\/de\/#website\",\"url\":\"https:\/\/shop.proquipgolf.eu\/de\/\",\"name\":\"ProQuip Golf\",\"description\":\"Nejodoln\u011bj\u0161\u00ed golfov\u00e9 oble\u010den\u00ed s do\u017eivotn\u00ed garanc\u00ed\",\"potentialAction\":[{\"@type\":\"SearchAction\",\"target\":{\"@type\":\"EntryPoint\",\"urlTemplate\":\"https:\/\/shop.proquipgolf.eu\/de\/?s={search_term_string}\"},\"query-input\":{\"@type\":\"PropertyValueSpecification\",\"valueRequired\":true,\"valueName\":\"search_term_string\"}}],\"inLanguage\":\"de\"}]}<\/script>\n<!-- \/ Yoast SEO plugin. -->","yoast_head_json":{"title":"ProQuip THERMA JANE Damen Golfjacke - dunkelblau S","description":"Therma-Tour ist die neueste Innovation in der Wind- und Kaltwetterbekleidung von ProQuip und besteht aus einer Kombination aus einer sehr leichten Au\u00dfenschicht und einem isolierten Futter.","robots":{"index":"index","follow":"follow","max-snippet":"max-snippet:-1","max-image-preview":"max-image-preview:large","max-video-preview":"max-video-preview:-1"},"canonical":"https:\/\/shop.proquipgolf.eu\/de\/produkt\/damen-golfjacke-proquip-therma-tour-jane-dunkelblau\/","og_locale":"de_DE","og_type":"article","og_title":"ProQuip THERMA JANE Damen Golfjacke - dunkelblau S","og_description":"Therma-Tour ist die neueste Innovation in der Wind- und Kaltwetterbekleidung von ProQuip und besteht aus einer Kombination aus einer sehr leichten Au\u00dfenschicht und einem isolierten Futter.","og_url":"https:\/\/shop.proquipgolf.eu\/de\/produkt\/damen-golfjacke-proquip-therma-tour-jane-dunkelblau\/","og_site_name":"ProQuip Golf","article_modified_time":"2025-11-21T15:46:23+00:00","og_image":[{"width":1190,"height":1448,"url":"https:\/\/shop.proquipgolf.eu\/wp-content\/uploads\/2023\/06\/JANENAVY.jpg","type":"image\/jpeg"}],"twitter_card":"summary_large_image","twitter_misc":{"Gesch\u00e4tzte Lesezeit":"1\u00a0Minute"},"schema":{"@context":"https:\/\/schema.org","@graph":[{"@type":"WebPage","@id":"https:\/\/shop.proquipgolf.eu\/de\/produkt\/damen-golfjacke-proquip-therma-tour-jane-dunkelblau\/","url":"https:\/\/shop.proquipgolf.eu\/de\/produkt\/damen-golfjacke-proquip-therma-tour-jane-dunkelblau\/","name":"ProQuip THERMA JANE Damen Golfjacke - dunkelblau S","isPartOf":{"@id":"https:\/\/shop.proquipgolf.eu\/de\/#website"},"primaryImageOfPage":{"@id":"https:\/\/shop.proquipgolf.eu\/de\/produkt\/damen-golfjacke-proquip-therma-tour-jane-dunkelblau\/#primaryimage"},"image":{"@id":"https:\/\/shop.proquipgolf.eu\/de\/produkt\/damen-golfjacke-proquip-therma-tour-jane-dunkelblau\/#primaryimage"},"thumbnailUrl":"https:\/\/shop.proquipgolf.eu\/wp-content\/uploads\/2023\/06\/JANENAVY.jpg","datePublished":"2023-06-11T18:26:17+00:00","dateModified":"2025-11-21T15:46:23+00:00","description":"Therma-Tour ist die neueste Innovation in der Wind- und Kaltwetterbekleidung von ProQuip und besteht aus einer Kombination aus einer sehr leichten Au\u00dfenschicht und einem isolierten Futter.","breadcrumb":{"@id":"https:\/\/shop.proquipgolf.eu\/de\/produkt\/damen-golfjacke-proquip-therma-tour-jane-dunkelblau\/#breadcrumb"},"inLanguage":"de","potentialAction":[{"@type":"ReadAction","target":["https:\/\/shop.proquipgolf.eu\/de\/produkt\/damen-golfjacke-proquip-therma-tour-jane-dunkelblau\/"]}]},{"@type":"ImageObject","inLanguage":"de","@id":"https:\/\/shop.proquipgolf.eu\/de\/produkt\/damen-golfjacke-proquip-therma-tour-jane-dunkelblau\/#primaryimage","url":"https:\/\/shop.proquipgolf.eu\/wp-content\/uploads\/2023\/06\/JANENAVY.jpg","contentUrl":"https:\/\/shop.proquipgolf.eu\/wp-content\/uploads\/2023\/06\/JANENAVY.jpg","width":1190,"height":1448},{"@type":"BreadcrumbList","@id":"https:\/\/shop.proquipgolf.eu\/de\/produkt\/damen-golfjacke-proquip-therma-tour-jane-dunkelblau\/#breadcrumb","itemListElement":[{"@type":"ListItem","position":1,"name":"Dom\u016f","item":"https:\/\/shop.proquipgolf.eu\/de\/"},{"@type":"ListItem","position":2,"name":"Shop","item":"https:\/\/shop.proquipgolf.eu\/de\/shop-2\/"},{"@type":"ListItem","position":3,"name":"ProQuip THERMA JANE Damen Golfjacke &#8211; dunkelblau S"}]},{"@type":"WebSite","@id":"https:\/\/shop.proquipgolf.eu\/de\/#website","url":"https:\/\/shop.proquipgolf.eu\/de\/","name":"ProQuip Golf","description":"Nejodoln\u011bj\u0161\u00ed golfov\u00e9 oble\u010den\u00ed s do\u017eivotn\u00ed garanc\u00ed","potentialAction":[{"@type":"SearchAction","target":{"@type":"EntryPoint","urlTemplate":"https:\/\/shop.proquipgolf.eu\/de\/?s={search_term_string}"},"query-input":{"@type":"PropertyValueSpecification","valueRequired":true,"valueName":"search_term_string"}}],"inLanguage":"de"}]}},"_links":{"self":[{"href":"https:\/\/shop.proquipgolf.eu\/de\/wp-json\/wp\/v2\/product\/17495","targetHints":{"allow":["GET"]}}],"collection":[{"href":"https:\/\/shop.proquipgolf.eu\/de\/wp-json\/wp\/v2\/product"}],"about":[{"href":"https:\/\/shop.proquipgolf.eu\/de\/wp-json\/wp\/v2\/types\/product"}],"replies":[{"embeddable":true,"href":"https:\/\/shop.proquipgolf.eu\/de\/wp-json\/wp\/v2\/comments?post=17495"}],"wp:featuredmedia":[{"embeddable":true,"href":"https:\/\/shop.proquipgolf.eu\/de\/wp-json\/wp\/v2\/media\/11755"}],"wp:attachment":[{"href":"https:\/\/shop.proquipgolf.eu\/de\/wp-json\/wp\/v2\/media?parent=17495"}],"wp:term":[{"taxonomy":"product_brand","embeddable":true,"href":"https:\/\/shop.proquipgolf.eu\/de\/wp-json\/wp\/v2\/product_brand?post=17495"},{"taxonomy":"product_cat","embeddable":true,"href":"https:\/\/shop.proquipgolf.eu\/de\/wp-json\/wp\/v2\/product_cat?post=17495"},{"taxonomy":"product_tag","embeddable":true,"href":"https:\/\/shop.proquipgolf.eu\/de\/wp-json\/wp\/v2\/product_tag?post=17495"}],"curies":[{"name":"wp","href":"https:\/\/api.w.org\/{rel}","templated":true}]}}