{"id":16479,"date":"2023-07-17T15:32:44","date_gmt":"2023-07-17T13:32:44","guid":{"rendered":"https:\/\/shop.proquipgolf.eu\/product\/proquip-chloe-merino-damen-golf-pullover-schwarz\/"},"modified":"2025-06-09T13:17:13","modified_gmt":"2025-06-09T11:17:13","slug":"proquip-chloe-merino-damen-golf-pullover-schwarz","status":"publish","type":"product","link":"https:\/\/shop.proquipgolf.eu\/de\/produkt\/proquip-chloe-merino-damen-golf-pullover-schwarz\/","title":{"rendered":"ProQuip CHLOE MERINO Damen Golf Pullover &#8211; schwarz"},"content":{"rendered":"<p><strong>CHLOE<\/strong> ist ein einzigartiger Pullover mit pillingfreiem Futter und aus extrafeiner Merinowolle, deren Fasern dank exklusiver Nanotechnologie-Verarbeitung wasserabweisend sind. Damit ist er die perfekte Alternative f\u00fcr kaltes Wetter mit leichtem Regen und Schauern.<\/p>\n<p>Der Pullover wird vor allem von denjenigen gesch\u00e4tzt, die sich w\u00e4hrend des Spiels in einer Jacke zu sehr eingeengt f\u00fchlen. Das dehnbare und satinweiche Innenfutter passt sich dem K\u00f6rper w\u00e4hrend des Schwungs perfekt an.<\/p>\n<p>Der sauber geschnittene Schnitt sorgt f\u00fcr einen perfekten Look.<\/p>\n<p>Alle unsere Pullover sind Easy Care &#8211; pflegeleicht und k\u00f6nnen gewaschen und getrocknet werden. Au\u00dferdem wird durch das B\u00fcgeln die F\u00e4higkeit, Regen abzuweisen, wiederhergestellt und verst\u00e4rkt.<\/p>\n","protected":false},"excerpt":{"rendered":"<p>&#8211; <strong>100%<\/strong> Merinowolle<br \/>\n<strong>&#8211;<\/strong> Wasserabweisende Ausr\u00fcstung<br \/>\n<strong>&#8211;<\/strong> Pillingfreies Futter<br \/>\n<strong>&#8211;<\/strong> Au\u00dfergew\u00f6hnlich warm und atmungsaktiv<br \/>\n<strong>&#8211;<\/strong> Antibakteriell<br \/>\n<strong>&#8211;<\/strong> Pflegeleicht (waschbar und trocknergeeignet)<\/p>\n<p><strong>Weitere Farboptionen<\/strong><\/p>\n<p><a href=\"https:\/\/shop.proquipgolf.eu\/produkt\/damsky-golfovy-svetr-proquip-chloe-merino-zip-ruzova\/\"><img decoding=\"async\" class=\"alignnone wp-image-17766\" src=\"https:\/\/shop.proquipgolf.eu\/wp-content\/uploads\/2023\/07\/Ladies-Lined-Merino-Chloe-Sky-high-res-Pink-17-2033.jpg\" alt=\"\" width=\"106\" height=\"129\"><\/a><a href=\"https:\/\/shop.proquipgolf.eu\/produkt\/damsky-golfovy-svetr-proquip-chloe-merino-zip-svetle-fialova\/\"><img decoding=\"async\" class=\"alignnone wp-image-17766\" src=\"https:\/\/shop.proquipgolf.eu\/wp-content\/uploads\/2023\/07\/Ladies-Lined-Merino-Chloe-Sky-high-res-lilac-16-3925.jpg\" alt=\"\" width=\"106\" height=\"129\"><\/a><a href=\"https:\/\/shop.proquipgolf.eu\/produkt\/damsky-golfovy-svetr-proquip-chloe-merino-zip-tmave-modra\/\"><img decoding=\"async\" class=\"alignnone wp-image-17766\" src=\"https:\/\/shop.proquipgolf.eu\/wp-content\/uploads\/2023\/07\/Ladies-Merino-Lined-Chloe-navy-high-res.jpg\" alt=\"\" width=\"106\" height=\"129\"><\/a><a href=\"https:\/\/shop.proquipgolf.eu\/produkt\/damsky-golfovy-svetr-proquip-chloe-merino-zip-ruda\/\"><img loading=\"lazy\" decoding=\"async\" class=\"alignnone wp-image-17766\" src=\"https:\/\/shop.proquipgolf.eu\/wp-content\/uploads\/2023\/07\/Ladies-Lined-Merino-Chloe-.jpg\" alt=\"\" width=\"106\" height=\"129\"><\/a><a href=\"https:\/\/shop.proquipgolf.eu\/produkt\/damsky-golfovy-svetr-proquip-chloe-merino-zip-modra\/\"><img loading=\"lazy\" decoding=\"async\" class=\"alignnone wp-image-17766\" src=\"https:\/\/shop.proquipgolf.eu\/wp-content\/uploads\/2023\/07\/Ladies-Lined-Merino-Chloe-Sky-high-res.jpg\" alt=\"\" width=\"106\" height=\"129\"><\/a><\/p>\n","protected":false},"featured_media":13382,"comment_status":"open","ping_status":"closed","template":"","meta":{"inline_featured_image":false},"product_brand":[],"product_cat":[341,351,392],"product_tag":[],"class_list":{"0":"post-16479","1":"product","2":"type-product","3":"status-publish","4":"has-post-thumbnail","6":"product_cat-frauen","7":"product_cat-sweatshirts-de","8":"product_cat-pullover","9":"pa_dle-pocasi-kalt","10":"pa_dle-pocasi-regen","11":"pa_velikost-l-de","12":"pa_velikost-m-de","13":"pa_velikost-s-de","14":"pa_velikost-xl-de","15":"pa_velikost-xxl-de","16":"pa_vrstva-ausere-mittelschicht","18":"first","19":"instock","20":"taxable","21":"shipping-taxable","22":"purchasable","23":"product-type-variable"},"yoast_head":"<!-- This site is optimized with the Yoast SEO plugin v26.4 - https:\/\/yoast.com\/wordpress\/plugins\/seo\/ -->\n<title>ProQuip CHLOE MERINO Damen Golf Pullover - schwarz<\/title>\n<meta name=\"description\" content=\"Einzigartiger Pullover aus 100% Merinowolle mit wasserabweisendem Innenfutter, die perfekte Wahl f\u00fcr kaltes Wetter mit leichtem Regen\" \/>\n<meta name=\"robots\" content=\"index, follow, max-snippet:-1, max-image-preview:large, max-video-preview:-1\" \/>\n<link rel=\"canonical\" href=\"https:\/\/shop.proquipgolf.eu\/de\/produkt\/proquip-chloe-merino-damen-golf-pullover-schwarz\/\" \/>\n<meta property=\"og:locale\" content=\"de_DE\" \/>\n<meta property=\"og:type\" content=\"article\" \/>\n<meta property=\"og:title\" content=\"ProQuip CHLOE MERINO Damen Golf Pullover - schwarz\" \/>\n<meta property=\"og:description\" content=\"Einzigartiger Pullover aus 100% Merinowolle mit wasserabweisendem Innenfutter, die perfekte Wahl f\u00fcr kaltes Wetter mit leichtem Regen\" \/>\n<meta property=\"og:url\" content=\"https:\/\/shop.proquipgolf.eu\/de\/produkt\/proquip-chloe-merino-damen-golf-pullover-schwarz\/\" \/>\n<meta property=\"og:site_name\" content=\"ProQuip Golf\" \/>\n<meta property=\"article:modified_time\" content=\"2025-06-09T11:17:13+00:00\" \/>\n<meta property=\"og:image\" content=\"https:\/\/shop.proquipgolf.eu\/wp-content\/uploads\/2023\/07\/Ladies-Lined-Merino-Chloe-Black-high-res.jpg\" \/>\n\t<meta property=\"og:image:width\" content=\"1190\" \/>\n\t<meta property=\"og:image:height\" content=\"1448\" \/>\n\t<meta property=\"og:image:type\" content=\"image\/jpeg\" \/>\n<meta name=\"twitter:card\" content=\"summary_large_image\" \/>\n<meta name=\"twitter:label1\" content=\"Gesch\u00e4tzte Lesezeit\" \/>\n\t<meta name=\"twitter:data1\" content=\"1\u00a0Minute\" \/>\n<script type=\"application\/ld+json\" class=\"yoast-schema-graph\">{\"@context\":\"https:\/\/schema.org\",\"@graph\":[{\"@type\":\"WebPage\",\"@id\":\"https:\/\/shop.proquipgolf.eu\/de\/produkt\/proquip-chloe-merino-damen-golf-pullover-schwarz\/\",\"url\":\"https:\/\/shop.proquipgolf.eu\/de\/produkt\/proquip-chloe-merino-damen-golf-pullover-schwarz\/\",\"name\":\"ProQuip CHLOE MERINO Damen Golf Pullover - schwarz\",\"isPartOf\":{\"@id\":\"https:\/\/shop.proquipgolf.eu\/de\/#website\"},\"primaryImageOfPage\":{\"@id\":\"https:\/\/shop.proquipgolf.eu\/de\/produkt\/proquip-chloe-merino-damen-golf-pullover-schwarz\/#primaryimage\"},\"image\":{\"@id\":\"https:\/\/shop.proquipgolf.eu\/de\/produkt\/proquip-chloe-merino-damen-golf-pullover-schwarz\/#primaryimage\"},\"thumbnailUrl\":\"https:\/\/shop.proquipgolf.eu\/wp-content\/uploads\/2023\/07\/Ladies-Lined-Merino-Chloe-Black-high-res.jpg\",\"datePublished\":\"2023-07-17T13:32:44+00:00\",\"dateModified\":\"2025-06-09T11:17:13+00:00\",\"description\":\"Einzigartiger Pullover aus 100% Merinowolle mit wasserabweisendem Innenfutter, die perfekte Wahl f\u00fcr kaltes Wetter mit leichtem Regen\",\"breadcrumb\":{\"@id\":\"https:\/\/shop.proquipgolf.eu\/de\/produkt\/proquip-chloe-merino-damen-golf-pullover-schwarz\/#breadcrumb\"},\"inLanguage\":\"de\",\"potentialAction\":[{\"@type\":\"ReadAction\",\"target\":[\"https:\/\/shop.proquipgolf.eu\/de\/produkt\/proquip-chloe-merino-damen-golf-pullover-schwarz\/\"]}]},{\"@type\":\"ImageObject\",\"inLanguage\":\"de\",\"@id\":\"https:\/\/shop.proquipgolf.eu\/de\/produkt\/proquip-chloe-merino-damen-golf-pullover-schwarz\/#primaryimage\",\"url\":\"https:\/\/shop.proquipgolf.eu\/wp-content\/uploads\/2023\/07\/Ladies-Lined-Merino-Chloe-Black-high-res.jpg\",\"contentUrl\":\"https:\/\/shop.proquipgolf.eu\/wp-content\/uploads\/2023\/07\/Ladies-Lined-Merino-Chloe-Black-high-res.jpg\",\"width\":1190,\"height\":1448},{\"@type\":\"BreadcrumbList\",\"@id\":\"https:\/\/shop.proquipgolf.eu\/de\/produkt\/proquip-chloe-merino-damen-golf-pullover-schwarz\/#breadcrumb\",\"itemListElement\":[{\"@type\":\"ListItem\",\"position\":1,\"name\":\"Dom\u016f\",\"item\":\"https:\/\/shop.proquipgolf.eu\/de\/\"},{\"@type\":\"ListItem\",\"position\":2,\"name\":\"Shop\",\"item\":\"https:\/\/shop.proquipgolf.eu\/de\/shop-2\/\"},{\"@type\":\"ListItem\",\"position\":3,\"name\":\"ProQuip CHLOE MERINO Damen Golf Pullover &#8211; schwarz\"}]},{\"@type\":\"WebSite\",\"@id\":\"https:\/\/shop.proquipgolf.eu\/de\/#website\",\"url\":\"https:\/\/shop.proquipgolf.eu\/de\/\",\"name\":\"ProQuip Golf\",\"description\":\"Nejodoln\u011bj\u0161\u00ed golfov\u00e9 oble\u010den\u00ed s do\u017eivotn\u00ed garanc\u00ed\",\"potentialAction\":[{\"@type\":\"SearchAction\",\"target\":{\"@type\":\"EntryPoint\",\"urlTemplate\":\"https:\/\/shop.proquipgolf.eu\/de\/?s={search_term_string}\"},\"query-input\":{\"@type\":\"PropertyValueSpecification\",\"valueRequired\":true,\"valueName\":\"search_term_string\"}}],\"inLanguage\":\"de\"}]}<\/script>\n<!-- \/ Yoast SEO plugin. -->","yoast_head_json":{"title":"ProQuip CHLOE MERINO Damen Golf Pullover - schwarz","description":"Einzigartiger Pullover aus 100% Merinowolle mit wasserabweisendem Innenfutter, die perfekte Wahl f\u00fcr kaltes Wetter mit leichtem Regen","robots":{"index":"index","follow":"follow","max-snippet":"max-snippet:-1","max-image-preview":"max-image-preview:large","max-video-preview":"max-video-preview:-1"},"canonical":"https:\/\/shop.proquipgolf.eu\/de\/produkt\/proquip-chloe-merino-damen-golf-pullover-schwarz\/","og_locale":"de_DE","og_type":"article","og_title":"ProQuip CHLOE MERINO Damen Golf Pullover - schwarz","og_description":"Einzigartiger Pullover aus 100% Merinowolle mit wasserabweisendem Innenfutter, die perfekte Wahl f\u00fcr kaltes Wetter mit leichtem Regen","og_url":"https:\/\/shop.proquipgolf.eu\/de\/produkt\/proquip-chloe-merino-damen-golf-pullover-schwarz\/","og_site_name":"ProQuip Golf","article_modified_time":"2025-06-09T11:17:13+00:00","og_image":[{"width":1190,"height":1448,"url":"https:\/\/shop.proquipgolf.eu\/wp-content\/uploads\/2023\/07\/Ladies-Lined-Merino-Chloe-Black-high-res.jpg","type":"image\/jpeg"}],"twitter_card":"summary_large_image","twitter_misc":{"Gesch\u00e4tzte Lesezeit":"1\u00a0Minute"},"schema":{"@context":"https:\/\/schema.org","@graph":[{"@type":"WebPage","@id":"https:\/\/shop.proquipgolf.eu\/de\/produkt\/proquip-chloe-merino-damen-golf-pullover-schwarz\/","url":"https:\/\/shop.proquipgolf.eu\/de\/produkt\/proquip-chloe-merino-damen-golf-pullover-schwarz\/","name":"ProQuip CHLOE MERINO Damen Golf Pullover - schwarz","isPartOf":{"@id":"https:\/\/shop.proquipgolf.eu\/de\/#website"},"primaryImageOfPage":{"@id":"https:\/\/shop.proquipgolf.eu\/de\/produkt\/proquip-chloe-merino-damen-golf-pullover-schwarz\/#primaryimage"},"image":{"@id":"https:\/\/shop.proquipgolf.eu\/de\/produkt\/proquip-chloe-merino-damen-golf-pullover-schwarz\/#primaryimage"},"thumbnailUrl":"https:\/\/shop.proquipgolf.eu\/wp-content\/uploads\/2023\/07\/Ladies-Lined-Merino-Chloe-Black-high-res.jpg","datePublished":"2023-07-17T13:32:44+00:00","dateModified":"2025-06-09T11:17:13+00:00","description":"Einzigartiger Pullover aus 100% Merinowolle mit wasserabweisendem Innenfutter, die perfekte Wahl f\u00fcr kaltes Wetter mit leichtem Regen","breadcrumb":{"@id":"https:\/\/shop.proquipgolf.eu\/de\/produkt\/proquip-chloe-merino-damen-golf-pullover-schwarz\/#breadcrumb"},"inLanguage":"de","potentialAction":[{"@type":"ReadAction","target":["https:\/\/shop.proquipgolf.eu\/de\/produkt\/proquip-chloe-merino-damen-golf-pullover-schwarz\/"]}]},{"@type":"ImageObject","inLanguage":"de","@id":"https:\/\/shop.proquipgolf.eu\/de\/produkt\/proquip-chloe-merino-damen-golf-pullover-schwarz\/#primaryimage","url":"https:\/\/shop.proquipgolf.eu\/wp-content\/uploads\/2023\/07\/Ladies-Lined-Merino-Chloe-Black-high-res.jpg","contentUrl":"https:\/\/shop.proquipgolf.eu\/wp-content\/uploads\/2023\/07\/Ladies-Lined-Merino-Chloe-Black-high-res.jpg","width":1190,"height":1448},{"@type":"BreadcrumbList","@id":"https:\/\/shop.proquipgolf.eu\/de\/produkt\/proquip-chloe-merino-damen-golf-pullover-schwarz\/#breadcrumb","itemListElement":[{"@type":"ListItem","position":1,"name":"Dom\u016f","item":"https:\/\/shop.proquipgolf.eu\/de\/"},{"@type":"ListItem","position":2,"name":"Shop","item":"https:\/\/shop.proquipgolf.eu\/de\/shop-2\/"},{"@type":"ListItem","position":3,"name":"ProQuip CHLOE MERINO Damen Golf Pullover &#8211; schwarz"}]},{"@type":"WebSite","@id":"https:\/\/shop.proquipgolf.eu\/de\/#website","url":"https:\/\/shop.proquipgolf.eu\/de\/","name":"ProQuip Golf","description":"Nejodoln\u011bj\u0161\u00ed golfov\u00e9 oble\u010den\u00ed s do\u017eivotn\u00ed garanc\u00ed","potentialAction":[{"@type":"SearchAction","target":{"@type":"EntryPoint","urlTemplate":"https:\/\/shop.proquipgolf.eu\/de\/?s={search_term_string}"},"query-input":{"@type":"PropertyValueSpecification","valueRequired":true,"valueName":"search_term_string"}}],"inLanguage":"de"}]}},"_links":{"self":[{"href":"https:\/\/shop.proquipgolf.eu\/de\/wp-json\/wp\/v2\/product\/16479","targetHints":{"allow":["GET"]}}],"collection":[{"href":"https:\/\/shop.proquipgolf.eu\/de\/wp-json\/wp\/v2\/product"}],"about":[{"href":"https:\/\/shop.proquipgolf.eu\/de\/wp-json\/wp\/v2\/types\/product"}],"replies":[{"embeddable":true,"href":"https:\/\/shop.proquipgolf.eu\/de\/wp-json\/wp\/v2\/comments?post=16479"}],"wp:featuredmedia":[{"embeddable":true,"href":"https:\/\/shop.proquipgolf.eu\/de\/wp-json\/wp\/v2\/media\/13382"}],"wp:attachment":[{"href":"https:\/\/shop.proquipgolf.eu\/de\/wp-json\/wp\/v2\/media?parent=16479"}],"wp:term":[{"taxonomy":"product_brand","embeddable":true,"href":"https:\/\/shop.proquipgolf.eu\/de\/wp-json\/wp\/v2\/product_brand?post=16479"},{"taxonomy":"product_cat","embeddable":true,"href":"https:\/\/shop.proquipgolf.eu\/de\/wp-json\/wp\/v2\/product_cat?post=16479"},{"taxonomy":"product_tag","embeddable":true,"href":"https:\/\/shop.proquipgolf.eu\/de\/wp-json\/wp\/v2\/product_tag?post=16479"}],"curies":[{"name":"wp","href":"https:\/\/api.w.org\/{rel}","templated":true}]}}