{"id":16027,"date":"2023-12-04T13:28:53","date_gmt":"2023-12-04T12:28:53","guid":{"rendered":"https:\/\/shop.proquipgolf.eu\/product\/proquip-millie-damen-golf-sweatshirt-dunkelblau-violett\/"},"modified":"2025-11-21T16:47:18","modified_gmt":"2025-11-21T15:47:18","slug":"proquip-millie-damen-golf-sweatshirt-dunkelblau-violett","status":"publish","type":"product","link":"https:\/\/shop.proquipgolf.eu\/de\/produkt\/proquip-millie-damen-golf-sweatshirt-dunkelblau-violett\/","title":{"rendered":"ProQuip MILLIE Damen Golf Sweatshirt &#8211; blau\/violett"},"content":{"rendered":"<p><strong>Das MILLIE<\/strong> ist ein bequemes Sweatshirt aus einer Mischung aus Baumwolle und weichem Polyester f\u00fcr au\u00dfergew\u00f6hnlichen Komfort auf und abseits des Spielfelds.<\/p>\n<p>Stretch (4-Wege) sorgt f\u00fcr Komfort und Bewegungsfreiheit f\u00fcr maximale Leistung w\u00e4hrend des Spiels.<\/p>\n<p>Atmungsaktivit\u00e4t macht es ideal f\u00fcr k\u00fchlere Tage als Mid-Layer unter einer Jacke oder einfach als Oberteil mit einem Poloshirt.<\/p>\n","protected":false},"excerpt":{"rendered":"<p>&#8211; Baumwoll-\/Polyestermischung<br \/>\n&#8211; dehnbar (4-Wege)<br \/>\n&#8211; atmungsaktiv<br \/>\n&#8211; Seitentaschen<br \/>\n&#8211; ideal f\u00fcr Firmen-\/Club-Branding<\/p>\n<p><strong>Weitere Farboptionen<\/strong><\/p>\n<p><a href=\"https:\/\/shop.proquipgolf.eu\/de\/?post_type=product&#038;p=26307\"><img decoding=\"async\" class=\"alignnone wp-image-18328\" src=\"https:\/\/shop.proquipgolf.eu\/wp-content\/uploads\/2025\/10\/MILLIE_BLACK_1.jpg\" alt=\"\" width=\"106\" height=\"129\"><\/a><a href=\"https:\/\/shop.proquipgolf.eu\/de\/produkt\/damen-golf-sweatshirt-proquip-millie-lila\/\"><img decoding=\"async\" class=\"alignnone wp-image-17766\" src=\"https:\/\/shop.proquipgolf.eu\/wp-content\/uploads\/2023\/08\/MILLIE_LAVENDERNAVY_1.jpg\" alt=\"\" width=\"106\" height=\"129\"><\/a><a href=\"https:\/\/shop.proquipgolf.eu\/de\/produkt\/proquip-millie-damen-golf-sweatshirt-dunkelblau-rosa\/\"><img decoding=\"async\" class=\"alignnone wp-image-17766\" src=\"https:\/\/shop.proquipgolf.eu\/wp-content\/uploads\/2023\/08\/MILLIE_NAVYPINK_1.jpg\" alt=\"\" width=\"106\" height=\"129\"><\/a><\/p>\n","protected":false},"featured_media":13705,"comment_status":"open","ping_status":"closed","template":"","meta":{"inline_featured_image":false},"product_brand":[473],"product_cat":[341,351,387],"product_tag":[],"class_list":{"0":"post-16027","1":"product","2":"type-product","3":"status-publish","4":"has-post-thumbnail","6":"product_brand-proquip","7":"product_cat-frauen","8":"product_cat-sweatshirts-de","9":"product_cat-verkauf","10":"pa_dle-pocasi-kalt","11":"pa_velikost-l-de","12":"pa_velikost-m-de","13":"pa_velikost-s-de","14":"pa_velikost-xl-de","15":"pa_velikost-xxl-de","16":"pa_vrstva-ausere-mittelschicht","18":"first","19":"instock","20":"sale","21":"taxable","22":"shipping-taxable","23":"purchasable","24":"product-type-variable"},"yoast_head":"<!-- This site is optimized with the Yoast SEO plugin v26.4 - https:\/\/yoast.com\/wordpress\/plugins\/seo\/ -->\n<title>ProQuip MILLIE Damen Golf Sweatshirt - blau\/violett<\/title>\n<meta name=\"description\" content=\"Ein bequemes Sweatshirt aus einer Mischung aus Baumwolle und weichem Polyester f\u00fcr au\u00dfergew\u00f6hnlichen Komfort auf und neben dem Spielfeld. Seine Atmungsaktivit\u00e4t macht es zum idealen Accessoire an k\u00e4lteren Tagen\" \/>\n<meta name=\"robots\" content=\"index, follow, max-snippet:-1, max-image-preview:large, max-video-preview:-1\" \/>\n<link rel=\"canonical\" href=\"https:\/\/shop.proquipgolf.eu\/de\/produkt\/proquip-millie-damen-golf-sweatshirt-dunkelblau-violett\/\" \/>\n<meta property=\"og:locale\" content=\"de_DE\" \/>\n<meta property=\"og:type\" content=\"article\" \/>\n<meta property=\"og:title\" content=\"ProQuip MILLIE Damen Golf Sweatshirt - blau\/violett\" \/>\n<meta property=\"og:description\" content=\"Ein bequemes Sweatshirt aus einer Mischung aus Baumwolle und weichem Polyester f\u00fcr au\u00dfergew\u00f6hnlichen Komfort auf und neben dem Spielfeld. Seine Atmungsaktivit\u00e4t macht es zum idealen Accessoire an k\u00e4lteren Tagen\" \/>\n<meta property=\"og:url\" content=\"https:\/\/shop.proquipgolf.eu\/de\/produkt\/proquip-millie-damen-golf-sweatshirt-dunkelblau-violett\/\" \/>\n<meta property=\"og:site_name\" content=\"ProQuip Golf\" \/>\n<meta property=\"article:modified_time\" content=\"2025-11-21T15:47:18+00:00\" \/>\n<meta property=\"og:image\" content=\"https:\/\/shop.proquipgolf.eu\/wp-content\/uploads\/2023\/08\/MILLIE_NAVYLAVENDER_1.jpg\" \/>\n\t<meta property=\"og:image:width\" content=\"1190\" \/>\n\t<meta property=\"og:image:height\" content=\"1448\" \/>\n\t<meta property=\"og:image:type\" content=\"image\/jpeg\" \/>\n<meta name=\"twitter:card\" content=\"summary_large_image\" \/>\n<script type=\"application\/ld+json\" class=\"yoast-schema-graph\">{\"@context\":\"https:\/\/schema.org\",\"@graph\":[{\"@type\":\"WebPage\",\"@id\":\"https:\/\/shop.proquipgolf.eu\/de\/produkt\/proquip-millie-damen-golf-sweatshirt-dunkelblau-violett\/\",\"url\":\"https:\/\/shop.proquipgolf.eu\/de\/produkt\/proquip-millie-damen-golf-sweatshirt-dunkelblau-violett\/\",\"name\":\"ProQuip MILLIE Damen Golf Sweatshirt - blau\/violett\",\"isPartOf\":{\"@id\":\"https:\/\/shop.proquipgolf.eu\/de\/#website\"},\"primaryImageOfPage\":{\"@id\":\"https:\/\/shop.proquipgolf.eu\/de\/produkt\/proquip-millie-damen-golf-sweatshirt-dunkelblau-violett\/#primaryimage\"},\"image\":{\"@id\":\"https:\/\/shop.proquipgolf.eu\/de\/produkt\/proquip-millie-damen-golf-sweatshirt-dunkelblau-violett\/#primaryimage\"},\"thumbnailUrl\":\"https:\/\/shop.proquipgolf.eu\/wp-content\/uploads\/2023\/08\/MILLIE_NAVYLAVENDER_1.jpg\",\"datePublished\":\"2023-12-04T12:28:53+00:00\",\"dateModified\":\"2025-11-21T15:47:18+00:00\",\"description\":\"Ein bequemes Sweatshirt aus einer Mischung aus Baumwolle und weichem Polyester f\u00fcr au\u00dfergew\u00f6hnlichen Komfort auf und neben dem Spielfeld. Seine Atmungsaktivit\u00e4t macht es zum idealen Accessoire an k\u00e4lteren Tagen\",\"breadcrumb\":{\"@id\":\"https:\/\/shop.proquipgolf.eu\/de\/produkt\/proquip-millie-damen-golf-sweatshirt-dunkelblau-violett\/#breadcrumb\"},\"inLanguage\":\"de\",\"potentialAction\":[{\"@type\":\"ReadAction\",\"target\":[\"https:\/\/shop.proquipgolf.eu\/de\/produkt\/proquip-millie-damen-golf-sweatshirt-dunkelblau-violett\/\"]}]},{\"@type\":\"ImageObject\",\"inLanguage\":\"de\",\"@id\":\"https:\/\/shop.proquipgolf.eu\/de\/produkt\/proquip-millie-damen-golf-sweatshirt-dunkelblau-violett\/#primaryimage\",\"url\":\"https:\/\/shop.proquipgolf.eu\/wp-content\/uploads\/2023\/08\/MILLIE_NAVYLAVENDER_1.jpg\",\"contentUrl\":\"https:\/\/shop.proquipgolf.eu\/wp-content\/uploads\/2023\/08\/MILLIE_NAVYLAVENDER_1.jpg\",\"width\":1190,\"height\":1448},{\"@type\":\"BreadcrumbList\",\"@id\":\"https:\/\/shop.proquipgolf.eu\/de\/produkt\/proquip-millie-damen-golf-sweatshirt-dunkelblau-violett\/#breadcrumb\",\"itemListElement\":[{\"@type\":\"ListItem\",\"position\":1,\"name\":\"Dom\u016f\",\"item\":\"https:\/\/shop.proquipgolf.eu\/de\/\"},{\"@type\":\"ListItem\",\"position\":2,\"name\":\"Shop\",\"item\":\"https:\/\/shop.proquipgolf.eu\/de\/shop-2\/\"},{\"@type\":\"ListItem\",\"position\":3,\"name\":\"ProQuip MILLIE Damen Golf Sweatshirt &#8211; blau\/violett\"}]},{\"@type\":\"WebSite\",\"@id\":\"https:\/\/shop.proquipgolf.eu\/de\/#website\",\"url\":\"https:\/\/shop.proquipgolf.eu\/de\/\",\"name\":\"ProQuip Golf\",\"description\":\"Nejodoln\u011bj\u0161\u00ed golfov\u00e9 oble\u010den\u00ed s do\u017eivotn\u00ed garanc\u00ed\",\"potentialAction\":[{\"@type\":\"SearchAction\",\"target\":{\"@type\":\"EntryPoint\",\"urlTemplate\":\"https:\/\/shop.proquipgolf.eu\/de\/?s={search_term_string}\"},\"query-input\":{\"@type\":\"PropertyValueSpecification\",\"valueRequired\":true,\"valueName\":\"search_term_string\"}}],\"inLanguage\":\"de\"}]}<\/script>\n<!-- \/ Yoast SEO plugin. -->","yoast_head_json":{"title":"ProQuip MILLIE Damen Golf Sweatshirt - blau\/violett","description":"Ein bequemes Sweatshirt aus einer Mischung aus Baumwolle und weichem Polyester f\u00fcr au\u00dfergew\u00f6hnlichen Komfort auf und neben dem Spielfeld. Seine Atmungsaktivit\u00e4t macht es zum idealen Accessoire an k\u00e4lteren Tagen","robots":{"index":"index","follow":"follow","max-snippet":"max-snippet:-1","max-image-preview":"max-image-preview:large","max-video-preview":"max-video-preview:-1"},"canonical":"https:\/\/shop.proquipgolf.eu\/de\/produkt\/proquip-millie-damen-golf-sweatshirt-dunkelblau-violett\/","og_locale":"de_DE","og_type":"article","og_title":"ProQuip MILLIE Damen Golf Sweatshirt - blau\/violett","og_description":"Ein bequemes Sweatshirt aus einer Mischung aus Baumwolle und weichem Polyester f\u00fcr au\u00dfergew\u00f6hnlichen Komfort auf und neben dem Spielfeld. Seine Atmungsaktivit\u00e4t macht es zum idealen Accessoire an k\u00e4lteren Tagen","og_url":"https:\/\/shop.proquipgolf.eu\/de\/produkt\/proquip-millie-damen-golf-sweatshirt-dunkelblau-violett\/","og_site_name":"ProQuip Golf","article_modified_time":"2025-11-21T15:47:18+00:00","og_image":[{"width":1190,"height":1448,"url":"https:\/\/shop.proquipgolf.eu\/wp-content\/uploads\/2023\/08\/MILLIE_NAVYLAVENDER_1.jpg","type":"image\/jpeg"}],"twitter_card":"summary_large_image","schema":{"@context":"https:\/\/schema.org","@graph":[{"@type":"WebPage","@id":"https:\/\/shop.proquipgolf.eu\/de\/produkt\/proquip-millie-damen-golf-sweatshirt-dunkelblau-violett\/","url":"https:\/\/shop.proquipgolf.eu\/de\/produkt\/proquip-millie-damen-golf-sweatshirt-dunkelblau-violett\/","name":"ProQuip MILLIE Damen Golf Sweatshirt - blau\/violett","isPartOf":{"@id":"https:\/\/shop.proquipgolf.eu\/de\/#website"},"primaryImageOfPage":{"@id":"https:\/\/shop.proquipgolf.eu\/de\/produkt\/proquip-millie-damen-golf-sweatshirt-dunkelblau-violett\/#primaryimage"},"image":{"@id":"https:\/\/shop.proquipgolf.eu\/de\/produkt\/proquip-millie-damen-golf-sweatshirt-dunkelblau-violett\/#primaryimage"},"thumbnailUrl":"https:\/\/shop.proquipgolf.eu\/wp-content\/uploads\/2023\/08\/MILLIE_NAVYLAVENDER_1.jpg","datePublished":"2023-12-04T12:28:53+00:00","dateModified":"2025-11-21T15:47:18+00:00","description":"Ein bequemes Sweatshirt aus einer Mischung aus Baumwolle und weichem Polyester f\u00fcr au\u00dfergew\u00f6hnlichen Komfort auf und neben dem Spielfeld. Seine Atmungsaktivit\u00e4t macht es zum idealen Accessoire an k\u00e4lteren Tagen","breadcrumb":{"@id":"https:\/\/shop.proquipgolf.eu\/de\/produkt\/proquip-millie-damen-golf-sweatshirt-dunkelblau-violett\/#breadcrumb"},"inLanguage":"de","potentialAction":[{"@type":"ReadAction","target":["https:\/\/shop.proquipgolf.eu\/de\/produkt\/proquip-millie-damen-golf-sweatshirt-dunkelblau-violett\/"]}]},{"@type":"ImageObject","inLanguage":"de","@id":"https:\/\/shop.proquipgolf.eu\/de\/produkt\/proquip-millie-damen-golf-sweatshirt-dunkelblau-violett\/#primaryimage","url":"https:\/\/shop.proquipgolf.eu\/wp-content\/uploads\/2023\/08\/MILLIE_NAVYLAVENDER_1.jpg","contentUrl":"https:\/\/shop.proquipgolf.eu\/wp-content\/uploads\/2023\/08\/MILLIE_NAVYLAVENDER_1.jpg","width":1190,"height":1448},{"@type":"BreadcrumbList","@id":"https:\/\/shop.proquipgolf.eu\/de\/produkt\/proquip-millie-damen-golf-sweatshirt-dunkelblau-violett\/#breadcrumb","itemListElement":[{"@type":"ListItem","position":1,"name":"Dom\u016f","item":"https:\/\/shop.proquipgolf.eu\/de\/"},{"@type":"ListItem","position":2,"name":"Shop","item":"https:\/\/shop.proquipgolf.eu\/de\/shop-2\/"},{"@type":"ListItem","position":3,"name":"ProQuip MILLIE Damen Golf Sweatshirt &#8211; blau\/violett"}]},{"@type":"WebSite","@id":"https:\/\/shop.proquipgolf.eu\/de\/#website","url":"https:\/\/shop.proquipgolf.eu\/de\/","name":"ProQuip Golf","description":"Nejodoln\u011bj\u0161\u00ed golfov\u00e9 oble\u010den\u00ed s do\u017eivotn\u00ed garanc\u00ed","potentialAction":[{"@type":"SearchAction","target":{"@type":"EntryPoint","urlTemplate":"https:\/\/shop.proquipgolf.eu\/de\/?s={search_term_string}"},"query-input":{"@type":"PropertyValueSpecification","valueRequired":true,"valueName":"search_term_string"}}],"inLanguage":"de"}]}},"_links":{"self":[{"href":"https:\/\/shop.proquipgolf.eu\/de\/wp-json\/wp\/v2\/product\/16027","targetHints":{"allow":["GET"]}}],"collection":[{"href":"https:\/\/shop.proquipgolf.eu\/de\/wp-json\/wp\/v2\/product"}],"about":[{"href":"https:\/\/shop.proquipgolf.eu\/de\/wp-json\/wp\/v2\/types\/product"}],"replies":[{"embeddable":true,"href":"https:\/\/shop.proquipgolf.eu\/de\/wp-json\/wp\/v2\/comments?post=16027"}],"wp:featuredmedia":[{"embeddable":true,"href":"https:\/\/shop.proquipgolf.eu\/de\/wp-json\/wp\/v2\/media\/13705"}],"wp:attachment":[{"href":"https:\/\/shop.proquipgolf.eu\/de\/wp-json\/wp\/v2\/media?parent=16027"}],"wp:term":[{"taxonomy":"product_brand","embeddable":true,"href":"https:\/\/shop.proquipgolf.eu\/de\/wp-json\/wp\/v2\/product_brand?post=16027"},{"taxonomy":"product_cat","embeddable":true,"href":"https:\/\/shop.proquipgolf.eu\/de\/wp-json\/wp\/v2\/product_cat?post=16027"},{"taxonomy":"product_tag","embeddable":true,"href":"https:\/\/shop.proquipgolf.eu\/de\/wp-json\/wp\/v2\/product_tag?post=16027"}],"curies":[{"name":"wp","href":"https:\/\/api.w.org\/{rel}","templated":true}]}}