{"id":15999,"date":"2023-10-08T12:32:44","date_gmt":"2023-10-08T10:32:44","guid":{"rendered":"https:\/\/shop.proquipgolf.eu\/product\/damen-golfset-proquip-darcey-blau-lila\/"},"modified":"2023-10-08T12:32:44","modified_gmt":"2023-10-08T10:32:44","slug":"damen-golfset-proquip-darcey-blau-lila","status":"publish","type":"product","link":"https:\/\/shop.proquipgolf.eu\/de\/produkt\/damen-golfset-proquip-darcey-blau-lila\/","title":{"rendered":"Damen-Golfset ProQuip DARCEY &#8211; blau\/lila"},"content":{"rendered":"","protected":false},"excerpt":{"rendered":"<p>Schn\u00e4ppchen-Golfset<\/p>\n","protected":false},"featured_media":14322,"comment_status":"open","ping_status":"closed","template":"","meta":{"inline_featured_image":false},"product_brand":[],"product_cat":[341],"product_tag":[],"class_list":{"0":"post-15999","1":"product","2":"type-product","3":"status-publish","4":"has-post-thumbnail","6":"product_cat-frauen","8":"first","9":"instock","10":"taxable","11":"shipping-taxable","12":"purchasable","13":"product-type-woosb"},"yoast_head":"<!-- This site is optimized with the Yoast SEO plugin v26.4 - https:\/\/yoast.com\/wordpress\/plugins\/seo\/ -->\n<title>Damen-Golfset ProQuip DARCEY - blau\/lila<\/title>\n<meta name=\"description\" content=\"Schn\u00e4ppchen-Golfset\" \/>\n<meta name=\"robots\" content=\"index, follow, max-snippet:-1, max-image-preview:large, max-video-preview:-1\" \/>\n<link rel=\"canonical\" href=\"https:\/\/shop.proquipgolf.eu\/de\/produkt\/damen-golfset-proquip-darcey-blau-lila\/\" \/>\n<meta property=\"og:locale\" content=\"de_DE\" \/>\n<meta property=\"og:type\" content=\"article\" \/>\n<meta property=\"og:title\" content=\"Damen-Golfset ProQuip DARCEY - blau\/lila\" \/>\n<meta property=\"og:description\" content=\"Schn\u00e4ppchen-Golfset\" \/>\n<meta property=\"og:url\" content=\"https:\/\/shop.proquipgolf.eu\/de\/produkt\/damen-golfset-proquip-darcey-blau-lila\/\" \/>\n<meta property=\"og:site_name\" content=\"ProQuip Golf\" \/>\n<meta property=\"og:image\" content=\"https:\/\/shop.proquipgolf.eu\/wp-content\/uploads\/2023\/10\/Set-Darcey-lila.jpg\" \/>\n\t<meta property=\"og:image:width\" content=\"1190\" \/>\n\t<meta property=\"og:image:height\" content=\"1448\" \/>\n\t<meta property=\"og:image:type\" content=\"image\/jpeg\" \/>\n<meta name=\"twitter:card\" content=\"summary_large_image\" \/>\n<script type=\"application\/ld+json\" class=\"yoast-schema-graph\">{\"@context\":\"https:\/\/schema.org\",\"@graph\":[{\"@type\":\"WebPage\",\"@id\":\"https:\/\/shop.proquipgolf.eu\/de\/produkt\/damen-golfset-proquip-darcey-blau-lila\/\",\"url\":\"https:\/\/shop.proquipgolf.eu\/de\/produkt\/damen-golfset-proquip-darcey-blau-lila\/\",\"name\":\"Damen-Golfset ProQuip DARCEY - blau\/lila\",\"isPartOf\":{\"@id\":\"https:\/\/shop.proquipgolf.eu\/de\/#website\"},\"primaryImageOfPage\":{\"@id\":\"https:\/\/shop.proquipgolf.eu\/de\/produkt\/damen-golfset-proquip-darcey-blau-lila\/#primaryimage\"},\"image\":{\"@id\":\"https:\/\/shop.proquipgolf.eu\/de\/produkt\/damen-golfset-proquip-darcey-blau-lila\/#primaryimage\"},\"thumbnailUrl\":\"https:\/\/shop.proquipgolf.eu\/wp-content\/uploads\/2023\/10\/Set-Darcey-lila.jpg\",\"datePublished\":\"2023-10-08T10:32:44+00:00\",\"description\":\"Schn\u00e4ppchen-Golfset\",\"breadcrumb\":{\"@id\":\"https:\/\/shop.proquipgolf.eu\/de\/produkt\/damen-golfset-proquip-darcey-blau-lila\/#breadcrumb\"},\"inLanguage\":\"de\",\"potentialAction\":[{\"@type\":\"ReadAction\",\"target\":[\"https:\/\/shop.proquipgolf.eu\/de\/produkt\/damen-golfset-proquip-darcey-blau-lila\/\"]}]},{\"@type\":\"ImageObject\",\"inLanguage\":\"de\",\"@id\":\"https:\/\/shop.proquipgolf.eu\/de\/produkt\/damen-golfset-proquip-darcey-blau-lila\/#primaryimage\",\"url\":\"https:\/\/shop.proquipgolf.eu\/wp-content\/uploads\/2023\/10\/Set-Darcey-lila.jpg\",\"contentUrl\":\"https:\/\/shop.proquipgolf.eu\/wp-content\/uploads\/2023\/10\/Set-Darcey-lila.jpg\",\"width\":1190,\"height\":1448},{\"@type\":\"BreadcrumbList\",\"@id\":\"https:\/\/shop.proquipgolf.eu\/de\/produkt\/damen-golfset-proquip-darcey-blau-lila\/#breadcrumb\",\"itemListElement\":[{\"@type\":\"ListItem\",\"position\":1,\"name\":\"Dom\u016f\",\"item\":\"https:\/\/shop.proquipgolf.eu\/de\/\"},{\"@type\":\"ListItem\",\"position\":2,\"name\":\"Shop\",\"item\":\"https:\/\/shop.proquipgolf.eu\/de\/shop-2\/\"},{\"@type\":\"ListItem\",\"position\":3,\"name\":\"Damen-Golfset ProQuip DARCEY &#8211; blau\/lila\"}]},{\"@type\":\"WebSite\",\"@id\":\"https:\/\/shop.proquipgolf.eu\/de\/#website\",\"url\":\"https:\/\/shop.proquipgolf.eu\/de\/\",\"name\":\"ProQuip Golf\",\"description\":\"Nejodoln\u011bj\u0161\u00ed golfov\u00e9 oble\u010den\u00ed s do\u017eivotn\u00ed garanc\u00ed\",\"potentialAction\":[{\"@type\":\"SearchAction\",\"target\":{\"@type\":\"EntryPoint\",\"urlTemplate\":\"https:\/\/shop.proquipgolf.eu\/de\/?s={search_term_string}\"},\"query-input\":{\"@type\":\"PropertyValueSpecification\",\"valueRequired\":true,\"valueName\":\"search_term_string\"}}],\"inLanguage\":\"de\"}]}<\/script>\n<!-- \/ Yoast SEO plugin. -->","yoast_head_json":{"title":"Damen-Golfset ProQuip DARCEY - blau\/lila","description":"Schn\u00e4ppchen-Golfset","robots":{"index":"index","follow":"follow","max-snippet":"max-snippet:-1","max-image-preview":"max-image-preview:large","max-video-preview":"max-video-preview:-1"},"canonical":"https:\/\/shop.proquipgolf.eu\/de\/produkt\/damen-golfset-proquip-darcey-blau-lila\/","og_locale":"de_DE","og_type":"article","og_title":"Damen-Golfset ProQuip DARCEY - blau\/lila","og_description":"Schn\u00e4ppchen-Golfset","og_url":"https:\/\/shop.proquipgolf.eu\/de\/produkt\/damen-golfset-proquip-darcey-blau-lila\/","og_site_name":"ProQuip Golf","og_image":[{"width":1190,"height":1448,"url":"https:\/\/shop.proquipgolf.eu\/wp-content\/uploads\/2023\/10\/Set-Darcey-lila.jpg","type":"image\/jpeg"}],"twitter_card":"summary_large_image","schema":{"@context":"https:\/\/schema.org","@graph":[{"@type":"WebPage","@id":"https:\/\/shop.proquipgolf.eu\/de\/produkt\/damen-golfset-proquip-darcey-blau-lila\/","url":"https:\/\/shop.proquipgolf.eu\/de\/produkt\/damen-golfset-proquip-darcey-blau-lila\/","name":"Damen-Golfset ProQuip DARCEY - blau\/lila","isPartOf":{"@id":"https:\/\/shop.proquipgolf.eu\/de\/#website"},"primaryImageOfPage":{"@id":"https:\/\/shop.proquipgolf.eu\/de\/produkt\/damen-golfset-proquip-darcey-blau-lila\/#primaryimage"},"image":{"@id":"https:\/\/shop.proquipgolf.eu\/de\/produkt\/damen-golfset-proquip-darcey-blau-lila\/#primaryimage"},"thumbnailUrl":"https:\/\/shop.proquipgolf.eu\/wp-content\/uploads\/2023\/10\/Set-Darcey-lila.jpg","datePublished":"2023-10-08T10:32:44+00:00","description":"Schn\u00e4ppchen-Golfset","breadcrumb":{"@id":"https:\/\/shop.proquipgolf.eu\/de\/produkt\/damen-golfset-proquip-darcey-blau-lila\/#breadcrumb"},"inLanguage":"de","potentialAction":[{"@type":"ReadAction","target":["https:\/\/shop.proquipgolf.eu\/de\/produkt\/damen-golfset-proquip-darcey-blau-lila\/"]}]},{"@type":"ImageObject","inLanguage":"de","@id":"https:\/\/shop.proquipgolf.eu\/de\/produkt\/damen-golfset-proquip-darcey-blau-lila\/#primaryimage","url":"https:\/\/shop.proquipgolf.eu\/wp-content\/uploads\/2023\/10\/Set-Darcey-lila.jpg","contentUrl":"https:\/\/shop.proquipgolf.eu\/wp-content\/uploads\/2023\/10\/Set-Darcey-lila.jpg","width":1190,"height":1448},{"@type":"BreadcrumbList","@id":"https:\/\/shop.proquipgolf.eu\/de\/produkt\/damen-golfset-proquip-darcey-blau-lila\/#breadcrumb","itemListElement":[{"@type":"ListItem","position":1,"name":"Dom\u016f","item":"https:\/\/shop.proquipgolf.eu\/de\/"},{"@type":"ListItem","position":2,"name":"Shop","item":"https:\/\/shop.proquipgolf.eu\/de\/shop-2\/"},{"@type":"ListItem","position":3,"name":"Damen-Golfset ProQuip DARCEY &#8211; blau\/lila"}]},{"@type":"WebSite","@id":"https:\/\/shop.proquipgolf.eu\/de\/#website","url":"https:\/\/shop.proquipgolf.eu\/de\/","name":"ProQuip Golf","description":"Nejodoln\u011bj\u0161\u00ed golfov\u00e9 oble\u010den\u00ed s do\u017eivotn\u00ed garanc\u00ed","potentialAction":[{"@type":"SearchAction","target":{"@type":"EntryPoint","urlTemplate":"https:\/\/shop.proquipgolf.eu\/de\/?s={search_term_string}"},"query-input":{"@type":"PropertyValueSpecification","valueRequired":true,"valueName":"search_term_string"}}],"inLanguage":"de"}]}},"_links":{"self":[{"href":"https:\/\/shop.proquipgolf.eu\/de\/wp-json\/wp\/v2\/product\/15999","targetHints":{"allow":["GET"]}}],"collection":[{"href":"https:\/\/shop.proquipgolf.eu\/de\/wp-json\/wp\/v2\/product"}],"about":[{"href":"https:\/\/shop.proquipgolf.eu\/de\/wp-json\/wp\/v2\/types\/product"}],"replies":[{"embeddable":true,"href":"https:\/\/shop.proquipgolf.eu\/de\/wp-json\/wp\/v2\/comments?post=15999"}],"wp:featuredmedia":[{"embeddable":true,"href":"https:\/\/shop.proquipgolf.eu\/de\/wp-json\/wp\/v2\/media\/14322"}],"wp:attachment":[{"href":"https:\/\/shop.proquipgolf.eu\/de\/wp-json\/wp\/v2\/media?parent=15999"}],"wp:term":[{"taxonomy":"product_brand","embeddable":true,"href":"https:\/\/shop.proquipgolf.eu\/de\/wp-json\/wp\/v2\/product_brand?post=15999"},{"taxonomy":"product_cat","embeddable":true,"href":"https:\/\/shop.proquipgolf.eu\/de\/wp-json\/wp\/v2\/product_cat?post=15999"},{"taxonomy":"product_tag","embeddable":true,"href":"https:\/\/shop.proquipgolf.eu\/de\/wp-json\/wp\/v2\/product_tag?post=15999"}],"curies":[{"name":"wp","href":"https:\/\/api.w.org\/{rel}","templated":true}]}}