{"id":15935,"date":"2023-12-02T23:23:45","date_gmt":"2023-12-02T22:23:45","guid":{"rendered":"https:\/\/shop.proquipgolf.eu\/product\/damen-golf-sweatshirt-proquip-emma-midlayer-dunkelblau\/"},"modified":"2025-11-21T16:46:52","modified_gmt":"2025-11-21T15:46:52","slug":"damen-golf-sweatshirt-proquip-emma-midlayer-dunkelblau","status":"publish","type":"product","link":"https:\/\/shop.proquipgolf.eu\/de\/produkt\/damen-golf-sweatshirt-proquip-emma-midlayer-dunkelblau\/","title":{"rendered":"ProQuip EMMA MIDLAYER Damen Golf Sweatshirt &#8211; dunkelblau"},"content":{"rendered":"<p>Stylischer und funktioneller Midlayer aus sehr leichtem und samtig weichem Material. Die Kombination aus hochwertigem Polyester und technischem Stretchgewebe mit perfekter Passform sorgt f\u00fcr optimale Bewegungsfreiheit beim Schwung.<\/p>\n<p>Hervorragende Atmungsaktivit\u00e4t mit idealen feuchtigkeitsableitenden Eigenschaften, antibakterielle Behandlung zur Neutralisierung von Schwei\u00df und UV-Schutz.<\/p>\n<p>Maximaler Komfort wird durch einzigartige funktionelle Eigenschaften auch bei Verwendung zus\u00e4tzlicher Schichten gew\u00e4hrleistet.<\/p>\n<p>Gr\u00f6\u00dfen XS-XXL<br \/>\n94% Polyester\/6% Elasthan<\/p>\n","protected":false},"excerpt":{"rendered":"<p><strong>Merkmale und Vorteile<\/strong><\/p>\n<p>&#8211; Leichtes und samtig weiches Material<br \/>\n&#8211; Technologie <em><strong>Feuchtigkeitsabtransport<\/strong><\/em> (aktiver Feuchtigkeitstransport)<br \/>\n&#8211; Darmgewebe <em><strong>4-Wege<\/strong><\/em> f\u00fcr optimale Bewegungsfreiheit<br \/>\n&#8211; antibakteriell<br \/>\n&#8211; UV-Schutz <em><strong>UPF 50+<\/strong><\/em><br \/>\n&#8211; Knitterfreies Material f\u00fcr einen perfekten Look<br \/>\n&#8211; Textur mit gegl\u00fchtem &#8220;Melange&#8221;-Muster<\/p>\n<p><strong>Andere Farbvarianten<\/strong><\/p>\n<p><a href=\"https:\/\/shop.proquipgolf.eu\/de\/produkt\/damen-golf-sweatshirt-proquip-emma-midlayer-schwarz\/\"><img decoding=\"async\" class=\"alignnone wp-image-18328\" src=\"https:\/\/shop.proquipgolf.eu\/wp-content\/uploads\/2023\/12\/PQLML02_BLACK_1.jpg\" alt=\"\" width=\"106\" height=\"129\"><\/a><a href=\"https:\/\/shop.proquipgolf.eu\/de\/produkt\/damen-golf-sweatshirt-proquip-emma-midlayer-grau\/\"><img decoding=\"async\" class=\"alignnone wp-image-17766\" src=\"https:\/\/shop.proquipgolf.eu\/wp-content\/uploads\/2023\/12\/PQLML02_GREY_1.jpg\" alt=\"\" width=\"106\" height=\"129\"><\/a><a href=\"https:\/\/shop.proquipgolf.eu\/de\/produkt\/damen-golf-sweatshirt-proquip-emma-midlayer-rosa\/\"><img decoding=\"async\" class=\"alignnone wp-image-17766\" src=\"https:\/\/shop.proquipgolf.eu\/wp-content\/uploads\/2023\/12\/PQLML02_PINK_1.jpg\" alt=\"\" width=\"106\" height=\"129\"><\/a><\/p>\n","protected":false},"featured_media":14803,"comment_status":"open","ping_status":"closed","template":"","meta":{"inline_featured_image":false},"product_brand":[473],"product_cat":[341,351],"product_tag":[357,359,356,354],"class_list":{"0":"post-15935","1":"product","2":"type-product","3":"status-publish","4":"has-post-thumbnail","6":"product_brand-proquip","7":"product_cat-frauen","8":"product_cat-sweatshirts-de","9":"product_tag-damen-sweatshirt","10":"product_tag-emma-de","11":"product_tag-midlayer-de","12":"product_tag-proquip-de","13":"pa_velikost-l-de","14":"pa_velikost-m-de","15":"pa_velikost-s-de","16":"pa_velikost-xl-de","17":"pa_velikost-xs-de","18":"pa_velikost-xxl-de","20":"first","21":"instock","22":"taxable","23":"shipping-taxable","24":"purchasable","25":"product-type-variable"},"yoast_head":"<!-- This site is optimized with the Yoast SEO plugin v26.4 - https:\/\/yoast.com\/wordpress\/plugins\/seo\/ -->\n<title>ProQuip EMMA MIDLAYER Damen Golf Sweatshirt - dunkelblau - ProQuip Golf<\/title>\n<meta name=\"description\" content=\"Stylischer und funktioneller Midlayer aus sehr leichtem und samtig weichem Material. Kombination aus hochwertigem Polyester und technischem Stretchgewebe mit perfekter Passform\" \/>\n<meta name=\"robots\" content=\"index, follow, max-snippet:-1, max-image-preview:large, max-video-preview:-1\" \/>\n<link rel=\"canonical\" href=\"https:\/\/shop.proquipgolf.eu\/de\/produkt\/damen-golf-sweatshirt-proquip-emma-midlayer-dunkelblau\/\" \/>\n<meta property=\"og:locale\" content=\"de_DE\" \/>\n<meta property=\"og:type\" content=\"article\" \/>\n<meta property=\"og:title\" content=\"ProQuip EMMA MIDLAYER Damen Golf Sweatshirt - dunkelblau - ProQuip Golf\" \/>\n<meta property=\"og:description\" content=\"Stylischer und funktioneller Midlayer aus sehr leichtem und samtig weichem Material. Kombination aus hochwertigem Polyester und technischem Stretchgewebe mit perfekter Passform\" \/>\n<meta property=\"og:url\" content=\"https:\/\/shop.proquipgolf.eu\/de\/produkt\/damen-golf-sweatshirt-proquip-emma-midlayer-dunkelblau\/\" \/>\n<meta property=\"og:site_name\" content=\"ProQuip Golf\" \/>\n<meta property=\"article:modified_time\" content=\"2025-11-21T15:46:52+00:00\" \/>\n<meta property=\"og:image\" content=\"https:\/\/shop.proquipgolf.eu\/wp-content\/uploads\/2023\/12\/PQLML02_NAVY_1.jpg\" \/>\n\t<meta property=\"og:image:width\" content=\"1078\" \/>\n\t<meta property=\"og:image:height\" content=\"1311\" \/>\n\t<meta property=\"og:image:type\" content=\"image\/jpeg\" \/>\n<meta name=\"twitter:card\" content=\"summary_large_image\" \/>\n<script type=\"application\/ld+json\" class=\"yoast-schema-graph\">{\"@context\":\"https:\/\/schema.org\",\"@graph\":[{\"@type\":\"WebPage\",\"@id\":\"https:\/\/shop.proquipgolf.eu\/de\/produkt\/damen-golf-sweatshirt-proquip-emma-midlayer-dunkelblau\/\",\"url\":\"https:\/\/shop.proquipgolf.eu\/de\/produkt\/damen-golf-sweatshirt-proquip-emma-midlayer-dunkelblau\/\",\"name\":\"ProQuip EMMA MIDLAYER Damen Golf Sweatshirt - dunkelblau - ProQuip Golf\",\"isPartOf\":{\"@id\":\"https:\/\/shop.proquipgolf.eu\/de\/#website\"},\"primaryImageOfPage\":{\"@id\":\"https:\/\/shop.proquipgolf.eu\/de\/produkt\/damen-golf-sweatshirt-proquip-emma-midlayer-dunkelblau\/#primaryimage\"},\"image\":{\"@id\":\"https:\/\/shop.proquipgolf.eu\/de\/produkt\/damen-golf-sweatshirt-proquip-emma-midlayer-dunkelblau\/#primaryimage\"},\"thumbnailUrl\":\"https:\/\/shop.proquipgolf.eu\/wp-content\/uploads\/2023\/12\/PQLML02_NAVY_1.jpg\",\"datePublished\":\"2023-12-02T22:23:45+00:00\",\"dateModified\":\"2025-11-21T15:46:52+00:00\",\"description\":\"Stylischer und funktioneller Midlayer aus sehr leichtem und samtig weichem Material. Kombination aus hochwertigem Polyester und technischem Stretchgewebe mit perfekter Passform\",\"breadcrumb\":{\"@id\":\"https:\/\/shop.proquipgolf.eu\/de\/produkt\/damen-golf-sweatshirt-proquip-emma-midlayer-dunkelblau\/#breadcrumb\"},\"inLanguage\":\"de\",\"potentialAction\":[{\"@type\":\"ReadAction\",\"target\":[\"https:\/\/shop.proquipgolf.eu\/de\/produkt\/damen-golf-sweatshirt-proquip-emma-midlayer-dunkelblau\/\"]}]},{\"@type\":\"ImageObject\",\"inLanguage\":\"de\",\"@id\":\"https:\/\/shop.proquipgolf.eu\/de\/produkt\/damen-golf-sweatshirt-proquip-emma-midlayer-dunkelblau\/#primaryimage\",\"url\":\"https:\/\/shop.proquipgolf.eu\/wp-content\/uploads\/2023\/12\/PQLML02_NAVY_1.jpg\",\"contentUrl\":\"https:\/\/shop.proquipgolf.eu\/wp-content\/uploads\/2023\/12\/PQLML02_NAVY_1.jpg\",\"width\":1078,\"height\":1311},{\"@type\":\"BreadcrumbList\",\"@id\":\"https:\/\/shop.proquipgolf.eu\/de\/produkt\/damen-golf-sweatshirt-proquip-emma-midlayer-dunkelblau\/#breadcrumb\",\"itemListElement\":[{\"@type\":\"ListItem\",\"position\":1,\"name\":\"Dom\u016f\",\"item\":\"https:\/\/shop.proquipgolf.eu\/de\/\"},{\"@type\":\"ListItem\",\"position\":2,\"name\":\"Shop\",\"item\":\"https:\/\/shop.proquipgolf.eu\/de\/shop-2\/\"},{\"@type\":\"ListItem\",\"position\":3,\"name\":\"ProQuip EMMA MIDLAYER Damen Golf Sweatshirt &#8211; dunkelblau\"}]},{\"@type\":\"WebSite\",\"@id\":\"https:\/\/shop.proquipgolf.eu\/de\/#website\",\"url\":\"https:\/\/shop.proquipgolf.eu\/de\/\",\"name\":\"ProQuip Golf\",\"description\":\"Nejodoln\u011bj\u0161\u00ed golfov\u00e9 oble\u010den\u00ed s do\u017eivotn\u00ed garanc\u00ed\",\"potentialAction\":[{\"@type\":\"SearchAction\",\"target\":{\"@type\":\"EntryPoint\",\"urlTemplate\":\"https:\/\/shop.proquipgolf.eu\/de\/?s={search_term_string}\"},\"query-input\":{\"@type\":\"PropertyValueSpecification\",\"valueRequired\":true,\"valueName\":\"search_term_string\"}}],\"inLanguage\":\"de\"}]}<\/script>\n<!-- \/ Yoast SEO plugin. -->","yoast_head_json":{"title":"ProQuip EMMA MIDLAYER Damen Golf Sweatshirt - dunkelblau - ProQuip Golf","description":"Stylischer und funktioneller Midlayer aus sehr leichtem und samtig weichem Material. Kombination aus hochwertigem Polyester und technischem Stretchgewebe mit perfekter Passform","robots":{"index":"index","follow":"follow","max-snippet":"max-snippet:-1","max-image-preview":"max-image-preview:large","max-video-preview":"max-video-preview:-1"},"canonical":"https:\/\/shop.proquipgolf.eu\/de\/produkt\/damen-golf-sweatshirt-proquip-emma-midlayer-dunkelblau\/","og_locale":"de_DE","og_type":"article","og_title":"ProQuip EMMA MIDLAYER Damen Golf Sweatshirt - dunkelblau - ProQuip Golf","og_description":"Stylischer und funktioneller Midlayer aus sehr leichtem und samtig weichem Material. Kombination aus hochwertigem Polyester und technischem Stretchgewebe mit perfekter Passform","og_url":"https:\/\/shop.proquipgolf.eu\/de\/produkt\/damen-golf-sweatshirt-proquip-emma-midlayer-dunkelblau\/","og_site_name":"ProQuip Golf","article_modified_time":"2025-11-21T15:46:52+00:00","og_image":[{"width":1078,"height":1311,"url":"https:\/\/shop.proquipgolf.eu\/wp-content\/uploads\/2023\/12\/PQLML02_NAVY_1.jpg","type":"image\/jpeg"}],"twitter_card":"summary_large_image","schema":{"@context":"https:\/\/schema.org","@graph":[{"@type":"WebPage","@id":"https:\/\/shop.proquipgolf.eu\/de\/produkt\/damen-golf-sweatshirt-proquip-emma-midlayer-dunkelblau\/","url":"https:\/\/shop.proquipgolf.eu\/de\/produkt\/damen-golf-sweatshirt-proquip-emma-midlayer-dunkelblau\/","name":"ProQuip EMMA MIDLAYER Damen Golf Sweatshirt - dunkelblau - ProQuip Golf","isPartOf":{"@id":"https:\/\/shop.proquipgolf.eu\/de\/#website"},"primaryImageOfPage":{"@id":"https:\/\/shop.proquipgolf.eu\/de\/produkt\/damen-golf-sweatshirt-proquip-emma-midlayer-dunkelblau\/#primaryimage"},"image":{"@id":"https:\/\/shop.proquipgolf.eu\/de\/produkt\/damen-golf-sweatshirt-proquip-emma-midlayer-dunkelblau\/#primaryimage"},"thumbnailUrl":"https:\/\/shop.proquipgolf.eu\/wp-content\/uploads\/2023\/12\/PQLML02_NAVY_1.jpg","datePublished":"2023-12-02T22:23:45+00:00","dateModified":"2025-11-21T15:46:52+00:00","description":"Stylischer und funktioneller Midlayer aus sehr leichtem und samtig weichem Material. Kombination aus hochwertigem Polyester und technischem Stretchgewebe mit perfekter Passform","breadcrumb":{"@id":"https:\/\/shop.proquipgolf.eu\/de\/produkt\/damen-golf-sweatshirt-proquip-emma-midlayer-dunkelblau\/#breadcrumb"},"inLanguage":"de","potentialAction":[{"@type":"ReadAction","target":["https:\/\/shop.proquipgolf.eu\/de\/produkt\/damen-golf-sweatshirt-proquip-emma-midlayer-dunkelblau\/"]}]},{"@type":"ImageObject","inLanguage":"de","@id":"https:\/\/shop.proquipgolf.eu\/de\/produkt\/damen-golf-sweatshirt-proquip-emma-midlayer-dunkelblau\/#primaryimage","url":"https:\/\/shop.proquipgolf.eu\/wp-content\/uploads\/2023\/12\/PQLML02_NAVY_1.jpg","contentUrl":"https:\/\/shop.proquipgolf.eu\/wp-content\/uploads\/2023\/12\/PQLML02_NAVY_1.jpg","width":1078,"height":1311},{"@type":"BreadcrumbList","@id":"https:\/\/shop.proquipgolf.eu\/de\/produkt\/damen-golf-sweatshirt-proquip-emma-midlayer-dunkelblau\/#breadcrumb","itemListElement":[{"@type":"ListItem","position":1,"name":"Dom\u016f","item":"https:\/\/shop.proquipgolf.eu\/de\/"},{"@type":"ListItem","position":2,"name":"Shop","item":"https:\/\/shop.proquipgolf.eu\/de\/shop-2\/"},{"@type":"ListItem","position":3,"name":"ProQuip EMMA MIDLAYER Damen Golf Sweatshirt &#8211; dunkelblau"}]},{"@type":"WebSite","@id":"https:\/\/shop.proquipgolf.eu\/de\/#website","url":"https:\/\/shop.proquipgolf.eu\/de\/","name":"ProQuip Golf","description":"Nejodoln\u011bj\u0161\u00ed golfov\u00e9 oble\u010den\u00ed s do\u017eivotn\u00ed garanc\u00ed","potentialAction":[{"@type":"SearchAction","target":{"@type":"EntryPoint","urlTemplate":"https:\/\/shop.proquipgolf.eu\/de\/?s={search_term_string}"},"query-input":{"@type":"PropertyValueSpecification","valueRequired":true,"valueName":"search_term_string"}}],"inLanguage":"de"}]}},"_links":{"self":[{"href":"https:\/\/shop.proquipgolf.eu\/de\/wp-json\/wp\/v2\/product\/15935","targetHints":{"allow":["GET"]}}],"collection":[{"href":"https:\/\/shop.proquipgolf.eu\/de\/wp-json\/wp\/v2\/product"}],"about":[{"href":"https:\/\/shop.proquipgolf.eu\/de\/wp-json\/wp\/v2\/types\/product"}],"replies":[{"embeddable":true,"href":"https:\/\/shop.proquipgolf.eu\/de\/wp-json\/wp\/v2\/comments?post=15935"}],"wp:featuredmedia":[{"embeddable":true,"href":"https:\/\/shop.proquipgolf.eu\/de\/wp-json\/wp\/v2\/media\/14803"}],"wp:attachment":[{"href":"https:\/\/shop.proquipgolf.eu\/de\/wp-json\/wp\/v2\/media?parent=15935"}],"wp:term":[{"taxonomy":"product_brand","embeddable":true,"href":"https:\/\/shop.proquipgolf.eu\/de\/wp-json\/wp\/v2\/product_brand?post=15935"},{"taxonomy":"product_cat","embeddable":true,"href":"https:\/\/shop.proquipgolf.eu\/de\/wp-json\/wp\/v2\/product_cat?post=15935"},{"taxonomy":"product_tag","embeddable":true,"href":"https:\/\/shop.proquipgolf.eu\/de\/wp-json\/wp\/v2\/product_tag?post=15935"}],"curies":[{"name":"wp","href":"https:\/\/api.w.org\/{rel}","templated":true}]}}