{"id":15766,"date":"2023-12-03T23:26:23","date_gmt":"2023-12-03T22:26:23","guid":{"rendered":"https:\/\/shop.proquipgolf.eu\/product\/unisex-proquip-winter-golfmuetze-blau\/"},"modified":"2025-11-21T16:47:19","modified_gmt":"2025-11-21T15:47:19","slug":"unisex-proquip-winter-golfmuetze-blau","status":"publish","type":"product","link":"https:\/\/shop.proquipgolf.eu\/de\/produkt\/unisex-proquip-winter-golfmuetze-blau\/","title":{"rendered":"Unisex ProQuip Winter-Golfm\u00fctze &#8211; blau"},"content":{"rendered":"<p>Die neuen Winterm\u00fctzen in modernem Design bieten au\u00dfergew\u00f6hnliche W\u00e4rme und Komfort bei kaltem Wetter.<\/p>\n","protected":false},"excerpt":{"rendered":"<p>&#8211; extrem warm<br \/>\n&#8211; Fleece Sherpa-Fleece (f\u00fchlt sich an wie Wolle)<br \/>\n&#8211; pillingfrei\/wasserabweisend<br \/>\n&#8211; auch mit gesticktem Firmen-\/Vereinslogo lieferbar (anstelle des ProQuip-Logos)<br \/>\n&#8211; UNISEX<br \/>\n&#8211; ONE SIZE<\/p>\n<p> 2<strong>Varianten &#8211; mit oder ohne Bommel<\/strong><\/p>\n","protected":false},"featured_media":22178,"comment_status":"open","ping_status":"closed","template":"","meta":{"inline_featured_image":false},"product_brand":[473],"product_cat":[338,343,341,335],"product_tag":[],"class_list":{"0":"post-15766","1":"product","2":"type-product","3":"status-publish","4":"has-post-thumbnail","6":"product_brand-proquip","7":"product_cat-manner","8":"product_cat-zubehor-de","9":"product_cat-frauen","10":"product_cat-zubehor","11":"pa_dle-pocasi-kalt","13":"first","14":"instock","15":"taxable","16":"shipping-taxable","17":"purchasable","18":"product-type-variable"},"yoast_head":"<!-- This site is optimized with the Yoast SEO plugin v26.4 - https:\/\/yoast.com\/wordpress\/plugins\/seo\/ -->\n<title>Unisex ProQuip Winter-Golfm\u00fctze - blau<\/title>\n<meta name=\"description\" content=\"Die neuen Unisex-Winterm\u00fctzen im modernen Design bieten au\u00dfergew\u00f6hnliche W\u00e4rme und Komfort bei kaltem Wetter und leichtem Regen. Fleece-Pelz innen\" \/>\n<meta name=\"robots\" content=\"index, follow, max-snippet:-1, max-image-preview:large, max-video-preview:-1\" \/>\n<link rel=\"canonical\" href=\"https:\/\/shop.proquipgolf.eu\/de\/produkt\/unisex-proquip-winter-golfmuetze-blau\/\" \/>\n<meta property=\"og:locale\" content=\"de_DE\" \/>\n<meta property=\"og:type\" content=\"article\" \/>\n<meta property=\"og:title\" content=\"Unisex ProQuip Winter-Golfm\u00fctze - blau\" \/>\n<meta property=\"og:description\" content=\"Die neuen Unisex-Winterm\u00fctzen im modernen Design bieten au\u00dfergew\u00f6hnliche W\u00e4rme und Komfort bei kaltem Wetter und leichtem Regen. Fleece-Pelz innen\" \/>\n<meta property=\"og:url\" content=\"https:\/\/shop.proquipgolf.eu\/de\/produkt\/unisex-proquip-winter-golfmuetze-blau\/\" \/>\n<meta property=\"og:site_name\" content=\"ProQuip Golf\" \/>\n<meta property=\"article:modified_time\" content=\"2025-11-21T15:47:19+00:00\" \/>\n<meta property=\"og:image\" content=\"https:\/\/shop.proquipgolf.eu\/wp-content\/uploads\/2023\/12\/proquip_Hat_Mannequin_blue.jpg\" \/>\n\t<meta property=\"og:image:width\" content=\"1173\" \/>\n\t<meta property=\"og:image:height\" content=\"1428\" \/>\n\t<meta property=\"og:image:type\" content=\"image\/jpeg\" \/>\n<meta name=\"twitter:card\" content=\"summary_large_image\" \/>\n<script type=\"application\/ld+json\" class=\"yoast-schema-graph\">{\"@context\":\"https:\/\/schema.org\",\"@graph\":[{\"@type\":\"WebPage\",\"@id\":\"https:\/\/shop.proquipgolf.eu\/de\/produkt\/unisex-proquip-winter-golfmuetze-blau\/\",\"url\":\"https:\/\/shop.proquipgolf.eu\/de\/produkt\/unisex-proquip-winter-golfmuetze-blau\/\",\"name\":\"Unisex ProQuip Winter-Golfm\u00fctze - blau\",\"isPartOf\":{\"@id\":\"https:\/\/shop.proquipgolf.eu\/de\/#website\"},\"primaryImageOfPage\":{\"@id\":\"https:\/\/shop.proquipgolf.eu\/de\/produkt\/unisex-proquip-winter-golfmuetze-blau\/#primaryimage\"},\"image\":{\"@id\":\"https:\/\/shop.proquipgolf.eu\/de\/produkt\/unisex-proquip-winter-golfmuetze-blau\/#primaryimage\"},\"thumbnailUrl\":\"https:\/\/shop.proquipgolf.eu\/wp-content\/uploads\/2023\/12\/proquip_Hat_Mannequin_blue.jpg\",\"datePublished\":\"2023-12-03T22:26:23+00:00\",\"dateModified\":\"2025-11-21T15:47:19+00:00\",\"description\":\"Die neuen Unisex-Winterm\u00fctzen im modernen Design bieten au\u00dfergew\u00f6hnliche W\u00e4rme und Komfort bei kaltem Wetter und leichtem Regen. Fleece-Pelz innen\",\"breadcrumb\":{\"@id\":\"https:\/\/shop.proquipgolf.eu\/de\/produkt\/unisex-proquip-winter-golfmuetze-blau\/#breadcrumb\"},\"inLanguage\":\"de\",\"potentialAction\":[{\"@type\":\"ReadAction\",\"target\":[\"https:\/\/shop.proquipgolf.eu\/de\/produkt\/unisex-proquip-winter-golfmuetze-blau\/\"]}]},{\"@type\":\"ImageObject\",\"inLanguage\":\"de\",\"@id\":\"https:\/\/shop.proquipgolf.eu\/de\/produkt\/unisex-proquip-winter-golfmuetze-blau\/#primaryimage\",\"url\":\"https:\/\/shop.proquipgolf.eu\/wp-content\/uploads\/2023\/12\/proquip_Hat_Mannequin_blue.jpg\",\"contentUrl\":\"https:\/\/shop.proquipgolf.eu\/wp-content\/uploads\/2023\/12\/proquip_Hat_Mannequin_blue.jpg\",\"width\":1173,\"height\":1428},{\"@type\":\"BreadcrumbList\",\"@id\":\"https:\/\/shop.proquipgolf.eu\/de\/produkt\/unisex-proquip-winter-golfmuetze-blau\/#breadcrumb\",\"itemListElement\":[{\"@type\":\"ListItem\",\"position\":1,\"name\":\"Dom\u016f\",\"item\":\"https:\/\/shop.proquipgolf.eu\/de\/\"},{\"@type\":\"ListItem\",\"position\":2,\"name\":\"Shop\",\"item\":\"https:\/\/shop.proquipgolf.eu\/de\/shop-2\/\"},{\"@type\":\"ListItem\",\"position\":3,\"name\":\"Unisex ProQuip Winter-Golfm\u00fctze &#8211; blau\"}]},{\"@type\":\"WebSite\",\"@id\":\"https:\/\/shop.proquipgolf.eu\/de\/#website\",\"url\":\"https:\/\/shop.proquipgolf.eu\/de\/\",\"name\":\"ProQuip Golf\",\"description\":\"Nejodoln\u011bj\u0161\u00ed golfov\u00e9 oble\u010den\u00ed s do\u017eivotn\u00ed garanc\u00ed\",\"potentialAction\":[{\"@type\":\"SearchAction\",\"target\":{\"@type\":\"EntryPoint\",\"urlTemplate\":\"https:\/\/shop.proquipgolf.eu\/de\/?s={search_term_string}\"},\"query-input\":{\"@type\":\"PropertyValueSpecification\",\"valueRequired\":true,\"valueName\":\"search_term_string\"}}],\"inLanguage\":\"de\"}]}<\/script>\n<!-- \/ Yoast SEO plugin. -->","yoast_head_json":{"title":"Unisex ProQuip Winter-Golfm\u00fctze - blau","description":"Die neuen Unisex-Winterm\u00fctzen im modernen Design bieten au\u00dfergew\u00f6hnliche W\u00e4rme und Komfort bei kaltem Wetter und leichtem Regen. Fleece-Pelz innen","robots":{"index":"index","follow":"follow","max-snippet":"max-snippet:-1","max-image-preview":"max-image-preview:large","max-video-preview":"max-video-preview:-1"},"canonical":"https:\/\/shop.proquipgolf.eu\/de\/produkt\/unisex-proquip-winter-golfmuetze-blau\/","og_locale":"de_DE","og_type":"article","og_title":"Unisex ProQuip Winter-Golfm\u00fctze - blau","og_description":"Die neuen Unisex-Winterm\u00fctzen im modernen Design bieten au\u00dfergew\u00f6hnliche W\u00e4rme und Komfort bei kaltem Wetter und leichtem Regen. Fleece-Pelz innen","og_url":"https:\/\/shop.proquipgolf.eu\/de\/produkt\/unisex-proquip-winter-golfmuetze-blau\/","og_site_name":"ProQuip Golf","article_modified_time":"2025-11-21T15:47:19+00:00","og_image":[{"width":1173,"height":1428,"url":"https:\/\/shop.proquipgolf.eu\/wp-content\/uploads\/2023\/12\/proquip_Hat_Mannequin_blue.jpg","type":"image\/jpeg"}],"twitter_card":"summary_large_image","schema":{"@context":"https:\/\/schema.org","@graph":[{"@type":"WebPage","@id":"https:\/\/shop.proquipgolf.eu\/de\/produkt\/unisex-proquip-winter-golfmuetze-blau\/","url":"https:\/\/shop.proquipgolf.eu\/de\/produkt\/unisex-proquip-winter-golfmuetze-blau\/","name":"Unisex ProQuip Winter-Golfm\u00fctze - blau","isPartOf":{"@id":"https:\/\/shop.proquipgolf.eu\/de\/#website"},"primaryImageOfPage":{"@id":"https:\/\/shop.proquipgolf.eu\/de\/produkt\/unisex-proquip-winter-golfmuetze-blau\/#primaryimage"},"image":{"@id":"https:\/\/shop.proquipgolf.eu\/de\/produkt\/unisex-proquip-winter-golfmuetze-blau\/#primaryimage"},"thumbnailUrl":"https:\/\/shop.proquipgolf.eu\/wp-content\/uploads\/2023\/12\/proquip_Hat_Mannequin_blue.jpg","datePublished":"2023-12-03T22:26:23+00:00","dateModified":"2025-11-21T15:47:19+00:00","description":"Die neuen Unisex-Winterm\u00fctzen im modernen Design bieten au\u00dfergew\u00f6hnliche W\u00e4rme und Komfort bei kaltem Wetter und leichtem Regen. Fleece-Pelz innen","breadcrumb":{"@id":"https:\/\/shop.proquipgolf.eu\/de\/produkt\/unisex-proquip-winter-golfmuetze-blau\/#breadcrumb"},"inLanguage":"de","potentialAction":[{"@type":"ReadAction","target":["https:\/\/shop.proquipgolf.eu\/de\/produkt\/unisex-proquip-winter-golfmuetze-blau\/"]}]},{"@type":"ImageObject","inLanguage":"de","@id":"https:\/\/shop.proquipgolf.eu\/de\/produkt\/unisex-proquip-winter-golfmuetze-blau\/#primaryimage","url":"https:\/\/shop.proquipgolf.eu\/wp-content\/uploads\/2023\/12\/proquip_Hat_Mannequin_blue.jpg","contentUrl":"https:\/\/shop.proquipgolf.eu\/wp-content\/uploads\/2023\/12\/proquip_Hat_Mannequin_blue.jpg","width":1173,"height":1428},{"@type":"BreadcrumbList","@id":"https:\/\/shop.proquipgolf.eu\/de\/produkt\/unisex-proquip-winter-golfmuetze-blau\/#breadcrumb","itemListElement":[{"@type":"ListItem","position":1,"name":"Dom\u016f","item":"https:\/\/shop.proquipgolf.eu\/de\/"},{"@type":"ListItem","position":2,"name":"Shop","item":"https:\/\/shop.proquipgolf.eu\/de\/shop-2\/"},{"@type":"ListItem","position":3,"name":"Unisex ProQuip Winter-Golfm\u00fctze &#8211; blau"}]},{"@type":"WebSite","@id":"https:\/\/shop.proquipgolf.eu\/de\/#website","url":"https:\/\/shop.proquipgolf.eu\/de\/","name":"ProQuip Golf","description":"Nejodoln\u011bj\u0161\u00ed golfov\u00e9 oble\u010den\u00ed s do\u017eivotn\u00ed garanc\u00ed","potentialAction":[{"@type":"SearchAction","target":{"@type":"EntryPoint","urlTemplate":"https:\/\/shop.proquipgolf.eu\/de\/?s={search_term_string}"},"query-input":{"@type":"PropertyValueSpecification","valueRequired":true,"valueName":"search_term_string"}}],"inLanguage":"de"}]}},"_links":{"self":[{"href":"https:\/\/shop.proquipgolf.eu\/de\/wp-json\/wp\/v2\/product\/15766","targetHints":{"allow":["GET"]}}],"collection":[{"href":"https:\/\/shop.proquipgolf.eu\/de\/wp-json\/wp\/v2\/product"}],"about":[{"href":"https:\/\/shop.proquipgolf.eu\/de\/wp-json\/wp\/v2\/types\/product"}],"replies":[{"embeddable":true,"href":"https:\/\/shop.proquipgolf.eu\/de\/wp-json\/wp\/v2\/comments?post=15766"}],"wp:featuredmedia":[{"embeddable":true,"href":"https:\/\/shop.proquipgolf.eu\/de\/wp-json\/wp\/v2\/media\/22178"}],"wp:attachment":[{"href":"https:\/\/shop.proquipgolf.eu\/de\/wp-json\/wp\/v2\/media?parent=15766"}],"wp:term":[{"taxonomy":"product_brand","embeddable":true,"href":"https:\/\/shop.proquipgolf.eu\/de\/wp-json\/wp\/v2\/product_brand?post=15766"},{"taxonomy":"product_cat","embeddable":true,"href":"https:\/\/shop.proquipgolf.eu\/de\/wp-json\/wp\/v2\/product_cat?post=15766"},{"taxonomy":"product_tag","embeddable":true,"href":"https:\/\/shop.proquipgolf.eu\/de\/wp-json\/wp\/v2\/product_tag?post=15766"}],"curies":[{"name":"wp","href":"https:\/\/api.w.org\/{rel}","templated":true}]}}