{"id":23216,"date":"2025-02-11T10:19:10","date_gmt":"2025-02-11T09:19:10","guid":{"rendered":"https:\/\/shop.proquipgolf.eu\/datenschutzbestimmungen\/"},"modified":"2025-02-11T10:19:10","modified_gmt":"2025-02-11T09:19:10","slug":"datenschutzbestimmungen","status":"publish","type":"page","link":"https:\/\/shop.proquipgolf.eu\/de\/datenschutzbestimmungen\/","title":{"rendered":"Datenschutzbestimmungen"},"content":{"rendered":"<header>\n<p><strong style=\"font-size: 16px;\">Datenschutzerkl\u00e4rung f\u00fcr e-shop shop.proquipgolf.eu<\/strong><\/p>\n<\/p>\n<\/header>\n<p>Wir sind die Firma <strong>ProQuip CE s.r.o.<\/strong>, mit Sitz in <strong>N\u00e1rodn\u00edch hrdin\u016f 891, Doln\u00ed Po\u010dernice, 190 12 Prag, Tschechische Republik<\/strong>, ID-Nr. <strong>05864526,<\/strong> USt.-Nr. <strong>CZ05864526<\/strong>, eingetragen im Handelsregister unter der Nr. <strong>C 272126\/MSPH<\/strong> beim <strong>Amtsgericht in Prag<\/strong>. <\/p>\n<p>Wir betreiben einen E-Shop auf der Website <a href=\"https:\/\/shop.proquipgolf.eu\/de\/\"><b>www.shop.proquipgolf.eu<\/b><\/a><\/p>\n<p>Um unsere Dienstleistungen zu erbringen, Waren zu verkaufen und unsere Website zu betreiben, verarbeiten wir einige personenbezogene Daten.<\/p>\n<p>Die Verarbeitung personenbezogener Daten wird insbesondere durch die Verordnung (EU) 2016\/679 des Europ\u00e4ischen Parlaments und des Rates vom 27. April 2016 zum Schutz nat\u00fcrlicher Personen bei der Verarbeitung personenbezogener Daten, zum freien Datenverkehr und zur Aufhebung der Richtlinie 95\/46\/EG (Datenschutz-Grundverordnung) (&#8220;DSGVO&#8221;) geregelt. <\/p>\n<h3>I. Verarbeitung von personenbezogenen Daten<\/h3>\n<p><strong>A. Verarbeitung personenbezogener Daten bei Verwendung des Kontaktformulars<\/strong><\/p>\n<p>Wenn Sie sich \u00fcber unsere Produkte und Dienstleistungen erkundigen, arbeiten wir mit den Kontaktdaten, die Sie uns, haupts\u00e4chlich \u00fcber das Anfrageformular, zur Verf\u00fcgung stellen. Dies sind: <strong>Vorname, Nachname, E-Mail-Adresse, Telefonnummer<\/strong>. <\/p>\n<p><strong>Aus welchem Grund?<\/strong><\/p>\n<p>Wir werden Sie \u00fcber diese kontaktieren, um weitere Vereinbarungen f\u00fcr Waren und Dienstleistungen zu treffen.<\/p>\n<p><strong>Auf welcher Rechtsgrundlage?<\/strong><\/p>\n<p>Hierbei handelt es sich um eine Verarbeitung auf der Grundlage von Artikel 6 Absatz 1 Buchstabe b der DSGVO &#8211; Vertragsverhandlungen oder vorvertragliche Ma\u00dfnahmen auf Ihren Wunsch.    <\/p>\n<p><strong>Wie lange werden wir personenbezogene Daten verarbeiten?<\/strong><\/p>\n<p>Wenn keine weitere Zusammenarbeit zustande kommt, verarbeiten wir Ihre Daten f\u00fcr maximal <strong>6 Monate<\/strong> ab unserer letzten Mitteilung.<\/p>\n<p><strong>B. Verarbeitung pers\u00f6nlicher Daten im Falle eines Kaufs<\/strong><\/p>\n<p>Wenn Sie bei uns einen Kauf t\u00e4tigen, arbeiten wir mit den von Ihnen eingegebenen Daten. Dabei handelt es sich haupts\u00e4chlich um Rechnungsdaten: <strong>Vorname, Nachname, Adresse, E-Mail-Adresse, Telefonnummer<\/strong>. <\/p>\n<p><strong>Aus welchem Grund?<\/strong><\/p>\n<p>Wir m\u00fcssen personenbezogene Daten verarbeiten, um unseren Vertrag zu erf\u00fcllen &#8211; um unsere Waren oder Dienstleistungen an Sie zu liefern. \u00dcber Ihre Kontaktdaten kommunizieren wir auch mit Ihnen \u00fcber den Status Ihrer Bestellung oder \u00fcber Beschwerden oder Fragen, die Sie haben. <\/p>\n<p>Wir verarbeiten personenbezogene Daten auch zur Erf\u00fcllung unserer gesetzlichen Verpflichtungen (vor allem f\u00fcr buchhalterische und steuerliche Zwecke oder f\u00fcr die Bearbeitung von Beschwerden usw.).<\/p>\n<p><strong>Auf welcher Rechtsgrundlage verarbeiten wir personenbezogene Daten?<\/strong><\/p>\n<p>Es handelt sich um eine Verarbeitung auf der Grundlage von Artikel 6 Absatz 1 Buchstabe b) DSGVO &#8211; Erf\u00fcllung eines Vertrags und Artikel 6 Absatz 1 Buchstabe c) DSGVO &#8211; Erf\u00fcllung unserer rechtlichen Verpflichtung.      <\/p>\n<p><strong>Wie lange werden wir personenbezogene Daten verarbeiten?<\/strong><\/p>\n<p>W\u00e4hrend der Dauer der Erbringung unserer Dienstleistung und danach <strong>f\u00fcr 10 Jahre<\/strong> ab der letzten Erbringung dieser Dienstleistung oder Ware.<\/p>\n<p><strong>C. Newsletter (kommerzielle Mitteilungen)<\/strong><\/p>\n<p>Wenn Sie ein Kunde sind und sich beim Kauf nicht abgemeldet haben, verwenden wir Ihre E-Mail-Adresse, um Ihnen unseren Newsletter zu senden.<\/p>\n<p><strong>Auf welcher Rechtsgrundlage?<\/strong><\/p>\n<p>Abschnitt 7(3) des Gesetzes Nr. 480\/2004 Slg. \u00fcber bestimmte Dienste der Informationsgesellschaft erlaubt uns dies, es sei denn, Sie haben uns dies zum Zeitpunkt des Kaufs untersagt.<\/p>\n<p><strong>Wie lange werden wir personenbezogene Daten verarbeiten?<\/strong><\/p>\n<p><strong>3 Jahre<\/strong> seit Ihrem letzten Kauf. Sie k\u00f6nnen sich jederzeit per E-Mail abmelden oder uns per E-Mail kontaktieren: <strong><a rel=\"noopener\">info@golfobleceni.cz<\/a><\/strong>. <\/p>\n<h3>II. Wer hat Zugriff auf die Daten? <\/h3>\n<p>Ihre Daten bleiben bei uns. Wir haben jedoch einige Unternehmen oder andere Personen, die f\u00fcr uns arbeiten und Zugang zu den Daten erhalten, weil sie uns beim Betrieb unseres E-Shops helfen. Diese sind:  <\/p>\n<ul>\n<li>Der Betreiber der E-Shop-Plattform Shoptet (Shoptet a.s., mit Sitz in Dvo\u0159eck\u00e9ho 628\/8, B\u0159evnov, 169 00, Prag 6, ID 289 35 675, eingetragen beim Stadtgericht in Prag, Sektion B, Einsatz 25 395)<\/li>\n<li>Unternehmen, die am Versand von Waren beteiligt sind (PPL, Tschechische Post, Z\u00e1silkovna, GLS, DPD)<\/li>\n<li>An der Zahlungsabwicklung beteiligte Unternehmen (GoPay s.r.o., PayPal, s.r.o., ShoptetPay)<\/li>\n<li>Anbieter von E-Mail-Diensten (MailChimp, Ecomail)<\/li>\n<li>Marketingagentur ( Lubo\u0161 Huml &#8211; Shopdesign.cz)<\/li>\n<\/ul>\n<p>Ihre pers\u00f6nlichen Daten k\u00f6nnen auch an die folgenden anderen Parteien weitergegeben werden:<\/p>\n<ul>\n<li>Buchhalter und Steuerberater<\/li>\n<li>Gesetzliche Vertreter<\/li>\n<\/ul>\n<p>Wir verarbeiten personenbezogene Daten nur innerhalb der Europ\u00e4ischen Union.<\/p>\n<h3>III. Was Sie sonst noch wissen sollten <\/h3>\n<p>Wir <strong>haben keinen<\/strong> designierten Datenschutzbeauftragten.<\/p>\n<p>Unser Unternehmen <strong>trifft keine<\/strong> Entscheidungen auf der Grundlage von automatisierter Verarbeitung oder Profiling.<\/p>\n<p>Wenn Sie Fragen zu Ihren pers\u00f6nlichen Daten haben, kontaktieren Sie uns bitte unter <strong><a rel=\"noopener\">info@proquipgolf.eu<\/a><\/strong> oder rufen Sie uns an unter Tel.   <strong>+420 725 556 678<\/strong><\/p>\n<h3>IV. Verwendung von Cookies <\/h3>\n<p>Cookies sind Textdateien, die kleine Mengen von Informationen enthalten und auf Ihr Ger\u00e4t heruntergeladen werden, wenn Sie unsere Website besuchen. Die Cookies werden dann bei jedem weiteren Besuch an die Website oder eine andere Website, die sie erkennt, zur\u00fcckgeschickt. <\/p>\n<p>Cookies erf\u00fcllen eine Vielzahl von Aufgaben, z. B. erm\u00f6glichen sie Ihnen eine effiziente Navigation zwischen Websites, speichern Ihre Pr\u00e4ferenzen und verbessern allgemein die Benutzerfreundlichkeit. Sie k\u00f6nnen auch daf\u00fcr sorgen, dass die online angezeigte Werbung besser auf Ihre Pers\u00f6nlichkeit und Ihre Interessen zugeschnitten ist. <\/p>\n<p>Wir verwenden die folgenden Cookies auf der Website:<\/p>\n<ul>\n<li><strong>Notwendige Cookies:<\/strong> Diese sind f\u00fcr den Betrieb der Website erforderlich, z. B. um Ihnen die Anmeldung in sicheren Bereichen der Website und andere grundlegende Funktionen der Website zu erm\u00f6glichen. Diese Kategorie von Cookies kann nicht deaktiviert werden. <\/li>\n<li><strong>Analytische\/statistische Cookies:<\/strong> Sie erm\u00f6glichen es uns zum Beispiel, die Anzahl der Besucher zu erkennen und zu verfolgen und zu beobachten, wie unsere Besucher die Website nutzen. Sie helfen uns, die Funktionsweise der Website zu verbessern, z. B. indem sie es den Nutzern erleichtern, das zu finden, was sie suchen. Wir f\u00fchren diese Dateien nur mit Ihrer vorherigen Zustimmung aus.  <\/li>\n<li><strong>Werbe-Cookies:<\/strong> werden verwendet, um Pr\u00e4ferenzen zu verfolgen und Ihnen Werbung und andere Inhalte zu zeigen, die Ihren Interessen und Ihrem Online-Verhalten am besten entsprechen. Wir verwenden diese Cookies nur mit Ihrer vorherigen Zustimmung. <\/li>\n<\/ul>\n<p>Bitte beachten Sie, dass Dritte (z.B. auch externe Dienstleister) ebenfalls Cookies verwenden und\/oder auf Daten zugreifen k\u00f6nnen, die durch Cookies auf der Website gesammelt wurden.<\/p>\n<p><strong>Verwendete Cookies:<\/strong><\/p>\n<ul>\n<li><strong>Technischer Name:<\/strong> [-]<\/li>\n<li><strong>Herausgeber:<\/strong> [-]<\/li>\n<li><strong>Zweck o Beschreibung von Cookies:<\/strong> [-]<\/li>\n<li><strong>Dauer:<\/strong> Sitzung \/ Dauerhaft ([-] Stunden)<\/li>\n<\/ul>\n<p>Weitere Informationen \u00fcber Cookies und die aktuelle Liste der Cookies finden Sie in den einzelnen Webbrowsern, meist unter Entwicklertools.<\/p>\n<p>Die Zustimmung kann durch ein Kontrollk\u00e4stchen in der sogenannten Cookie-Leiste ausgedr\u00fcckt werden. Sie k\u00f6nnen in den Einstellungen Ihres Browsers die Verwendung von Cookies ablehnen oder nur einige von ihnen zulassen.  <\/p>\n<p>Weitere Informationen \u00fcber die Verwaltung von Cookies in den einzelnen Browsern finden Sie unter den folgenden Links:<\/p>\n<ul>\n<li><a href=\"https:\/\/support.microsoft.com\/cs-cz\/help\/17442\/windows-internet-explorer-delete-manage-cookies\" target=\"_new\">Internet Explorer<\/a><\/li>\n<li><a href=\"https:\/\/support.google.com\/chrome\/answer\/95647?co=GENIE.Platform%3DDesktop&amp;hl=cs\" target=\"_new\">Google Chrome<\/a><\/li>\n<li><a href=\"https:\/\/support.mozilla.org\/cs\/kb\/povoleni-zakazani-cookies\" target=\"_new\">Firefox<\/a><\/li>\n<li><a href=\"https:\/\/support.apple.com\/cs-cz\/guide\/safari\/sfri11471\/mac\" target=\"_new\">Safari<\/a><\/li>\n<li><a href=\"https:\/\/help.opera.com\/cs\/latest\/security-and-privacy\/\" target=\"_new\">Oper<\/a><\/li>\n<li><a href=\"https:\/\/docs.microsoft.com\/cs-cz\/sccm\/compliance\/deploy-use\/browser-profiles\" target=\"_new\">Microsoft Edge<\/a><\/li>\n<\/ul>\n<h3>V. Ihre Rechte in Bezug auf die Verarbeitung von personenbezogenen Daten<\/h3>\n<p>Die DSGVO gibt Ihnen unter anderem das Recht, sich an uns zu wenden und Auskunft dar\u00fcber zu verlangen, welche personenbezogenen Daten wir \u00fcber Sie verarbeiten, Zugang zu diesen Daten zu verlangen und sie aktualisieren oder korrigieren zu lassen oder eine Einschr\u00e4nkung der Verarbeitung zu verlangen. Sie k\u00f6nnen eine Kopie der verarbeiteten personenbezogenen Daten anfordern, verlangen, dass wir Ihre personenbezogenen Daten in bestimmten Situationen l\u00f6schen, und haben in bestimmten F\u00e4llen das Recht auf Daten\u00fcbertragbarkeit. Der Verarbeitung auf der Grundlage eines berechtigten Interesses kann widersprochen werden.<\/p>\n<p>Wenn Sie der Meinung sind, dass wir Ihre Daten nicht korrekt behandeln, haben Sie das Recht, eine Beschwerde beim Amt f\u00fcr den Schutz personenbezogener Daten einzureichen oder Ihre Anspr\u00fcche vor Gericht geltend zu machen.<\/p>\n<p>Diese Bedingungen sind ab dem 1.1.2025 g\u00fcltig.<\/p>\n<\/p>\n<p>ProQuip CE s.r.o.<br \/>N\u00e1rodn\u00edch hrdin\u016f 891<br \/>190 12 Prag 9<br \/>Tschechische Republik<br \/>ID: 05864526<br \/>VAT: CZ05864526<\/p>\n","protected":false},"excerpt":{"rendered":"<p>Datenschutzerkl\u00e4rung f\u00fcr e-shop shop.proquipgolf.eu Wir sind die Firma ProQuip CE s.r.o., mit Sitz in N\u00e1rodn\u00edch hrdin\u016f 891, Doln\u00ed Po\u010dernice, 190 12 Prag, Tschechische Republik, ID-Nr. 05864526, USt.-Nr. CZ05864526, eingetragen im Handelsregister unter der Nr. C 272126\/MSPH beim Amtsgericht in Prag. Wir betreiben einen E-Shop auf der Website www.shop.proquipgolf.eu Um unsere Dienstleistungen zu erbringen, Waren zu &hellip;<\/p>\n","protected":false},"author":6,"featured_media":0,"parent":0,"menu_order":0,"comment_status":"closed","ping_status":"closed","template":"elementor_theme","meta":{"inline_featured_image":false,"footnotes":""},"class_list":["post-23216","page","type-page","status-publish","hentry"],"yoast_head":"<!-- This site is optimized with the Yoast SEO plugin v26.4 - https:\/\/yoast.com\/wordpress\/plugins\/seo\/ -->\n<title>Datenschutzbestimmungen - ProQuip Golf<\/title>\n<meta name=\"robots\" content=\"index, follow, max-snippet:-1, max-image-preview:large, max-video-preview:-1\" \/>\n<link rel=\"canonical\" href=\"https:\/\/shop.proquipgolf.eu\/de\/datenschutzbestimmungen\/\" \/>\n<meta property=\"og:locale\" content=\"de_DE\" \/>\n<meta property=\"og:type\" content=\"article\" \/>\n<meta property=\"og:title\" content=\"Datenschutzbestimmungen - ProQuip Golf\" \/>\n<meta property=\"og:description\" content=\"Datenschutzerkl\u00e4rung f\u00fcr e-shop shop.proquipgolf.eu Wir sind die Firma ProQuip CE s.r.o., mit Sitz in N\u00e1rodn\u00edch hrdin\u016f 891, Doln\u00ed Po\u010dernice, 190 12 Prag, Tschechische Republik, ID-Nr. 05864526, USt.-Nr. CZ05864526, eingetragen im Handelsregister unter der Nr. C 272126\/MSPH beim Amtsgericht in Prag. Wir betreiben einen E-Shop auf der Website www.shop.proquipgolf.eu Um unsere Dienstleistungen zu erbringen, Waren zu &hellip;\" \/>\n<meta property=\"og:url\" content=\"https:\/\/shop.proquipgolf.eu\/de\/datenschutzbestimmungen\/\" \/>\n<meta property=\"og:site_name\" content=\"ProQuip Golf\" \/>\n<meta name=\"twitter:card\" content=\"summary_large_image\" \/>\n<meta name=\"twitter:label1\" content=\"Gesch\u00e4tzte Lesezeit\" \/>\n\t<meta name=\"twitter:data1\" content=\"6\u00a0Minuten\" \/>\n<script type=\"application\/ld+json\" class=\"yoast-schema-graph\">{\"@context\":\"https:\/\/schema.org\",\"@graph\":[{\"@type\":\"WebPage\",\"@id\":\"https:\/\/shop.proquipgolf.eu\/de\/datenschutzbestimmungen\/\",\"url\":\"https:\/\/shop.proquipgolf.eu\/de\/datenschutzbestimmungen\/\",\"name\":\"Datenschutzbestimmungen - ProQuip Golf\",\"isPartOf\":{\"@id\":\"https:\/\/shop.proquipgolf.eu\/de\/#website\"},\"datePublished\":\"2025-02-11T09:19:10+00:00\",\"breadcrumb\":{\"@id\":\"https:\/\/shop.proquipgolf.eu\/de\/datenschutzbestimmungen\/#breadcrumb\"},\"inLanguage\":\"de\",\"potentialAction\":[{\"@type\":\"ReadAction\",\"target\":[\"https:\/\/shop.proquipgolf.eu\/de\/datenschutzbestimmungen\/\"]}]},{\"@type\":\"BreadcrumbList\",\"@id\":\"https:\/\/shop.proquipgolf.eu\/de\/datenschutzbestimmungen\/#breadcrumb\",\"itemListElement\":[{\"@type\":\"ListItem\",\"position\":1,\"name\":\"Dom\u016f\",\"item\":\"https:\/\/shop.proquipgolf.eu\/de\/\"},{\"@type\":\"ListItem\",\"position\":2,\"name\":\"Datenschutzbestimmungen\"}]},{\"@type\":\"WebSite\",\"@id\":\"https:\/\/shop.proquipgolf.eu\/de\/#website\",\"url\":\"https:\/\/shop.proquipgolf.eu\/de\/\",\"name\":\"ProQuip Golf\",\"description\":\"Nejodoln\u011bj\u0161\u00ed golfov\u00e9 oble\u010den\u00ed s do\u017eivotn\u00ed garanc\u00ed\",\"potentialAction\":[{\"@type\":\"SearchAction\",\"target\":{\"@type\":\"EntryPoint\",\"urlTemplate\":\"https:\/\/shop.proquipgolf.eu\/de\/?s={search_term_string}\"},\"query-input\":{\"@type\":\"PropertyValueSpecification\",\"valueRequired\":true,\"valueName\":\"search_term_string\"}}],\"inLanguage\":\"de\"}]}<\/script>\n<!-- \/ Yoast SEO plugin. -->","yoast_head_json":{"title":"Datenschutzbestimmungen - ProQuip Golf","robots":{"index":"index","follow":"follow","max-snippet":"max-snippet:-1","max-image-preview":"max-image-preview:large","max-video-preview":"max-video-preview:-1"},"canonical":"https:\/\/shop.proquipgolf.eu\/de\/datenschutzbestimmungen\/","og_locale":"de_DE","og_type":"article","og_title":"Datenschutzbestimmungen - ProQuip Golf","og_description":"Datenschutzerkl\u00e4rung f\u00fcr e-shop shop.proquipgolf.eu Wir sind die Firma ProQuip CE s.r.o., mit Sitz in N\u00e1rodn\u00edch hrdin\u016f 891, Doln\u00ed Po\u010dernice, 190 12 Prag, Tschechische Republik, ID-Nr. 05864526, USt.-Nr. CZ05864526, eingetragen im Handelsregister unter der Nr. C 272126\/MSPH beim Amtsgericht in Prag. Wir betreiben einen E-Shop auf der Website www.shop.proquipgolf.eu Um unsere Dienstleistungen zu erbringen, Waren zu &hellip;","og_url":"https:\/\/shop.proquipgolf.eu\/de\/datenschutzbestimmungen\/","og_site_name":"ProQuip Golf","twitter_card":"summary_large_image","twitter_misc":{"Gesch\u00e4tzte Lesezeit":"6\u00a0Minuten"},"schema":{"@context":"https:\/\/schema.org","@graph":[{"@type":"WebPage","@id":"https:\/\/shop.proquipgolf.eu\/de\/datenschutzbestimmungen\/","url":"https:\/\/shop.proquipgolf.eu\/de\/datenschutzbestimmungen\/","name":"Datenschutzbestimmungen - ProQuip Golf","isPartOf":{"@id":"https:\/\/shop.proquipgolf.eu\/de\/#website"},"datePublished":"2025-02-11T09:19:10+00:00","breadcrumb":{"@id":"https:\/\/shop.proquipgolf.eu\/de\/datenschutzbestimmungen\/#breadcrumb"},"inLanguage":"de","potentialAction":[{"@type":"ReadAction","target":["https:\/\/shop.proquipgolf.eu\/de\/datenschutzbestimmungen\/"]}]},{"@type":"BreadcrumbList","@id":"https:\/\/shop.proquipgolf.eu\/de\/datenschutzbestimmungen\/#breadcrumb","itemListElement":[{"@type":"ListItem","position":1,"name":"Dom\u016f","item":"https:\/\/shop.proquipgolf.eu\/de\/"},{"@type":"ListItem","position":2,"name":"Datenschutzbestimmungen"}]},{"@type":"WebSite","@id":"https:\/\/shop.proquipgolf.eu\/de\/#website","url":"https:\/\/shop.proquipgolf.eu\/de\/","name":"ProQuip Golf","description":"Nejodoln\u011bj\u0161\u00ed golfov\u00e9 oble\u010den\u00ed s do\u017eivotn\u00ed garanc\u00ed","potentialAction":[{"@type":"SearchAction","target":{"@type":"EntryPoint","urlTemplate":"https:\/\/shop.proquipgolf.eu\/de\/?s={search_term_string}"},"query-input":{"@type":"PropertyValueSpecification","valueRequired":true,"valueName":"search_term_string"}}],"inLanguage":"de"}]}},"_links":{"self":[{"href":"https:\/\/shop.proquipgolf.eu\/de\/wp-json\/wp\/v2\/pages\/23216","targetHints":{"allow":["GET"]}}],"collection":[{"href":"https:\/\/shop.proquipgolf.eu\/de\/wp-json\/wp\/v2\/pages"}],"about":[{"href":"https:\/\/shop.proquipgolf.eu\/de\/wp-json\/wp\/v2\/types\/page"}],"author":[{"embeddable":true,"href":"https:\/\/shop.proquipgolf.eu\/de\/wp-json\/wp\/v2\/users\/6"}],"replies":[{"embeddable":true,"href":"https:\/\/shop.proquipgolf.eu\/de\/wp-json\/wp\/v2\/comments?post=23216"}],"version-history":[{"count":0,"href":"https:\/\/shop.proquipgolf.eu\/de\/wp-json\/wp\/v2\/pages\/23216\/revisions"}],"wp:attachment":[{"href":"https:\/\/shop.proquipgolf.eu\/de\/wp-json\/wp\/v2\/media?parent=23216"}],"curies":[{"name":"wp","href":"https:\/\/api.w.org\/{rel}","templated":true}]}}