{"id":23214,"date":"2015-08-12T12:42:39","date_gmt":"2015-08-12T10:42:39","guid":{"rendered":"https:\/\/shop.proquipgolf.eu\/kontakt\/"},"modified":"2025-11-29T12:41:46","modified_gmt":"2025-11-29T11:41:46","slug":"kontakt","status":"publish","type":"page","link":"https:\/\/shop.proquipgolf.eu\/de\/kontakt\/","title":{"rendered":"Kontakt"},"content":{"rendered":"\t\t<div data-elementor-type=\"wp-page\" data-elementor-id=\"23214\" class=\"elementor elementor-23214 elementor-544\">\n\t\t\t\t\t\t<section class=\"elementor-section elementor-top-section elementor-element elementor-element-2852ede elementor-section-boxed elementor-section-height-default elementor-section-height-default\" data-id=\"2852ede\" data-element_type=\"section\">\n\t\t\t\t\t\t<div class=\"elementor-container elementor-column-gap-extended\">\n\t\t\t\t\t<div class=\"elementor-column elementor-col-100 elementor-top-column elementor-element elementor-element-acdbd75\" data-id=\"acdbd75\" data-element_type=\"column\">\n\t\t\t<div class=\"elementor-widget-wrap elementor-element-populated\">\n\t\t\t\t\t\t<div class=\"elementor-element elementor-element-7a672f6 elementor-widget elementor-widget-heading\" data-id=\"7a672f6\" data-element_type=\"widget\" data-widget_type=\"heading.default\">\n\t\t\t\t<div class=\"elementor-widget-container\">\n\t\t\t\t\t<h2 class=\"elementor-heading-title elementor-size-default\">PROQUIP GOLF Central Europe<\/h2>\t\t\t\t<\/div>\n\t\t\t\t<\/div>\n\t\t\t\t\t<\/div>\n\t\t<\/div>\n\t\t\t\t\t<\/div>\n\t\t<\/section>\n\t\t\t\t<section class=\"elementor-section elementor-top-section elementor-element elementor-element-089834f elementor-section-boxed elementor-section-height-default elementor-section-height-default\" data-id=\"089834f\" data-element_type=\"section\">\n\t\t\t\t\t\t<div class=\"elementor-container elementor-column-gap-extended\">\n\t\t\t\t\t<div class=\"elementor-column elementor-col-33 elementor-top-column elementor-element elementor-element-87e6166\" data-id=\"87e6166\" data-element_type=\"column\">\n\t\t\t<div class=\"elementor-widget-wrap elementor-element-populated\">\n\t\t\t\t\t\t<div class=\"elementor-element elementor-element-82d61f1 elementor-widget elementor-widget-nm-feature\" data-id=\"82d61f1\" data-element_type=\"widget\" data-widget_type=\"nm-feature.default\">\n\t\t\t\t<div class=\"elementor-widget-container\">\n\t\t\t\t\t\r\n\t\t\t<div class=\"nm-feature layout-icon_left icon-style-simple bottom-spacing-small\"><div class=\"nm-feature-icon\"><i class=\"pe-7s-paper-plane\"><\/i><\/div>\r\n\t\t\t\t<div class=\"nm-feature-content\"><h2>Kontakt<\/h2>\r\n\t\t\t\t\t<div class=\"wpb_text_column\"><p>FIRMENSITZ<br \/>\nProQuip Ltd.<br \/>\n5 Castle Street<br \/>\nCarlisle, Cumbria<br \/>\nUNITED KINGDOM<br \/>\nCA3 8SY<br \/>\nT: +44(0) 1228 210551<\/p>\n<\/div>\r\n\t\t\t\t<\/div>\r\n\t\t\t<\/div>\t\t\t\t<\/div>\n\t\t\t\t<\/div>\n\t\t\t\t\t<\/div>\n\t\t<\/div>\n\t\t\t\t<div class=\"elementor-column elementor-col-33 elementor-top-column elementor-element elementor-element-38a8554\" data-id=\"38a8554\" data-element_type=\"column\">\n\t\t\t<div class=\"elementor-widget-wrap elementor-element-populated\">\n\t\t\t\t\t\t<div class=\"elementor-element elementor-element-d1356b8 elementor-widget elementor-widget-nm-feature\" data-id=\"d1356b8\" data-element_type=\"widget\" data-widget_type=\"nm-feature.default\">\n\t\t\t\t<div class=\"elementor-widget-container\">\n\t\t\t\t\t\r\n\t\t\t<div class=\"nm-feature layout-icon_left icon-style-simple bottom-spacing-small\"><div class=\"nm-feature-icon\"><i class=\"pe-7s-map-marker\"><\/i><\/div>\r\n\t\t\t\t<div class=\"nm-feature-content\"><h2>Ausstellungsraum<\/h2>\r\n\t\t\t\t\t<div class=\"wpb_text_column\"><p>HAUPTSITZ f\u00fcr Mittleeuropa<br \/>\nProQuip CE s.r.o.<br \/>\nNarodnich hrdinu 891<br \/>190 12 Prag<br \/>\nTschechische Republik<br \/>\nT: +420 725 556 678<br \/>\nE: <a href=\"#\">info@proquipgolf.eu<\/a><\/p>\n<\/div>\r\n\t\t\t\t<\/div>\r\n\t\t\t<\/div>\t\t\t\t<\/div>\n\t\t\t\t<\/div>\n\t\t\t\t\t<\/div>\n\t\t<\/div>\n\t\t\t\t<div class=\"elementor-column elementor-col-33 elementor-top-column elementor-element elementor-element-12e3bbf\" data-id=\"12e3bbf\" data-element_type=\"column\">\n\t\t\t<div class=\"elementor-widget-wrap elementor-element-populated\">\n\t\t\t\t\t\t<div class=\"elementor-element elementor-element-3029f1f elementor-widget elementor-widget-nm-feature\" data-id=\"3029f1f\" data-element_type=\"widget\" data-widget_type=\"nm-feature.default\">\n\t\t\t\t<div class=\"elementor-widget-container\">\n\t\t\t\t\t\r\n\t\t\t<div class=\"nm-feature layout-icon_left icon-style-simple bottom-spacing-small\"><div class=\"nm-feature-icon\"><i class=\"pe-7s-portfolio\"><\/i><\/div>\r\n\t\t\t\t<div class=\"nm-feature-content\"><h2>\u00d6FFNUNGSZEITEN<\/h2>\r\n\t\t\t\t\t<div class=\"wpb_text_column\"><p>SHOWROOM \u00d6ffnungszeiten <br \/>Montag 14-18h<br \/>Dienstag-Freitag 11-18h<br \/>Samstag 10-17h <br \/>Sontag - nach vorheriger Vereinbarung  <\/p>\n<\/div>\r\n\t\t\t\t<\/div>\r\n\t\t\t<\/div>\t\t\t\t<\/div>\n\t\t\t\t<\/div>\n\t\t\t\t\t<\/div>\n\t\t<\/div>\n\t\t\t\t\t<\/div>\n\t\t<\/section>\n\t\t\t\t<\/div>\n\t\t","protected":false},"excerpt":{"rendered":"<p>PROQUIP GOLF Central Europe Kontakt FIRMENSITZ ProQuip Ltd. 5 Castle Street Carlisle, Cumbria UNITED KINGDOM CA3 8SY T: +44(0) 1228 210551 Ausstellungsraum HAUPTSITZ f\u00fcr Mittleeuropa ProQuip CE s.r.o. Narodnich hrdinu 891190 12 Prag Tschechische Republik T: +420 725 556 678 E: info@proquipgolf.eu \u00d6FFNUNGSZEITEN SHOWROOM \u00d6ffnungszeiten Montag 14-18hDienstag-Freitag 11-18hSamstag 10-17h Sontag &#8211; nach vorheriger Vereinbarung<\/p>\n","protected":false},"author":1,"featured_media":0,"parent":0,"menu_order":0,"comment_status":"closed","ping_status":"closed","template":"","meta":{"inline_featured_image":false,"footnotes":""},"class_list":["post-23214","page","type-page","status-publish","hentry"],"yoast_head":"<!-- This site is optimized with the Yoast SEO plugin v26.4 - https:\/\/yoast.com\/wordpress\/plugins\/seo\/ -->\n<title>Kontakt - ProQuip Golf<\/title>\n<meta name=\"robots\" content=\"index, follow, max-snippet:-1, max-image-preview:large, max-video-preview:-1\" \/>\n<link rel=\"canonical\" href=\"https:\/\/shop.proquipgolf.eu\/de\/kontakt\/\" \/>\n<meta property=\"og:locale\" content=\"de_DE\" \/>\n<meta property=\"og:type\" content=\"article\" \/>\n<meta property=\"og:title\" content=\"Kontakt - ProQuip Golf\" \/>\n<meta property=\"og:description\" content=\"PROQUIP GOLF Central Europe Kontakt FIRMENSITZ ProQuip Ltd. 5 Castle Street Carlisle, Cumbria UNITED KINGDOM CA3 8SY T: +44(0) 1228 210551 Ausstellungsraum HAUPTSITZ f\u00fcr Mittleeuropa ProQuip CE s.r.o. Narodnich hrdinu 891190 12 Prag Tschechische Republik T: +420 725 556 678 E: info@proquipgolf.eu \u00d6FFNUNGSZEITEN SHOWROOM \u00d6ffnungszeiten Montag 14-18hDienstag-Freitag 11-18hSamstag 10-17h Sontag &#8211; nach vorheriger Vereinbarung\" \/>\n<meta property=\"og:url\" content=\"https:\/\/shop.proquipgolf.eu\/de\/kontakt\/\" \/>\n<meta property=\"og:site_name\" content=\"ProQuip Golf\" \/>\n<meta property=\"article:modified_time\" content=\"2025-11-29T11:41:46+00:00\" \/>\n<meta name=\"twitter:card\" content=\"summary_large_image\" \/>\n<meta name=\"twitter:label1\" content=\"Gesch\u00e4tzte Lesezeit\" \/>\n\t<meta name=\"twitter:data1\" content=\"1\u00a0Minute\" \/>\n<script type=\"application\/ld+json\" class=\"yoast-schema-graph\">{\"@context\":\"https:\/\/schema.org\",\"@graph\":[{\"@type\":\"WebPage\",\"@id\":\"https:\/\/shop.proquipgolf.eu\/de\/kontakt\/\",\"url\":\"https:\/\/shop.proquipgolf.eu\/de\/kontakt\/\",\"name\":\"Kontakt - ProQuip Golf\",\"isPartOf\":{\"@id\":\"https:\/\/shop.proquipgolf.eu\/de\/#website\"},\"datePublished\":\"2015-08-12T10:42:39+00:00\",\"dateModified\":\"2025-11-29T11:41:46+00:00\",\"breadcrumb\":{\"@id\":\"https:\/\/shop.proquipgolf.eu\/de\/kontakt\/#breadcrumb\"},\"inLanguage\":\"de\",\"potentialAction\":[{\"@type\":\"ReadAction\",\"target\":[\"https:\/\/shop.proquipgolf.eu\/de\/kontakt\/\"]}]},{\"@type\":\"BreadcrumbList\",\"@id\":\"https:\/\/shop.proquipgolf.eu\/de\/kontakt\/#breadcrumb\",\"itemListElement\":[{\"@type\":\"ListItem\",\"position\":1,\"name\":\"Dom\u016f\",\"item\":\"https:\/\/shop.proquipgolf.eu\/de\/\"},{\"@type\":\"ListItem\",\"position\":2,\"name\":\"Kontakt\"}]},{\"@type\":\"WebSite\",\"@id\":\"https:\/\/shop.proquipgolf.eu\/de\/#website\",\"url\":\"https:\/\/shop.proquipgolf.eu\/de\/\",\"name\":\"ProQuip Golf\",\"description\":\"Nejodoln\u011bj\u0161\u00ed golfov\u00e9 oble\u010den\u00ed s do\u017eivotn\u00ed garanc\u00ed\",\"potentialAction\":[{\"@type\":\"SearchAction\",\"target\":{\"@type\":\"EntryPoint\",\"urlTemplate\":\"https:\/\/shop.proquipgolf.eu\/de\/?s={search_term_string}\"},\"query-input\":{\"@type\":\"PropertyValueSpecification\",\"valueRequired\":true,\"valueName\":\"search_term_string\"}}],\"inLanguage\":\"de\"}]}<\/script>\n<!-- \/ Yoast SEO plugin. -->","yoast_head_json":{"title":"Kontakt - ProQuip Golf","robots":{"index":"index","follow":"follow","max-snippet":"max-snippet:-1","max-image-preview":"max-image-preview:large","max-video-preview":"max-video-preview:-1"},"canonical":"https:\/\/shop.proquipgolf.eu\/de\/kontakt\/","og_locale":"de_DE","og_type":"article","og_title":"Kontakt - ProQuip Golf","og_description":"PROQUIP GOLF Central Europe Kontakt FIRMENSITZ ProQuip Ltd. 5 Castle Street Carlisle, Cumbria UNITED KINGDOM CA3 8SY T: +44(0) 1228 210551 Ausstellungsraum HAUPTSITZ f\u00fcr Mittleeuropa ProQuip CE s.r.o. Narodnich hrdinu 891190 12 Prag Tschechische Republik T: +420 725 556 678 E: info@proquipgolf.eu \u00d6FFNUNGSZEITEN SHOWROOM \u00d6ffnungszeiten Montag 14-18hDienstag-Freitag 11-18hSamstag 10-17h Sontag &#8211; nach vorheriger Vereinbarung","og_url":"https:\/\/shop.proquipgolf.eu\/de\/kontakt\/","og_site_name":"ProQuip Golf","article_modified_time":"2025-11-29T11:41:46+00:00","twitter_card":"summary_large_image","twitter_misc":{"Gesch\u00e4tzte Lesezeit":"1\u00a0Minute"},"schema":{"@context":"https:\/\/schema.org","@graph":[{"@type":"WebPage","@id":"https:\/\/shop.proquipgolf.eu\/de\/kontakt\/","url":"https:\/\/shop.proquipgolf.eu\/de\/kontakt\/","name":"Kontakt - ProQuip Golf","isPartOf":{"@id":"https:\/\/shop.proquipgolf.eu\/de\/#website"},"datePublished":"2015-08-12T10:42:39+00:00","dateModified":"2025-11-29T11:41:46+00:00","breadcrumb":{"@id":"https:\/\/shop.proquipgolf.eu\/de\/kontakt\/#breadcrumb"},"inLanguage":"de","potentialAction":[{"@type":"ReadAction","target":["https:\/\/shop.proquipgolf.eu\/de\/kontakt\/"]}]},{"@type":"BreadcrumbList","@id":"https:\/\/shop.proquipgolf.eu\/de\/kontakt\/#breadcrumb","itemListElement":[{"@type":"ListItem","position":1,"name":"Dom\u016f","item":"https:\/\/shop.proquipgolf.eu\/de\/"},{"@type":"ListItem","position":2,"name":"Kontakt"}]},{"@type":"WebSite","@id":"https:\/\/shop.proquipgolf.eu\/de\/#website","url":"https:\/\/shop.proquipgolf.eu\/de\/","name":"ProQuip Golf","description":"Nejodoln\u011bj\u0161\u00ed golfov\u00e9 oble\u010den\u00ed s do\u017eivotn\u00ed garanc\u00ed","potentialAction":[{"@type":"SearchAction","target":{"@type":"EntryPoint","urlTemplate":"https:\/\/shop.proquipgolf.eu\/de\/?s={search_term_string}"},"query-input":{"@type":"PropertyValueSpecification","valueRequired":true,"valueName":"search_term_string"}}],"inLanguage":"de"}]}},"_links":{"self":[{"href":"https:\/\/shop.proquipgolf.eu\/de\/wp-json\/wp\/v2\/pages\/23214","targetHints":{"allow":["GET"]}}],"collection":[{"href":"https:\/\/shop.proquipgolf.eu\/de\/wp-json\/wp\/v2\/pages"}],"about":[{"href":"https:\/\/shop.proquipgolf.eu\/de\/wp-json\/wp\/v2\/types\/page"}],"author":[{"embeddable":true,"href":"https:\/\/shop.proquipgolf.eu\/de\/wp-json\/wp\/v2\/users\/1"}],"replies":[{"embeddable":true,"href":"https:\/\/shop.proquipgolf.eu\/de\/wp-json\/wp\/v2\/comments?post=23214"}],"version-history":[{"count":8,"href":"https:\/\/shop.proquipgolf.eu\/de\/wp-json\/wp\/v2\/pages\/23214\/revisions"}],"predecessor-version":[{"id":26836,"href":"https:\/\/shop.proquipgolf.eu\/de\/wp-json\/wp\/v2\/pages\/23214\/revisions\/26836"}],"wp:attachment":[{"href":"https:\/\/shop.proquipgolf.eu\/de\/wp-json\/wp\/v2\/media?parent=23214"}],"curies":[{"name":"wp","href":"https:\/\/api.w.org\/{rel}","templated":true}]}}