{"id":23208,"date":"2023-10-17T15:21:16","date_gmt":"2023-10-17T13:21:16","guid":{"rendered":"https:\/\/shop.proquipgolf.eu\/bedingungen-und-konditionen\/"},"modified":"2025-06-09T13:17:53","modified_gmt":"2025-06-09T11:17:53","slug":"bedingungen-und-konditionen","status":"publish","type":"page","link":"https:\/\/shop.proquipgolf.eu\/de\/bedingungen-und-konditionen\/","title":{"rendered":"Bedingungen und Konditionen"},"content":{"rendered":"\t\t<div data-elementor-type=\"wp-page\" data-elementor-id=\"23208\" class=\"elementor elementor-23208 elementor-14593\">\n\t\t\t\t\t\t<section class=\"elementor-section elementor-top-section elementor-element elementor-element-2d0d9ba0 elementor-section-boxed elementor-section-height-default elementor-section-height-default\" data-id=\"2d0d9ba0\" data-element_type=\"section\">\n\t\t\t\t\t\t<div class=\"elementor-container elementor-column-gap-default\">\n\t\t\t\t\t<div class=\"elementor-column elementor-col-100 elementor-top-column elementor-element elementor-element-13324e59\" data-id=\"13324e59\" data-element_type=\"column\">\n\t\t\t<div class=\"elementor-widget-wrap elementor-element-populated\">\n\t\t\t\t\t\t<div class=\"elementor-element elementor-element-25ebc1a elementor-widget elementor-widget-text-editor\" data-id=\"25ebc1a\" data-element_type=\"widget\" data-widget_type=\"text-editor.default\">\n\t\t\t\t<div class=\"elementor-widget-container\">\n\t\t\t\t\t\t\t\t\t<p><strong>Home<br><\/strong>Diese Allgemeinen Gesch\u00e4ftsbedingungen gelten f\u00fcr den Verkauf und Kauf von Waren im Online-Shop https:\/\/shop.proquipgolf.eu\/. Die Allgemeinen Gesch\u00e4ftsbedingungen definieren und spezifizieren die Rechte und Pflichten des Verk\u00e4ufers (shop.proquipgolf.eu) und des K\u00e4ufers (Kunden). Mit dem Absenden einer Bestellung von Waren aus dem Online-Shop best\u00e4tigt der K\u00e4ufer, dass er diese Bedingungen gelesen hat und ihnen vorbehaltlos zustimmt.<\/p>\n<p><strong>Bestellung und Abschluss des Kaufvertrags<br><\/strong>Alle \u00fcber den Online-Shop www.proquip.cz get\u00e4tigten Bestellungen sind verbindlich. Mit der Aufgabe einer Bestellung best\u00e4tigt der K\u00e4ufer, dass er diese Bedingungen sowie das Beschwerdeverfahren gelesen hat und damit einverstanden ist. Um Waren zu bestellen, ben\u00f6tigen Sie die folgenden Angaben: Name, Adresse, Telefon und E-Mail. Die Preise enthalten die Mehrwertsteuer. F\u00fcr alle Bestellungen, die im Voraus bezahlt werden, d.h. Die Zahlung per Kreditkarte, Bank\u00fcberweisung oder \u00fcber das Zahlungsportal GoPay ist kostenlos (gilt nicht f\u00fcr Verkaufsveranstaltungen). Falls Sie einen der Rabattcoupons verwenden, 120,-CZK. Bei Zahlung per Nachnahme wird ein Betrag von 30,-CZK auf den Gesamtpreis aufgeschlagen. In die Slowakei betr\u00e4gt die Versandgeb\u00fchr etwa 6 Euro (nach dem aktuellen Wechselkurs). Der Ort der Lieferung der Waren ist die vom K\u00e4ufer im Bestellformular angegebene Adresse. Das Eigentum an den Waren geht vorbehaltlich der Zahlung des Kaufpreises mit der Abnahme auf den K\u00e4ufer \u00fcber. Mit dem Abschluss einer verbindlichen Bestellung innerhalb des Online-Shops shop.proquipgolf.eu gibt der K\u00e4ufer dem Verk\u00e4ufer sein Einverst\u00e4ndnis zur Erfassung und Archivierung von pers\u00f6nlichen Daten \u00fcber den K\u00e4ufer und seine Eink\u00e4ufe&nbsp;<\/p>\n<p><strong>Reklamationen<br><\/strong>Alle Reklamationen werden gem\u00e4\u00df dem Reklamationsverfahren des Onlineshops shop.proquipgolf.eu und den in der Tschechischen Republik geltenden gesetzlichen Bestimmungen behandelt. Bitte senden Sie die Waren zur Reklamation in der Originalverpackung. Die L\u00e4nge der Garantiezeit f\u00fcr alle Waren in unserem Shop liegt im Rahmen der geltenden gesetzlichen Bestimmungen, d.h. 24 Monate. F\u00fcr einige Produkte gilt jedoch eine erweiterte Garantie von 3 Jahren (f\u00fcr spezifische Merkmale), siehe die einzelnen Produkte.<\/p>\n<p><strong>Rechte und Pflichten des Verk\u00e4ufers<br><\/strong>Der Verk\u00e4ufer ist verpflichtet, eine verbindliche Bestellung zu bearbeiten, die bestellten Waren zu versenden und sie an die Adresse des K\u00e4ufers zu liefern. Nach Erhalt der Ware von unserem Spediteur erh\u00e4lt der K\u00e4ufer eine Steuerquittung f\u00fcr die Ware. Alle bei der Bestellung angegebenen pers\u00f6nlichen Daten sind vertraulich (siehe Datenschutzerkl\u00e4rung). Der Verk\u00e4ufer hat das Recht, eine Bestellung abzulehnen, wenn der K\u00e4ufer seiner Verpflichtung zur Abnahme der Ware und zur Zahlung des Kaufpreises wiederholt nicht nachkommt. Der Verk\u00e4ufer beh\u00e4lt sich das Recht vor, jederzeit vom Kaufvertrag (verbindliche Bestellung) zur\u00fcckzutreten (z.B. bei Nichtverf\u00fcgbarkeit von Waren, schlechter Preisgestaltung von Waren und Dienstleistungen, bei Ausfall von Datenkommunikationsdiensten,&#8230;).<\/p>\n<p><strong>Lieferzeit &#8211;<\/strong> Der Verk\u00e4ufer beh\u00e4lt sich eine Lieferfrist von 2-14 Tagen ab Eingang der Bestellung vor, je nachdem, ob die bestellten Waren in der Tschechischen Republik oder in einem Zentrallager in Schottland vorr\u00e4tig sind (der K\u00e4ufer wird \u00fcber den Status der Bestellung informiert). Im Falle von unerwarteten Situationen (z.B. Nichtverf\u00fcgbarkeit von Waren, Komplikationen beim internationalen Versand usw.) kann sich die Lieferzeit verl\u00e4ngern.&nbsp;<\/p>\n<p><strong>Rechte und Pflichten des K\u00e4ufers<br><\/strong>Der K\u00e4ufer ist verpflichtet, eine Kontakttelefonnummer und eine E-Mail-Adresse sowie eine korrekte und vollst\u00e4ndige Postanschrift anzugeben, an die die bestellten Waren geschickt werden sollen. Der K\u00e4ufer ist verpflichtet, die bestellten Waren abzunehmen und den Gesamtpreis zu zahlen. Der Kunde kennt den Gesamtpreis, wenn er die Bestellung ausf\u00fcllt, bevor er sie verbindlich best\u00e4tigt. Der K\u00e4ufer hat das Recht, die Bestellung zu stornieren oder die Waren innerhalb von 14 Tagen nach Lieferung ohne Angabe von Gr\u00fcnden zur\u00fcckzugeben. F\u00fcr nicht beanspruchte Nachnahmesendungen durch den K\u00e4ufer wird eine Vorauszahlung auf unser Konto f\u00fcr die n\u00e4chste Bestellung mit demselben K\u00e4ufer verlangt. Erst nach dieser Zahlung werden die Waren an die Adresse des K\u00e4ufers verschickt. &nbsp;<\/p>\n<p><strong>R\u00fccktritt vom Kaufvertrag (R\u00fccksendung der Ware)<br><\/strong>Der K\u00e4ufer hat das Recht, innerhalb von 14 Tagen nach Erhalt der Ware vom Vertrag zur\u00fcckzutreten, gem\u00e4\u00df Paragraph 6 der Novelle des Zivilgesetzbuches Nr. 367\/2000. Wenn er sich daf\u00fcr entscheidet, muss er die unbesch\u00e4digte Ware, ohne Gebrauchs- oder Abnutzungsspuren und in der unversehrten Originalverpackung innerhalb der angegebenen Frist (ma\u00dfgeblich ist das Versanddatum) an die Adresse des Verk\u00e4ufers (PROQUIP GOLF, N\u00e1rodn\u00edch hrdin\u016f 891, 190 12 Prag) zur\u00fccksenden. Der K\u00e4ufer wird erhalten &nbsp;<span style=\"color: var( --e-global-color-text ); font-family: var( --e-global-typography-text-font-family ), Sans-serif; font-weight: var( --e-global-typography-text-font-weight );\">den entsprechenden Betrag<\/span><span style=\"color: var( --e-global-color-text ); font-family: var( --e-global-typography-text-font-family ), Sans-serif; font-weight: var( --e-global-typography-text-font-weight );\"> sp\u00e4testens 14 Tage nach<\/span><span style=\"color: var( --e-global-color-text ); font-family: var( --e-global-typography-text-font-family ), Sans-serif; font-weight: var( --e-global-typography-text-font-weight );\">nach Erhalt der zur\u00fcckgesandten Waren, <\/span><span style=\"color: var( --e-global-color-text ); font-family: var( --e-global-typography-text-font-family ), Sans-serif; font-weight: var( --e-global-typography-text-font-weight );\">auf die im Voraus vereinbarte Weise.<\/span><\/p>\n<p><strong>Zustimmung zur Verarbeitung personenbezogener Daten GDPR<\/strong><br>Mit Ihrer Bestellung erteilen Sie der ProQuip CE s.r.o. die Zustimmung zur Verarbeitung personenbezogener Daten gem\u00e4\u00df dem Gesetz Nr. 101\/2000 Slg. \u00fcber den Schutz personenbezogener Daten in seiner ge\u00e4nderten Fassung, Nr. 480\/2004 Slg. \u00fcber bestimmte Dienste der Informationsgesellschaft in seiner ge\u00e4nderten Fassung und auf der Grundlage der EU-Verordnung Nr. 2016\/679 zum Schutz nat\u00fcrlicher Personen bei der Verarbeitung personenbezogener Daten und zum freien Datenverkehr und zur Aufhebung der Richtlinie 95\/46\/EG (Allgemeine Datenschutzverordnung) <\/p>\n<p><strong>Schlussbestimmungen<br><\/strong>Diese Bedingungen gelten in der Fassung, die auf der Website des Verk\u00e4ufers am Tag der Absendung der elektronischen Bestellung durch den K\u00e4ufer angegeben ist. Mit dem Absenden einer elektronischen Bestellung akzeptiert der K\u00e4ufer alle Bestimmungen der Allgemeinen Gesch\u00e4ftsbedingungen in der zum Zeitpunkt des Absendens der Bestellung g\u00fcltigen Fassung, einschlie\u00dflich des g\u00fcltigen Preises der bestellten Waren, die im Katalog des Online-Shops shop.proquipgolf.eu aufgef\u00fchrt sind, sofern im Einzelfall nicht nachweislich etwas anderes vereinbart wurde. Die Parteien vereinbaren ausdr\u00fccklich im Sinne von Art. \u00a7 262, Absatz 1 des Handelsgesetzbuchs, haben vereinbart, dass ihre Rechte und Pflichten, sofern die Bedingungen nicht ausdr\u00fccklich etwas anderes vorsehen, durch das Handelsgesetzbuch, insbesondere durch Art. \u00a7 409 et seq<strong>.<\/strong><\/p>\n<p>ProQuip CE s.r.o.<br>N\u00e1rodn\u00edch hrdin\u016f 891<br>190 12 Prag 9<br>Tschechische Republik<br>ID: 05864526<br>VAT: CZ05864526<\/p>\t\t\t\t\t\t\t\t<\/div>\n\t\t\t\t<\/div>\n\t\t\t\t\t<\/div>\n\t\t<\/div>\n\t\t\t\t\t<\/div>\n\t\t<\/section>\n\t\t\t\t<\/div>\n\t\t","protected":false},"excerpt":{"rendered":"<p>HomeDiese Allgemeinen Gesch\u00e4ftsbedingungen gelten f\u00fcr den Verkauf und Kauf von Waren im Online-Shop https:\/\/shop.proquipgolf.eu\/. Die Allgemeinen Gesch\u00e4ftsbedingungen definieren und spezifizieren die Rechte und Pflichten des Verk\u00e4ufers (shop.proquipgolf.eu) und des K\u00e4ufers (Kunden). Mit dem Absenden einer Bestellung von Waren aus dem Online-Shop best\u00e4tigt der K\u00e4ufer, dass er diese Bedingungen gelesen hat und ihnen vorbehaltlos zustimmt. Bestellung &hellip;<\/p>\n","protected":false},"author":1,"featured_media":0,"parent":0,"menu_order":0,"comment_status":"closed","ping_status":"closed","template":"elementor_theme","meta":{"inline_featured_image":false,"footnotes":""},"class_list":["post-23208","page","type-page","status-publish","hentry"],"yoast_head":"<!-- This site is optimized with the Yoast SEO plugin v26.4 - https:\/\/yoast.com\/wordpress\/plugins\/seo\/ -->\n<title>Bedingungen und Konditionen - ProQuip Golf<\/title>\n<meta name=\"robots\" content=\"index, follow, max-snippet:-1, max-image-preview:large, max-video-preview:-1\" \/>\n<link rel=\"canonical\" href=\"https:\/\/shop.proquipgolf.eu\/de\/bedingungen-und-konditionen\/\" \/>\n<meta property=\"og:locale\" content=\"de_DE\" \/>\n<meta property=\"og:type\" content=\"article\" \/>\n<meta property=\"og:title\" content=\"Bedingungen und Konditionen - ProQuip Golf\" \/>\n<meta property=\"og:description\" content=\"HomeDiese Allgemeinen Gesch\u00e4ftsbedingungen gelten f\u00fcr den Verkauf und Kauf von Waren im Online-Shop https:\/\/shop.proquipgolf.eu\/. Die Allgemeinen Gesch\u00e4ftsbedingungen definieren und spezifizieren die Rechte und Pflichten des Verk\u00e4ufers (shop.proquipgolf.eu) und des K\u00e4ufers (Kunden). Mit dem Absenden einer Bestellung von Waren aus dem Online-Shop best\u00e4tigt der K\u00e4ufer, dass er diese Bedingungen gelesen hat und ihnen vorbehaltlos zustimmt. Bestellung &hellip;\" \/>\n<meta property=\"og:url\" content=\"https:\/\/shop.proquipgolf.eu\/de\/bedingungen-und-konditionen\/\" \/>\n<meta property=\"og:site_name\" content=\"ProQuip Golf\" \/>\n<meta property=\"article:modified_time\" content=\"2025-06-09T11:17:53+00:00\" \/>\n<meta name=\"twitter:card\" content=\"summary_large_image\" \/>\n<meta name=\"twitter:label1\" content=\"Gesch\u00e4tzte Lesezeit\" \/>\n\t<meta name=\"twitter:data1\" content=\"5\u00a0Minuten\" \/>\n<script type=\"application\/ld+json\" class=\"yoast-schema-graph\">{\"@context\":\"https:\/\/schema.org\",\"@graph\":[{\"@type\":\"WebPage\",\"@id\":\"https:\/\/shop.proquipgolf.eu\/de\/bedingungen-und-konditionen\/\",\"url\":\"https:\/\/shop.proquipgolf.eu\/de\/bedingungen-und-konditionen\/\",\"name\":\"Bedingungen und Konditionen - ProQuip Golf\",\"isPartOf\":{\"@id\":\"https:\/\/shop.proquipgolf.eu\/de\/#website\"},\"datePublished\":\"2023-10-17T13:21:16+00:00\",\"dateModified\":\"2025-06-09T11:17:53+00:00\",\"breadcrumb\":{\"@id\":\"https:\/\/shop.proquipgolf.eu\/de\/bedingungen-und-konditionen\/#breadcrumb\"},\"inLanguage\":\"de\",\"potentialAction\":[{\"@type\":\"ReadAction\",\"target\":[\"https:\/\/shop.proquipgolf.eu\/de\/bedingungen-und-konditionen\/\"]}]},{\"@type\":\"BreadcrumbList\",\"@id\":\"https:\/\/shop.proquipgolf.eu\/de\/bedingungen-und-konditionen\/#breadcrumb\",\"itemListElement\":[{\"@type\":\"ListItem\",\"position\":1,\"name\":\"Dom\u016f\",\"item\":\"https:\/\/shop.proquipgolf.eu\/de\/\"},{\"@type\":\"ListItem\",\"position\":2,\"name\":\"Bedingungen und Konditionen\"}]},{\"@type\":\"WebSite\",\"@id\":\"https:\/\/shop.proquipgolf.eu\/de\/#website\",\"url\":\"https:\/\/shop.proquipgolf.eu\/de\/\",\"name\":\"ProQuip Golf\",\"description\":\"Nejodoln\u011bj\u0161\u00ed golfov\u00e9 oble\u010den\u00ed s do\u017eivotn\u00ed garanc\u00ed\",\"potentialAction\":[{\"@type\":\"SearchAction\",\"target\":{\"@type\":\"EntryPoint\",\"urlTemplate\":\"https:\/\/shop.proquipgolf.eu\/de\/?s={search_term_string}\"},\"query-input\":{\"@type\":\"PropertyValueSpecification\",\"valueRequired\":true,\"valueName\":\"search_term_string\"}}],\"inLanguage\":\"de\"}]}<\/script>\n<!-- \/ Yoast SEO plugin. -->","yoast_head_json":{"title":"Bedingungen und Konditionen - ProQuip Golf","robots":{"index":"index","follow":"follow","max-snippet":"max-snippet:-1","max-image-preview":"max-image-preview:large","max-video-preview":"max-video-preview:-1"},"canonical":"https:\/\/shop.proquipgolf.eu\/de\/bedingungen-und-konditionen\/","og_locale":"de_DE","og_type":"article","og_title":"Bedingungen und Konditionen - ProQuip Golf","og_description":"HomeDiese Allgemeinen Gesch\u00e4ftsbedingungen gelten f\u00fcr den Verkauf und Kauf von Waren im Online-Shop https:\/\/shop.proquipgolf.eu\/. Die Allgemeinen Gesch\u00e4ftsbedingungen definieren und spezifizieren die Rechte und Pflichten des Verk\u00e4ufers (shop.proquipgolf.eu) und des K\u00e4ufers (Kunden). Mit dem Absenden einer Bestellung von Waren aus dem Online-Shop best\u00e4tigt der K\u00e4ufer, dass er diese Bedingungen gelesen hat und ihnen vorbehaltlos zustimmt. Bestellung &hellip;","og_url":"https:\/\/shop.proquipgolf.eu\/de\/bedingungen-und-konditionen\/","og_site_name":"ProQuip Golf","article_modified_time":"2025-06-09T11:17:53+00:00","twitter_card":"summary_large_image","twitter_misc":{"Gesch\u00e4tzte Lesezeit":"5\u00a0Minuten"},"schema":{"@context":"https:\/\/schema.org","@graph":[{"@type":"WebPage","@id":"https:\/\/shop.proquipgolf.eu\/de\/bedingungen-und-konditionen\/","url":"https:\/\/shop.proquipgolf.eu\/de\/bedingungen-und-konditionen\/","name":"Bedingungen und Konditionen - ProQuip Golf","isPartOf":{"@id":"https:\/\/shop.proquipgolf.eu\/de\/#website"},"datePublished":"2023-10-17T13:21:16+00:00","dateModified":"2025-06-09T11:17:53+00:00","breadcrumb":{"@id":"https:\/\/shop.proquipgolf.eu\/de\/bedingungen-und-konditionen\/#breadcrumb"},"inLanguage":"de","potentialAction":[{"@type":"ReadAction","target":["https:\/\/shop.proquipgolf.eu\/de\/bedingungen-und-konditionen\/"]}]},{"@type":"BreadcrumbList","@id":"https:\/\/shop.proquipgolf.eu\/de\/bedingungen-und-konditionen\/#breadcrumb","itemListElement":[{"@type":"ListItem","position":1,"name":"Dom\u016f","item":"https:\/\/shop.proquipgolf.eu\/de\/"},{"@type":"ListItem","position":2,"name":"Bedingungen und Konditionen"}]},{"@type":"WebSite","@id":"https:\/\/shop.proquipgolf.eu\/de\/#website","url":"https:\/\/shop.proquipgolf.eu\/de\/","name":"ProQuip Golf","description":"Nejodoln\u011bj\u0161\u00ed golfov\u00e9 oble\u010den\u00ed s do\u017eivotn\u00ed garanc\u00ed","potentialAction":[{"@type":"SearchAction","target":{"@type":"EntryPoint","urlTemplate":"https:\/\/shop.proquipgolf.eu\/de\/?s={search_term_string}"},"query-input":{"@type":"PropertyValueSpecification","valueRequired":true,"valueName":"search_term_string"}}],"inLanguage":"de"}]}},"_links":{"self":[{"href":"https:\/\/shop.proquipgolf.eu\/de\/wp-json\/wp\/v2\/pages\/23208","targetHints":{"allow":["GET"]}}],"collection":[{"href":"https:\/\/shop.proquipgolf.eu\/de\/wp-json\/wp\/v2\/pages"}],"about":[{"href":"https:\/\/shop.proquipgolf.eu\/de\/wp-json\/wp\/v2\/types\/page"}],"author":[{"embeddable":true,"href":"https:\/\/shop.proquipgolf.eu\/de\/wp-json\/wp\/v2\/users\/1"}],"replies":[{"embeddable":true,"href":"https:\/\/shop.proquipgolf.eu\/de\/wp-json\/wp\/v2\/comments?post=23208"}],"version-history":[{"count":2,"href":"https:\/\/shop.proquipgolf.eu\/de\/wp-json\/wp\/v2\/pages\/23208\/revisions"}],"predecessor-version":[{"id":23534,"href":"https:\/\/shop.proquipgolf.eu\/de\/wp-json\/wp\/v2\/pages\/23208\/revisions\/23534"}],"wp:attachment":[{"href":"https:\/\/shop.proquipgolf.eu\/de\/wp-json\/wp\/v2\/media?parent=23208"}],"curies":[{"name":"wp","href":"https:\/\/api.w.org\/{rel}","templated":true}]}}