{"id":23198,"date":"2025-02-23T23:06:42","date_gmt":"2025-02-23T22:06:42","guid":{"rendered":"https:\/\/shop.proquipgolf.eu\/proquipgolf\/"},"modified":"2025-11-21T16:45:59","modified_gmt":"2025-11-21T15:45:59","slug":"proquipgolf","status":"publish","type":"page","link":"https:\/\/shop.proquipgolf.eu\/de\/proquipgolf\/","title":{"rendered":"PROQUIP &amp; RYDER CUP"},"content":{"rendered":"\t\t<div data-elementor-type=\"wp-page\" data-elementor-id=\"23198\" class=\"elementor elementor-23198 elementor-22188\">\n\t\t\t\t\t\t<section class=\"elementor-section elementor-top-section elementor-element elementor-element-fd60987 elementor-section-boxed elementor-section-height-default elementor-section-height-default\" data-id=\"fd60987\" data-element_type=\"section\">\n\t\t\t\t\t\t<div class=\"elementor-container elementor-column-gap-default\">\n\t\t\t\t\t<div class=\"elementor-column elementor-col-100 elementor-top-column elementor-element elementor-element-f30b063\" data-id=\"f30b063\" data-element_type=\"column\">\n\t\t\t<div class=\"elementor-widget-wrap elementor-element-populated\">\n\t\t\t\t\t\t<div class=\"elementor-element elementor-element-23b23f8c elementor-widget elementor-widget-text-editor\" data-id=\"23b23f8c\" data-element_type=\"widget\" data-widget_type=\"text-editor.default\">\n\t\t\t\t<div class=\"elementor-widget-container\">\n\t\t\t\t\t\t\t\t\t\n<h4 class=\"nm-block-heading wp-block-heading\"><strong>PROQUIP GOLF  <\/strong><\/h4>\n\n<p>Die ikonische schottische Marke ProQuip, die in der N\u00e4he des legend\u00e4ren St. Andrews geboren wurde, schreibt seit 1981 Geschichte und ist dank ihrer au\u00dfergew\u00f6hnlichen Leistung ein Synonym f\u00fcr die strapazierf\u00e4higste Golfbekleidung&#8230; und das mit einer lebenslangen Wasserdichtigkeitsgarantie.<\/p>\n\n<p>Der am l\u00e4ngsten bevorzugte Ausstatter der besten Spieler Europas und der USA beim Ryder Cup &#8211; insgesamt 20 Teams und mehr als 10.000 Offizielle haben die Marke mit den drei Tropfen im Logo seit \u00fcber 30 Jahren ununterbrochen getragen. Damit ist sie die am meisten getragene Marke in der Geschichte des Ryder Cups.  <\/p>\n\n<p>ProQuip hat es sich zur Aufgabe gemacht, Berufsbekleidung von h\u00f6chster Qualit\u00e4t zu liefern. Seit 2014 ist die Marke auch in der Tschechischen Republik und der Slowakei vertreten.<\/p>\n\n<p>Mit ProQuip-Kleidung sind Sie dem Spiel immer einen Schritt voraus!<\/p>\n<p> <\/p>\n\n<h4 class=\"nm-block-heading wp-block-heading\"><strong>Eigenschaften<\/strong><\/h4>\n\n<p>Basierend auf exklusiv entwickelten Stoffen und innovativen Technologien f\u00fcr ein wetterunabh\u00e4ngiges Spiel mit einem Gef\u00fchl der Leichtigkeit und einer lebenslangen Wasserdichtigkeitsgarantie. Einzigartig verarbeitete Wolle in allen Pullovern sorgt f\u00fcr Widerstandsf\u00e4higkeit gegen Wind und Regen (bis zu 24 Stunden wasserdicht). Die Kleidung ist hochgradig atmungsaktiv und transportiert Feuchtigkeit ab, w\u00e4hrend sie gleichzeitig die optimale K\u00f6rpertemperatur aufrechterh\u00e4lt, was f\u00fcr maximalen Komfort w\u00e4hrend des Spiels wichtig ist. Das Kleidungsst\u00fcck ist sehr weich, rostet nicht, knittert nicht und der Spieler kann es direkt an seinen K\u00f6rper anpassen, je nach seinen Bed\u00fcrfnissen.<\/p>\n\n<p>ProQuip Golfbekleidung ist f\u00fcr M\u00e4nner, Frauen und Junioren geeignet. Hier findet jeder, was er braucht. Es spielt keine Rolle, ob Sie neu im Golfsport sind oder auf professionellem Niveau spielen. Die Kleidung ist f\u00fcr alle Golfer gedacht, die sich bei jedem Wetter auf ihr Spiel konzentrieren wollen. Unser Sortiment umfasst funktionelle Regenbekleidung, Windbekleidung, einzigartige Pullover mit wasserdichter Ausr\u00fcstung und Poloshirts. Alle Kleidungsst\u00fccke sind in verschiedenen Gr\u00f6\u00dfen erh\u00e4ltlich, die Hosen sind au\u00dferdem in 5 verschiedenen Beinl\u00e4ngen erh\u00e4ltlich.<\/p>\n\n<h4 class=\"nm-block-heading wp-block-heading\"><strong>ProQuip &amp; Ryder Cup<\/strong><\/h4>\n\n<p>ProQuip ist die am l\u00e4ngsten bevorzugte Regenbekleidungsmarke f\u00fcr Ryder Cup-Teams &#8211; ununterbrochen seit \u00fcber 30 Jahren und auch l\u00e4nger als jeder andere Golfbekleidungshersteller. Er wurde erstmals 1983 von Jack Nicklaus&#8217; amerikanischem Team gew\u00e4hlt und inspirierte die europ\u00e4ischen Teams f\u00fcr zuk\u00fcnftige Ausgaben. Die europ\u00e4ischen blau-wei\u00dfen Sets aus Gleneagles (siehe unten) z\u00e4hlen zu Recht zu den absolut besten der Golfgeschichte!<\/p>\n\n<p>In Irland 2006 und in Wales 2010 hat die Bekleidung von ProQuip den h\u00e4rtesten Wetterbedingungen in der Geschichte des Ryder Cups erfolgreich getrotzt.<\/p>\n\n<figure class=\"wp-block-gallery has-nested-images columns-default is-cropped\">\n<figure class=\"wp-block-image size-large\"><img fetchpriority=\"high\" decoding=\"async\" width=\"1024\" height=\"635\" class=\"wp-image-22189\" src=\"https:\/\/shop.proquipgolf.eu\/wp-content\/uploads\/2025\/02\/l-to-r-Lee-Westwood-Captain-Paul-McGinley-and-Rory-McIlroy-photo-Getty-Imagesb.jpg\" alt=\"\" srcset=\"https:\/\/shop.proquipgolf.eu\/wp-content\/uploads\/2025\/02\/l-to-r-Lee-Westwood-Captain-Paul-McGinley-and-Rory-McIlroy-photo-Getty-Imagesb.jpg 1024w, https:\/\/shop.proquipgolf.eu\/wp-content\/uploads\/2025\/02\/l-to-r-Lee-Westwood-Captain-Paul-McGinley-and-Rory-McIlroy-photo-Getty-Imagesb-595x369.jpg 595w, https:\/\/shop.proquipgolf.eu\/wp-content\/uploads\/2025\/02\/l-to-r-Lee-Westwood-Captain-Paul-McGinley-and-Rory-McIlroy-photo-Getty-Imagesb-768x476.jpg 768w, https:\/\/shop.proquipgolf.eu\/wp-content\/uploads\/2025\/02\/l-to-r-Lee-Westwood-Captain-Paul-McGinley-and-Rory-McIlroy-photo-Getty-Imagesb-350x217.jpg 350w, https:\/\/shop.proquipgolf.eu\/wp-content\/uploads\/2025\/02\/l-to-r-Lee-Westwood-Captain-Paul-McGinley-and-Rory-McIlroy-photo-Getty-Imagesb-680x422.jpg 680w\" sizes=\"(max-width: 1024px) 100vw, 1024px\" \/><\/figure>\n<\/figure>\n\n<p> <\/p>\n\t\t\t\t\t\t\t\t<\/div>\n\t\t\t\t<\/div>\n\t\t\t\t\t<\/div>\n\t\t<\/div>\n\t\t\t\t\t<\/div>\n\t\t<\/section>\n\t\t\t\t<\/div>\n\t\t","protected":false},"excerpt":{"rendered":"<p>PROQUIP GOLF Die ikonische schottische Marke ProQuip, die in der N\u00e4he des legend\u00e4ren St. Andrews geboren wurde, schreibt seit 1981 Geschichte und ist dank ihrer au\u00dfergew\u00f6hnlichen Leistung ein Synonym f\u00fcr die strapazierf\u00e4higste Golfbekleidung&#8230; und das mit einer lebenslangen Wasserdichtigkeitsgarantie. Der am l\u00e4ngsten bevorzugte Ausstatter der besten Spieler Europas und der USA beim Ryder Cup &#8211; &hellip;<\/p>\n","protected":false},"author":6,"featured_media":0,"parent":0,"menu_order":0,"comment_status":"closed","ping_status":"closed","template":"","meta":{"inline_featured_image":false,"footnotes":""},"class_list":["post-23198","page","type-page","status-publish","hentry"],"yoast_head":"<!-- This site is optimized with the Yoast SEO plugin v26.4 - https:\/\/yoast.com\/wordpress\/plugins\/seo\/ -->\n<title>PROQUIP &amp; RYDER CUP - ProQuip Golf<\/title>\n<meta name=\"robots\" content=\"index, follow, max-snippet:-1, max-image-preview:large, max-video-preview:-1\" \/>\n<link rel=\"canonical\" href=\"https:\/\/shop.proquipgolf.eu\/de\/proquipgolf\/\" \/>\n<meta property=\"og:locale\" content=\"de_DE\" \/>\n<meta property=\"og:type\" content=\"article\" \/>\n<meta property=\"og:title\" content=\"PROQUIP &amp; RYDER CUP - ProQuip Golf\" \/>\n<meta property=\"og:description\" content=\"PROQUIP GOLF Die ikonische schottische Marke ProQuip, die in der N\u00e4he des legend\u00e4ren St. Andrews geboren wurde, schreibt seit 1981 Geschichte und ist dank ihrer au\u00dfergew\u00f6hnlichen Leistung ein Synonym f\u00fcr die strapazierf\u00e4higste Golfbekleidung&#8230; und das mit einer lebenslangen Wasserdichtigkeitsgarantie. Der am l\u00e4ngsten bevorzugte Ausstatter der besten Spieler Europas und der USA beim Ryder Cup &#8211; &hellip;\" \/>\n<meta property=\"og:url\" content=\"https:\/\/shop.proquipgolf.eu\/de\/proquipgolf\/\" \/>\n<meta property=\"og:site_name\" content=\"ProQuip Golf\" \/>\n<meta property=\"article:modified_time\" content=\"2025-11-21T15:45:59+00:00\" \/>\n<meta property=\"og:image\" content=\"https:\/\/shop.proquipgolf.eu\/wp-content\/uploads\/2025\/02\/l-to-r-Lee-Westwood-Captain-Paul-McGinley-and-Rory-McIlroy-photo-Getty-Imagesb.jpg\" \/>\n\t<meta property=\"og:image:width\" content=\"1024\" \/>\n\t<meta property=\"og:image:height\" content=\"635\" \/>\n\t<meta property=\"og:image:type\" content=\"image\/jpeg\" \/>\n<meta name=\"twitter:card\" content=\"summary_large_image\" \/>\n<meta name=\"twitter:label1\" content=\"Gesch\u00e4tzte Lesezeit\" \/>\n\t<meta name=\"twitter:data1\" content=\"2\u00a0Minuten\" \/>\n<script type=\"application\/ld+json\" class=\"yoast-schema-graph\">{\"@context\":\"https:\/\/schema.org\",\"@graph\":[{\"@type\":\"WebPage\",\"@id\":\"https:\/\/shop.proquipgolf.eu\/de\/proquipgolf\/\",\"url\":\"https:\/\/shop.proquipgolf.eu\/de\/proquipgolf\/\",\"name\":\"PROQUIP &amp; RYDER CUP - ProQuip Golf\",\"isPartOf\":{\"@id\":\"https:\/\/shop.proquipgolf.eu\/de\/#website\"},\"primaryImageOfPage\":{\"@id\":\"https:\/\/shop.proquipgolf.eu\/de\/proquipgolf\/#primaryimage\"},\"image\":{\"@id\":\"https:\/\/shop.proquipgolf.eu\/de\/proquipgolf\/#primaryimage\"},\"thumbnailUrl\":\"https:\/\/shop.proquipgolf.eu\/wp-content\/uploads\/2025\/02\/l-to-r-Lee-Westwood-Captain-Paul-McGinley-and-Rory-McIlroy-photo-Getty-Imagesb.jpg\",\"datePublished\":\"2025-02-23T22:06:42+00:00\",\"dateModified\":\"2025-11-21T15:45:59+00:00\",\"breadcrumb\":{\"@id\":\"https:\/\/shop.proquipgolf.eu\/de\/proquipgolf\/#breadcrumb\"},\"inLanguage\":\"de\",\"potentialAction\":[{\"@type\":\"ReadAction\",\"target\":[\"https:\/\/shop.proquipgolf.eu\/de\/proquipgolf\/\"]}]},{\"@type\":\"ImageObject\",\"inLanguage\":\"de\",\"@id\":\"https:\/\/shop.proquipgolf.eu\/de\/proquipgolf\/#primaryimage\",\"url\":\"https:\/\/shop.proquipgolf.eu\/wp-content\/uploads\/2025\/02\/l-to-r-Lee-Westwood-Captain-Paul-McGinley-and-Rory-McIlroy-photo-Getty-Imagesb.jpg\",\"contentUrl\":\"https:\/\/shop.proquipgolf.eu\/wp-content\/uploads\/2025\/02\/l-to-r-Lee-Westwood-Captain-Paul-McGinley-and-Rory-McIlroy-photo-Getty-Imagesb.jpg\"},{\"@type\":\"BreadcrumbList\",\"@id\":\"https:\/\/shop.proquipgolf.eu\/de\/proquipgolf\/#breadcrumb\",\"itemListElement\":[{\"@type\":\"ListItem\",\"position\":1,\"name\":\"Dom\u016f\",\"item\":\"https:\/\/shop.proquipgolf.eu\/de\/\"},{\"@type\":\"ListItem\",\"position\":2,\"name\":\"PROQUIP &amp; RYDER CUP\"}]},{\"@type\":\"WebSite\",\"@id\":\"https:\/\/shop.proquipgolf.eu\/de\/#website\",\"url\":\"https:\/\/shop.proquipgolf.eu\/de\/\",\"name\":\"ProQuip Golf\",\"description\":\"Nejodoln\u011bj\u0161\u00ed golfov\u00e9 oble\u010den\u00ed s do\u017eivotn\u00ed garanc\u00ed\",\"potentialAction\":[{\"@type\":\"SearchAction\",\"target\":{\"@type\":\"EntryPoint\",\"urlTemplate\":\"https:\/\/shop.proquipgolf.eu\/de\/?s={search_term_string}\"},\"query-input\":{\"@type\":\"PropertyValueSpecification\",\"valueRequired\":true,\"valueName\":\"search_term_string\"}}],\"inLanguage\":\"de\"}]}<\/script>\n<!-- \/ Yoast SEO plugin. -->","yoast_head_json":{"title":"PROQUIP &amp; RYDER CUP - ProQuip Golf","robots":{"index":"index","follow":"follow","max-snippet":"max-snippet:-1","max-image-preview":"max-image-preview:large","max-video-preview":"max-video-preview:-1"},"canonical":"https:\/\/shop.proquipgolf.eu\/de\/proquipgolf\/","og_locale":"de_DE","og_type":"article","og_title":"PROQUIP &amp; RYDER CUP - ProQuip Golf","og_description":"PROQUIP GOLF Die ikonische schottische Marke ProQuip, die in der N\u00e4he des legend\u00e4ren St. Andrews geboren wurde, schreibt seit 1981 Geschichte und ist dank ihrer au\u00dfergew\u00f6hnlichen Leistung ein Synonym f\u00fcr die strapazierf\u00e4higste Golfbekleidung&#8230; und das mit einer lebenslangen Wasserdichtigkeitsgarantie. Der am l\u00e4ngsten bevorzugte Ausstatter der besten Spieler Europas und der USA beim Ryder Cup &#8211; &hellip;","og_url":"https:\/\/shop.proquipgolf.eu\/de\/proquipgolf\/","og_site_name":"ProQuip Golf","article_modified_time":"2025-11-21T15:45:59+00:00","og_image":[{"width":1024,"height":635,"url":"https:\/\/shop.proquipgolf.eu\/wp-content\/uploads\/2025\/02\/l-to-r-Lee-Westwood-Captain-Paul-McGinley-and-Rory-McIlroy-photo-Getty-Imagesb.jpg","type":"image\/jpeg"}],"twitter_card":"summary_large_image","twitter_misc":{"Gesch\u00e4tzte Lesezeit":"2\u00a0Minuten"},"schema":{"@context":"https:\/\/schema.org","@graph":[{"@type":"WebPage","@id":"https:\/\/shop.proquipgolf.eu\/de\/proquipgolf\/","url":"https:\/\/shop.proquipgolf.eu\/de\/proquipgolf\/","name":"PROQUIP &amp; RYDER CUP - ProQuip Golf","isPartOf":{"@id":"https:\/\/shop.proquipgolf.eu\/de\/#website"},"primaryImageOfPage":{"@id":"https:\/\/shop.proquipgolf.eu\/de\/proquipgolf\/#primaryimage"},"image":{"@id":"https:\/\/shop.proquipgolf.eu\/de\/proquipgolf\/#primaryimage"},"thumbnailUrl":"https:\/\/shop.proquipgolf.eu\/wp-content\/uploads\/2025\/02\/l-to-r-Lee-Westwood-Captain-Paul-McGinley-and-Rory-McIlroy-photo-Getty-Imagesb.jpg","datePublished":"2025-02-23T22:06:42+00:00","dateModified":"2025-11-21T15:45:59+00:00","breadcrumb":{"@id":"https:\/\/shop.proquipgolf.eu\/de\/proquipgolf\/#breadcrumb"},"inLanguage":"de","potentialAction":[{"@type":"ReadAction","target":["https:\/\/shop.proquipgolf.eu\/de\/proquipgolf\/"]}]},{"@type":"ImageObject","inLanguage":"de","@id":"https:\/\/shop.proquipgolf.eu\/de\/proquipgolf\/#primaryimage","url":"https:\/\/shop.proquipgolf.eu\/wp-content\/uploads\/2025\/02\/l-to-r-Lee-Westwood-Captain-Paul-McGinley-and-Rory-McIlroy-photo-Getty-Imagesb.jpg","contentUrl":"https:\/\/shop.proquipgolf.eu\/wp-content\/uploads\/2025\/02\/l-to-r-Lee-Westwood-Captain-Paul-McGinley-and-Rory-McIlroy-photo-Getty-Imagesb.jpg"},{"@type":"BreadcrumbList","@id":"https:\/\/shop.proquipgolf.eu\/de\/proquipgolf\/#breadcrumb","itemListElement":[{"@type":"ListItem","position":1,"name":"Dom\u016f","item":"https:\/\/shop.proquipgolf.eu\/de\/"},{"@type":"ListItem","position":2,"name":"PROQUIP &amp; RYDER CUP"}]},{"@type":"WebSite","@id":"https:\/\/shop.proquipgolf.eu\/de\/#website","url":"https:\/\/shop.proquipgolf.eu\/de\/","name":"ProQuip Golf","description":"Nejodoln\u011bj\u0161\u00ed golfov\u00e9 oble\u010den\u00ed s do\u017eivotn\u00ed garanc\u00ed","potentialAction":[{"@type":"SearchAction","target":{"@type":"EntryPoint","urlTemplate":"https:\/\/shop.proquipgolf.eu\/de\/?s={search_term_string}"},"query-input":{"@type":"PropertyValueSpecification","valueRequired":true,"valueName":"search_term_string"}}],"inLanguage":"de"}]}},"_links":{"self":[{"href":"https:\/\/shop.proquipgolf.eu\/de\/wp-json\/wp\/v2\/pages\/23198","targetHints":{"allow":["GET"]}}],"collection":[{"href":"https:\/\/shop.proquipgolf.eu\/de\/wp-json\/wp\/v2\/pages"}],"about":[{"href":"https:\/\/shop.proquipgolf.eu\/de\/wp-json\/wp\/v2\/types\/page"}],"author":[{"embeddable":true,"href":"https:\/\/shop.proquipgolf.eu\/de\/wp-json\/wp\/v2\/users\/6"}],"replies":[{"embeddable":true,"href":"https:\/\/shop.proquipgolf.eu\/de\/wp-json\/wp\/v2\/comments?post=23198"}],"version-history":[{"count":5,"href":"https:\/\/shop.proquipgolf.eu\/de\/wp-json\/wp\/v2\/pages\/23198\/revisions"}],"predecessor-version":[{"id":26712,"href":"https:\/\/shop.proquipgolf.eu\/de\/wp-json\/wp\/v2\/pages\/23198\/revisions\/26712"}],"wp:attachment":[{"href":"https:\/\/shop.proquipgolf.eu\/de\/wp-json\/wp\/v2\/media?parent=23198"}],"curies":[{"name":"wp","href":"https:\/\/api.w.org\/{rel}","templated":true}]}}